{"id":1028,"date":"2016-12-02T11:40:31","date_gmt":"2016-12-02T11:40:31","guid":{"rendered":"http:\/\/ecoworld.premiumthemes.in\/?page_id=1028"},"modified":"2024-04-04T10:40:37","modified_gmt":"2024-04-04T08:40:37","slug":"team","status":"publish","type":"page","link":"https:\/\/klimaneutral2035.de\/en\/team\/","title":{"rendered":"Team"},"content":{"rendered":"<div class=\"vc_row wpb_row vc_row-fluid\"><div class=\"wpb_column vc_column_container vc_col-sm-12\"><div class=\"vc_column-inner vc_custom_1474719040473\"><div class=\"wpb_wrapper\"><div  class=\"center ecoworld-heading-font\" ><div style=\"font-size:25px; color:#333333; font-weight:normal; line-height:36px;\">\n\t\t\t\t\tUnser Team\n\t\t\t\t\t<\/div><\/div><div  class=\"swmsc_custom_dividers swmsc_dividers_line2 text_align_center\" style=\"margin-top:25px;margin-bottom:0px; clear:all;\"><span style=\"max-width:40px;background-color:#90be54;\"><\/span><\/div><div  class=\"clear swmsc_gap\" style=\"margin:30px 0 0 0;\"><\/div><div  class=\"swmsc_full_width_section\" style=\" background-color:#ffffff;background-size: auto;  padding-top:0px; padding-bottom:0px; margin-top:0px; margin-bottom:0px;  \">\n\t\t\t\t\t\t<div class=\"swmsc_container\">\n\t\t\t\t\t\t\t<div class=\"vc_row wpb_row vc_inner vc_row-fluid\"><div class=\"wpb_column vc_column_container vc_col-sm-4\"><div class=\"vc_column-inner\"><div class=\"wpb_wrapper\"><div   >\n\t\t\t\t\t\t<div class=\"swmsc_team_member\">\n\t\t\t\t\t\t\t<div class=\"swmsc_team_member_content_holder\" >\n\t\t\t\t\t\t\t\t<div class=\"swmsc_team_member_img\" ><img decoding=\"async\" src=\"https:\/\/klimaneutral2035.de\/wp-content\/uploads\/18-scaled.jpg\" alt=\"\" \/><\/div>\n\t\t\t\t\t\t\t\t<div class=\"swmsc_team_member_content\" >\n\t\t\t\t\t\t\t\t\t<div class=\"swmsc_team_member_name\" style=\"font-size:20px;\">Christian Ellerhold<\/div>\n\t\t\t\t\t\t\t\t\t<p style=\"font-size:14px;\">Experte f\u00fcr Cybersecurity<\/p>\n\t\t\t\t\t\t\t\t\t<div class=\"swmsc_team_member_bio\" ><div class=\"swmsc_team_member_bio_divider\"><span><\/span><\/div>Ich habe diese Initiative gegr\u00fcndet, weil ich mehr machen wollte, als den CO<sub>2<\/sub>-Fu\u00dfabdruck meiner eigenen Familie zu optimieren. Vielen ist gar nicht bewusst, wie viel wir in Neubiberg f\u00fcr den Klimaschutz tun k\u00f6nnen. Genau das m\u00f6chte ich \u00e4ndern. Diese Initiative soll Politik und B\u00fcrger*innen f\u00fcr wirkungsvolle Klimaschutzma\u00dfnahmen sensibilisieren und die Priorit\u00e4t dauerhaft erh\u00f6hen.<div class=\"clear\"><\/div><\/div>\n\t\t\t\t\t\t\t\t\t<ul><li><a href=\"https:\/\/twitter.com\/klimaneutral35\"><i class=\"fa fa-twitter\"><\/i><\/a><\/li><li><a href=\"mailto:christian@klimaneutral2035.de\"><i class=\"fa fa-envelope\"><\/i><\/a><\/li><\/ul>\n\t\t\t\t\t\t\t\t\t<div class=\"clear\"><\/div>\n\t\t\t\t\t\t\t\t<\/div>\n\t\t\t\t\t\t\t<\/div>\n\t\t\t\t\t\t<\/div>\n\t\t\t\t\t<\/div><\/div><\/div><\/div><div class=\"wpb_column vc_column_container vc_col-sm-4\"><div class=\"vc_column-inner\"><div class=\"wpb_wrapper\"><div   >\n\t\t\t\t\t\t<div class=\"swmsc_team_member\">\n\t\t\t\t\t\t\t<div class=\"swmsc_team_member_content_holder\" >\n\t\t\t\t\t\t\t\t<div class=\"swmsc_team_member_img\" ><img decoding=\"async\" src=\"https:\/\/klimaneutral2035.de\/wp-content\/uploads\/Annika_Gehrmann_0455_KLEIN_Pass.jpg\" alt=\"\" \/><\/div>\n\t\t\t\t\t\t\t\t<div class=\"swmsc_team_member_content\" >\n\t\t\t\t\t\t\t\t\t<div class=\"swmsc_team_member_name\" style=\"font-size:20px;\">Annika Gehrmann<\/div>\n\t\t\t\t\t\t\t\t\t<p style=\"font-size:14px;\">Juristin Personalwesen<\/p>\n\t\t\t\t\t\t\t\t\t<div class=\"swmsc_team_member_bio\" ><div class=\"swmsc_team_member_bio_divider\"><span><\/span><\/div>Das Thema Klimaschutz ist seit vielen Jahren ein Herzensthema f\u00fcr mich. Neben meiner T\u00e4tigkeit als F\u00fchrungskraft und Juristin bin ich Mutter zweier T\u00f6chter und \u00fcberzeugt davon, dass wir Verantwortung tragen, f\u00fcr uns und unsere Nachkommen. Seit 2019 engagiere ich mich bei den Parents for Future, habe Demonstrationen mitorganisiert, Klimagespr\u00e4che gef\u00fchrt und vieles mehr. Die Initiative Klimaneutral2035.de wird dabei helfen, die Rahmenbedingungen f\u00fcr unser Leben als B\u00fcrger*innen in Neubiberg so zu gestalten, dass wir der Verantwortung f\u00fcr unsere Umwelt und unsere Gesellschaft gerecht werden k\u00f6nnen.<div class=\"clear\"><\/div><\/div>\n\t\t\t\t\t\t\t\t\t<ul><li><a href=\"mailto:annika@klimaneutral2035.de\"><i class=\"fa fa-envelope\"><\/i><\/a><\/li><\/ul>\n\t\t\t\t\t\t\t\t\t<div class=\"clear\"><\/div>\n\t\t\t\t\t\t\t\t<\/div>\n\t\t\t\t\t\t\t<\/div>\n\t\t\t\t\t\t<\/div>\n\t\t\t\t\t<\/div><\/div><\/div><\/div><div class=\"wpb_column vc_column_container vc_col-sm-4\"><div class=\"vc_column-inner\"><div class=\"wpb_wrapper\"><div   >\n\t\t\t\t\t\t<div class=\"swmsc_team_member\">\n\t\t\t\t\t\t\t<div class=\"swmsc_team_member_content_holder\" >\n\t\t\t\t\t\t\t\t<div class=\"swmsc_team_member_img\" ><img decoding=\"async\" src=\"https:\/\/klimaneutral2035.de\/wp-content\/uploads\/Mike_scaled-1.jpg\" alt=\"\" \/><\/div>\n\t\t\t\t\t\t\t\t<div class=\"swmsc_team_member_content\" >\n\t\t\t\t\t\t\t\t\t<div class=\"swmsc_team_member_name\" style=\"font-size:20px;\">Michael Garding<\/div>\n\t\t\t\t\t\t\t\t\t<p style=\"font-size:14px;\">Experte f\u00fcr Energiebeschaffung und Energiewirtschaft<\/p>\n\t\t\t\t\t\t\t\t\t<div class=\"swmsc_team_member_bio\" ><div class=\"swmsc_team_member_bio_divider\"><span><\/span><\/div>Als Familienvater liegen mir Themen wie Nachhaltigkeit und Umweltschutz nat\u00fcrlich am Herzen. Mit meinem Engagement bei Klimaneutral 2035 m\u00f6chte ich interessierten B\u00fcrger*innen in Neubiberg helfen f\u00fcr sich die Chance zu nutzen, ihre CO<sub>2<\/sub>-Emissionen zu verringern.<div class=\"clear\"><\/div><\/div>\n\t\t\t\t\t\t\t\t\t<ul><li><a href=\"mailto:mike@klimaneutral2035.de\"><i class=\"fa fa-envelope\"><\/i><\/a><\/li><\/ul>\n\t\t\t\t\t\t\t\t\t<div class=\"clear\"><\/div>\n\t\t\t\t\t\t\t\t<\/div>\n\t\t\t\t\t\t\t<\/div>\n\t\t\t\t\t\t<\/div>\n\t\t\t\t\t<\/div><\/div><\/div><\/div><\/div><div class=\"vc_row wpb_row vc_inner vc_row-fluid\"><div class=\"wpb_column vc_column_container vc_col-sm-4\"><div class=\"vc_column-inner\"><div class=\"wpb_wrapper\"><div   >\n\t\t\t\t\t\t<div class=\"swmsc_team_member\">\n\t\t\t\t\t\t\t<div class=\"swmsc_team_member_content_holder\" >\n\t\t\t\t\t\t\t\t<div class=\"swmsc_team_member_img\" ><img decoding=\"async\" src=\"https:\/\/klimaneutral2035.de\/wp-content\/uploads\/JensColdewey.png\" alt=\"\" \/><\/div>\n\t\t\t\t\t\t\t\t<div class=\"swmsc_team_member_content\" >\n\t\t\t\t\t\t\t\t\t<div class=\"swmsc_team_member_name\" style=\"font-size:20px;\">Jens Coldewey<\/div>\n\t\t\t\t\t\t\t\t\t<p style=\"font-size:14px;\">Agiler Unternehmensberater<\/p>\n\t\t\t\t\t\t\t\t\t<div class=\"swmsc_team_member_bio\" ><div class=\"swmsc_team_member_bio_divider\"><span><\/span><\/div>Mein erster Kontakt mit dem menschengemachten Klimawandel war ein Vortrag von Reinhard Loske, damals noch beim Wuppertal Institut f\u00fcr Klima, Umwelt, Energie, vor \u00fcber 25 Jahren. Damals sah ich zum ersten Mal die ber\u00fchmte Hockeyschl\u00e4gerkurve und den Zusammenhang zwischen CO2 Aussto\u00df und Klima. Seitdem versuche ich, meinen pers\u00f6nlichen CO2-Abdruck zu reduzieren. Durch meine Mitarbeit bei Klimaneutral 2035 m\u00f6chte ich dazu beitragen, dass wir unseren Kindern und Enkeln eine lebenswerte Welt erhalten.<div class=\"clear\"><\/div><\/div>\n\t\t\t\t\t\t\t\t\t<ul><li><a href=\"mailto:jens@klimaneutral2035.de\"><i class=\"fa fa-envelope\"><\/i><\/a><\/li><\/ul>\n\t\t\t\t\t\t\t\t\t<div class=\"clear\"><\/div>\n\t\t\t\t\t\t\t\t<\/div>\n\t\t\t\t\t\t\t<\/div>\n\t\t\t\t\t\t<\/div>\n\t\t\t\t\t<\/div><\/div><\/div><\/div><div class=\"wpb_column vc_column_container vc_col-sm-4\"><div class=\"vc_column-inner\"><div class=\"wpb_wrapper\"><\/div><\/div><\/div><div class=\"wpb_column vc_column_container vc_col-sm-4\"><div class=\"vc_column-inner\"><div class=\"wpb_wrapper\"><\/div><\/div><\/div><\/div>\n\t\t\t\t\t\t\t<div class=\"clear\"><\/div>\n\t\t\t\t\t\t<\/div>\n\t\t\t\t\t<\/div><\/div><\/div><\/div><\/div>","protected":false},"excerpt":{"rendered":"Unser Team Christian Ellerhold Experte f\u00fcr Cybersecurity Ich habe diese Initiative gegr\u00fcndet, weil ich mehr machen wollte, als den CO2-Fu\u00dfabdruck meiner eigenen Familie zu optimieren. Vielen ist gar nicht bewusst, wie viel wir in Neubiberg f\u00fcr den Klimaschutz tun k\u00f6nnen. Genau das m\u00f6chte ich \u00e4ndern. Diese Initiative soll Politik und [...]","protected":false},"author":1,"featured_media":0,"parent":0,"menu_order":0,"comment_status":"closed","ping_status":"closed","template":"templates\/100-width.php","meta":{"footnotes":""},"class_list":["post-1028","page","type-page","status-publish","hentry"],"yoast_head":"<!-- This site is optimized with the Yoast SEO plugin v27.5 - https:\/\/yoast.com\/product\/yoast-seo-wordpress\/ -->\n<title>Team - Klimaneutral 2035<\/title>\n<meta name=\"robots\" content=\"index, follow, max-snippet:-1, max-image-preview:large, max-video-preview:-1\" \/>\n<link rel=\"canonical\" href=\"https:\/\/klimaneutral2035.de\/en\/team\/\" \/>\n<meta property=\"og:locale\" content=\"en_US\" \/>\n<meta property=\"og:type\" content=\"article\" \/>\n<meta property=\"og:title\" content=\"Team - Klimaneutral 2035\" \/>\n<meta property=\"og:url\" content=\"https:\/\/klimaneutral2035.de\/en\/team\/\" \/>\n<meta property=\"og:site_name\" content=\"Klimaneutral 2035\" \/>\n<meta property=\"article:publisher\" content=\"https:\/\/www.facebook.com\/Klimaneutral-2035\" \/>\n<meta property=\"article:modified_time\" content=\"2024-04-04T08:40:37+00:00\" \/>\n<meta name=\"twitter:card\" content=\"summary_large_image\" \/>\n<meta name=\"twitter:site\" content=\"@Klimaneutral35\" \/>\n<meta name=\"twitter:label1\" content=\"Est. reading time\" \/>\n\t<meta name=\"twitter:data1\" content=\"3 minutes\" \/>\n<script type=\"application\/ld+json\" class=\"yoast-schema-graph\">{\"@context\":\"https:\\\/\\\/schema.org\",\"@graph\":[{\"@type\":\"WebPage\",\"@id\":\"https:\\\/\\\/klimaneutral2035.de\\\/team\\\/\",\"url\":\"https:\\\/\\\/klimaneutral2035.de\\\/team\\\/\",\"name\":\"Team - Klimaneutral 2035\",\"isPartOf\":{\"@id\":\"https:\\\/\\\/klimaneutral2035.de\\\/#website\"},\"datePublished\":\"2016-12-02T11:40:31+00:00\",\"dateModified\":\"2024-04-04T08:40:37+00:00\",\"breadcrumb\":{\"@id\":\"https:\\\/\\\/klimaneutral2035.de\\\/team\\\/#breadcrumb\"},\"inLanguage\":\"en-US\",\"potentialAction\":[{\"@type\":\"ReadAction\",\"target\":[\"https:\\\/\\\/klimaneutral2035.de\\\/team\\\/\"]}]},{\"@type\":\"BreadcrumbList\",\"@id\":\"https:\\\/\\\/klimaneutral2035.de\\\/team\\\/#breadcrumb\",\"itemListElement\":[{\"@type\":\"ListItem\",\"position\":1,\"name\":\"Startseite\",\"item\":\"https:\\\/\\\/klimaneutral2035.de\\\/\"},{\"@type\":\"ListItem\",\"position\":2,\"name\":\"Team\"}]},{\"@type\":\"WebSite\",\"@id\":\"https:\\\/\\\/klimaneutral2035.de\\\/#website\",\"url\":\"https:\\\/\\\/klimaneutral2035.de\\\/\",\"name\":\"Klimaneutral 2035\",\"description\":\"Eine Initiative f\u00fcr Neubiberg\",\"publisher\":{\"@id\":\"https:\\\/\\\/klimaneutral2035.de\\\/#organization\"},\"potentialAction\":[{\"@type\":\"SearchAction\",\"target\":{\"@type\":\"EntryPoint\",\"urlTemplate\":\"https:\\\/\\\/klimaneutral2035.de\\\/?s={search_term_string}\"},\"query-input\":{\"@type\":\"PropertyValueSpecification\",\"valueRequired\":true,\"valueName\":\"search_term_string\"}}],\"inLanguage\":\"en-US\"},{\"@type\":\"Organization\",\"@id\":\"https:\\\/\\\/klimaneutral2035.de\\\/#organization\",\"name\":\"Klimaneutral 2035\",\"url\":\"https:\\\/\\\/klimaneutral2035.de\\\/\",\"logo\":{\"@type\":\"ImageObject\",\"inLanguage\":\"en-US\",\"@id\":\"https:\\\/\\\/klimaneutral2035.de\\\/#\\\/schema\\\/logo\\\/image\\\/\",\"url\":\"https:\\\/\\\/klimaneutral2035.de\\\/wp-content\\\/uploads\\\/cropped-favicon.png\",\"contentUrl\":\"https:\\\/\\\/klimaneutral2035.de\\\/wp-content\\\/uploads\\\/cropped-favicon.png\",\"width\":512,\"height\":512,\"caption\":\"Klimaneutral 2035\"},\"image\":{\"@id\":\"https:\\\/\\\/klimaneutral2035.de\\\/#\\\/schema\\\/logo\\\/image\\\/\"},\"sameAs\":[\"https:\\\/\\\/www.facebook.com\\\/Klimaneutral-2035\",\"https:\\\/\\\/x.com\\\/Klimaneutral35\",\"https:\\\/\\\/www.instagram.com\\\/klimaneutral_2035\"]}]}<\/script>\n<!-- \/ Yoast SEO plugin. -->","yoast_head_json":{"title":"Team - Klimaneutral 2035","robots":{"index":"index","follow":"follow","max-snippet":"max-snippet:-1","max-image-preview":"max-image-preview:large","max-video-preview":"max-video-preview:-1"},"canonical":"https:\/\/klimaneutral2035.de\/en\/team\/","og_locale":"en_US","og_type":"article","og_title":"Team - Klimaneutral 2035","og_url":"https:\/\/klimaneutral2035.de\/en\/team\/","og_site_name":"Klimaneutral 2035","article_publisher":"https:\/\/www.facebook.com\/Klimaneutral-2035","article_modified_time":"2024-04-04T08:40:37+00:00","twitter_card":"summary_large_image","twitter_site":"@Klimaneutral35","twitter_misc":{"Est. reading time":"3 minutes"},"schema":{"@context":"https:\/\/schema.org","@graph":[{"@type":"WebPage","@id":"https:\/\/klimaneutral2035.de\/team\/","url":"https:\/\/klimaneutral2035.de\/team\/","name":"Team - Klimaneutral 2035","isPartOf":{"@id":"https:\/\/klimaneutral2035.de\/#website"},"datePublished":"2016-12-02T11:40:31+00:00","dateModified":"2024-04-04T08:40:37+00:00","breadcrumb":{"@id":"https:\/\/klimaneutral2035.de\/team\/#breadcrumb"},"inLanguage":"en-US","potentialAction":[{"@type":"ReadAction","target":["https:\/\/klimaneutral2035.de\/team\/"]}]},{"@type":"BreadcrumbList","@id":"https:\/\/klimaneutral2035.de\/team\/#breadcrumb","itemListElement":[{"@type":"ListItem","position":1,"name":"Startseite","item":"https:\/\/klimaneutral2035.de\/"},{"@type":"ListItem","position":2,"name":"Team"}]},{"@type":"WebSite","@id":"https:\/\/klimaneutral2035.de\/#website","url":"https:\/\/klimaneutral2035.de\/","name":"Klimaneutral 2035","description":"Eine Initiative f\u00fcr Neubiberg","publisher":{"@id":"https:\/\/klimaneutral2035.de\/#organization"},"potentialAction":[{"@type":"SearchAction","target":{"@type":"EntryPoint","urlTemplate":"https:\/\/klimaneutral2035.de\/?s={search_term_string}"},"query-input":{"@type":"PropertyValueSpecification","valueRequired":true,"valueName":"search_term_string"}}],"inLanguage":"en-US"},{"@type":"Organization","@id":"https:\/\/klimaneutral2035.de\/#organization","name":"Klimaneutral 2035","url":"https:\/\/klimaneutral2035.de\/","logo":{"@type":"ImageObject","inLanguage":"en-US","@id":"https:\/\/klimaneutral2035.de\/#\/schema\/logo\/image\/","url":"https:\/\/klimaneutral2035.de\/wp-content\/uploads\/cropped-favicon.png","contentUrl":"https:\/\/klimaneutral2035.de\/wp-content\/uploads\/cropped-favicon.png","width":512,"height":512,"caption":"Klimaneutral 2035"},"image":{"@id":"https:\/\/klimaneutral2035.de\/#\/schema\/logo\/image\/"},"sameAs":["https:\/\/www.facebook.com\/Klimaneutral-2035","https:\/\/x.com\/Klimaneutral35","https:\/\/www.instagram.com\/klimaneutral_2035"]}]}},"_links":{"self":[{"href":"https:\/\/klimaneutral2035.de\/en\/wp-json\/wp\/v2\/pages\/1028","targetHints":{"allow":["GET"]}}],"collection":[{"href":"https:\/\/klimaneutral2035.de\/en\/wp-json\/wp\/v2\/pages"}],"about":[{"href":"https:\/\/klimaneutral2035.de\/en\/wp-json\/wp\/v2\/types\/page"}],"author":[{"embeddable":true,"href":"https:\/\/klimaneutral2035.de\/en\/wp-json\/wp\/v2\/users\/1"}],"replies":[{"embeddable":true,"href":"https:\/\/klimaneutral2035.de\/en\/wp-json\/wp\/v2\/comments?post=1028"}],"version-history":[{"count":10,"href":"https:\/\/klimaneutral2035.de\/en\/wp-json\/wp\/v2\/pages\/1028\/revisions"}],"predecessor-version":[{"id":4805,"href":"https:\/\/klimaneutral2035.de\/en\/wp-json\/wp\/v2\/pages\/1028\/revisions\/4805"}],"wp:attachment":[{"href":"https:\/\/klimaneutral2035.de\/en\/wp-json\/wp\/v2\/media?parent=1028"}],"curies":[{"name":"wp","href":"https:\/\/api.w.org\/{rel}","templated":true}]}}