{"id":1652,"date":"2020-07-18T18:27:16","date_gmt":"2020-07-18T18:27:16","guid":{"rendered":"https:\/\/klimaneutral2035.de\/?page_id=1652"},"modified":"2023-06-30T20:22:09","modified_gmt":"2023-06-30T18:22:09","slug":"unsere-forderungen","status":"publish","type":"page","link":"https:\/\/klimaneutral2035.de\/en\/unsere-forderungen\/","title":{"rendered":"Our Demands"},"content":{"rendered":"<div class=\"vc_row wpb_row vc_row-fluid\"><div class=\"wpb_column vc_column_container vc_col-sm-12\"><div class=\"vc_column-inner\"><div class=\"wpb_wrapper\">\n\t<div class=\"wpb_text_column wpb_content_element\" >\n\t\t<div class=\"wpb_wrapper\">\n\t\t\t\n\t\t<\/div>\n\t<\/div>\n<\/div><\/div><\/div><\/div><div class=\"vc_row wpb_row vc_row-fluid\"><div class=\"wpb_column vc_column_container vc_col-sm-12\"><div class=\"vc_column-inner\"><div class=\"wpb_wrapper\"><div  class=\"clear swmsc_gap\" style=\"margin:-40px 0 0 0;\"><\/div><blockquote  class=\"summary demands\" ><p>\n<ul>\n<li>Political decision on the goal of climate neutrality in the community by 2035<\/li>\n<li>Recruiting of a climate protection manager<\/li>\n<li>Establishment of a municipal energy management system<\/li>\n<li>Preparation of an Integrated Climate Protection and Climate Adaptation Concept (IKKK) with the clear goal of being climate neutral by 2035.\n<ul>\n<li>Early involvement of all relevant municipal stakeholders<\/li>\n<li>As-is analysis with CO2<sub>2<\/sub> - and energy balancing<\/li>\n<li>Analysis of potentials for energy efficiency and use of renewable energies<\/li>\n<li>Action plan (incl. action plan, funding, CO<sub>2<\/sub> -savings, actors and target groups, individual action steps and time frame, controlling).<\/li>\n<\/ul>\n<\/li>\n<li>Full transparency of data and implementation<\/li>\n<li>Significantly increased public relations work for climate protection<\/li>\n<\/ul>\n<\/p><\/blockquote><\/div><\/div><\/div><\/div><div class=\"vc_row wpb_row vc_row-fluid\"><div class=\"wpb_column vc_column_container vc_col-sm-12\"><div class=\"vc_column-inner\"><div class=\"wpb_wrapper\"><div  class=\"clear swmsc_gap\" style=\"margin:30px 0 0 0;\"><\/div><div  class=\"swmsc_toggle_box\"  data-id=\"open\" >\n\t\t\t\t\t\t<span class=\"swmsc_toggle_box_title\"><span class=\"swmsc_toggle_box_title_icon\"><i class=\"fa fa-lightbulb-o\"><\/i><\/span><span class=\"swmsc_toggle_box_title_text\">Short explanation<i class=\"fa fa-plus-square-o openclose\"><\/i><i class=\"fa fa-minus-square-o openclose\"><\/i><\/span><\/span>\n\t\t\t\t\t\t<div class=\"swmsc_toggle_box_inner\">\n\t\t\t\t\t\t\t\n<p><span style=\"color: #b5b5b5; font-size: 0.9em; float: right;\"><i class=\"fa fa-bookmark-o\" style=\"margin-right: 6px;\"><\/i> 2 min Lesezeit<\/span><\/p>\n<p>Our demands are derived directly from the goals and the underlying motivation: First of all, we need a political decision - in other words, the conviction and the will to achieve the goal of climate neutrality by 2035.<\/p>\n<p>The municipality needs the resources and expertise to develop a plan for climate neutrality by 2035. The best option for this is a climate protection manager - either internal or external.<\/p>\n<p>The next step is to determine exactly how far we are from the target by collecting current emissions data as accurately as possible.<\/p>\n<p>This is followed by the development of the action plan, which identifies potential for savings and replacements, defines measures and their costs, and brings everything together in a project plan with clean project management.<\/p>\n<p>Relevant community stakeholders should be involved and there should be transparency at all times about how far implementation has progressed.<\/p>\n<p>Throughout the process, all stakeholders must constantly work on public communication, promoting the goals and communicating progress.<\/p>\n<p>Here we have made <a href=\"https:\/\/klimaneutral2035.de\/en\/sofortmassnahmen\/\"><u>a few suggestions for immediate measures<\/u><\/a> that do not require long planning and quickly lead to the reduction of CO2 emissions.<sub>2<\/sub> Emissionen f\u00fchren.<\/p>\n\n\t\t\t\t\t\t<\/div>\n\t\t\t\t\t<\/div><div  class=\"clear swmsc_gap\" style=\"margin:30px 0 0 0;\"><\/div><\/div><\/div><\/div><\/div><div class=\"vc_row wpb_row vc_row-fluid\"><div class=\"wpb_column vc_column_container vc_col-sm-12\"><div class=\"vc_column-inner\"><div class=\"wpb_wrapper\"><div  class=\"swmsc_toggle_box\"  data-id=\"closed\" >\n\t\t\t\t\t\t<span class=\"swmsc_toggle_box_title\"><span class=\"swmsc_toggle_box_title_icon\"><i class=\"fa fa-empire\"><\/i><\/span><span class=\"swmsc_toggle_box_title_text\">Ausf\u00fchrliche Erkl\u00e4rung<i class=\"fa fa-plus-square-o openclose\"><\/i><i class=\"fa fa-minus-square-o openclose\"><\/i><\/span><\/span>\n\t\t\t\t\t\t<div class=\"swmsc_toggle_box_inner\">\n\t\t\t\t\t\t\tAn der ausf\u00fchrlichen Erkl\u00e4rung arbeiten wir noch.\n\t\t\t\t\t\t<\/div>\n\t\t\t\t\t<\/div><\/div><\/div><\/div><\/div>","protected":false},"excerpt":{"rendered":"Politischer Beschluss \u00fcber das Ziel einer kommunalen Klimaneutralit\u00e4t bis 2035 Einstellung eines gef\u00f6rderten Klimaschutzmanagers (KSM) Aufbau eines kommunalen Energiemanagements Erstellung eines Integriertes Klimaschutz- und Klimaanpassungskonzept (IKKK) mit dem klaren Ziel 2035 Klimaneutral zu sein. Fr\u00fchzeitiger Einbeziehung aller relevanten kommunalen Akteure Ist-Analyse mit CO2 \u2013 und Energiebilanzierung Analyse von Potenzialen f\u00fcr [...]","protected":false},"author":1,"featured_media":0,"parent":0,"menu_order":0,"comment_status":"closed","ping_status":"closed","template":"","meta":{"footnotes":""},"class_list":["post-1652","page","type-page","status-publish","hentry"],"yoast_head":"<!-- This site is optimized with the Yoast SEO plugin v27.3 - https:\/\/yoast.com\/product\/yoast-seo-wordpress\/ -->\n<title>Unsere Forderungen - Klimaneutral 2035<\/title>\n<meta name=\"robots\" content=\"index, follow, max-snippet:-1, max-image-preview:large, max-video-preview:-1\" \/>\n<link rel=\"canonical\" href=\"https:\/\/klimaneutral2035.de\/en\/unsere-forderungen\/\" \/>\n<meta property=\"og:locale\" content=\"en_US\" \/>\n<meta property=\"og:type\" content=\"article\" \/>\n<meta property=\"og:title\" content=\"Unsere Forderungen - Klimaneutral 2035\" \/>\n<meta property=\"og:url\" content=\"https:\/\/klimaneutral2035.de\/en\/unsere-forderungen\/\" \/>\n<meta property=\"og:site_name\" content=\"Klimaneutral 2035\" \/>\n<meta property=\"article:publisher\" content=\"https:\/\/www.facebook.com\/Klimaneutral-2035\" \/>\n<meta property=\"article:modified_time\" content=\"2023-06-30T18:22:09+00:00\" \/>\n<meta name=\"twitter:card\" content=\"summary_large_image\" \/>\n<meta name=\"twitter:site\" content=\"@Klimaneutral35\" \/>\n<meta name=\"twitter:label1\" content=\"Est. reading time\" \/>\n\t<meta name=\"twitter:data1\" content=\"2 minutes\" \/>\n<script type=\"application\/ld+json\" class=\"yoast-schema-graph\">{\"@context\":\"https:\\\/\\\/schema.org\",\"@graph\":[{\"@type\":\"WebPage\",\"@id\":\"https:\\\/\\\/klimaneutral2035.de\\\/unsere-forderungen\\\/\",\"url\":\"https:\\\/\\\/klimaneutral2035.de\\\/unsere-forderungen\\\/\",\"name\":\"Unsere Forderungen - Klimaneutral 2035\",\"isPartOf\":{\"@id\":\"https:\\\/\\\/klimaneutral2035.de\\\/#website\"},\"datePublished\":\"2020-07-18T18:27:16+00:00\",\"dateModified\":\"2023-06-30T18:22:09+00:00\",\"breadcrumb\":{\"@id\":\"https:\\\/\\\/klimaneutral2035.de\\\/unsere-forderungen\\\/#breadcrumb\"},\"inLanguage\":\"en-US\",\"potentialAction\":[{\"@type\":\"ReadAction\",\"target\":[\"https:\\\/\\\/klimaneutral2035.de\\\/unsere-forderungen\\\/\"]}]},{\"@type\":\"BreadcrumbList\",\"@id\":\"https:\\\/\\\/klimaneutral2035.de\\\/unsere-forderungen\\\/#breadcrumb\",\"itemListElement\":[{\"@type\":\"ListItem\",\"position\":1,\"name\":\"Startseite\",\"item\":\"https:\\\/\\\/klimaneutral2035.de\\\/\"},{\"@type\":\"ListItem\",\"position\":2,\"name\":\"Unsere Forderungen\"}]},{\"@type\":\"WebSite\",\"@id\":\"https:\\\/\\\/klimaneutral2035.de\\\/#website\",\"url\":\"https:\\\/\\\/klimaneutral2035.de\\\/\",\"name\":\"Klimaneutral 2035\",\"description\":\"Eine Initiative f\u00fcr Neubiberg\",\"publisher\":{\"@id\":\"https:\\\/\\\/klimaneutral2035.de\\\/#organization\"},\"potentialAction\":[{\"@type\":\"SearchAction\",\"target\":{\"@type\":\"EntryPoint\",\"urlTemplate\":\"https:\\\/\\\/klimaneutral2035.de\\\/?s={search_term_string}\"},\"query-input\":{\"@type\":\"PropertyValueSpecification\",\"valueRequired\":true,\"valueName\":\"search_term_string\"}}],\"inLanguage\":\"en-US\"},{\"@type\":\"Organization\",\"@id\":\"https:\\\/\\\/klimaneutral2035.de\\\/#organization\",\"name\":\"Klimaneutral 2035\",\"url\":\"https:\\\/\\\/klimaneutral2035.de\\\/\",\"logo\":{\"@type\":\"ImageObject\",\"inLanguage\":\"en-US\",\"@id\":\"https:\\\/\\\/klimaneutral2035.de\\\/#\\\/schema\\\/logo\\\/image\\\/\",\"url\":\"https:\\\/\\\/klimaneutral2035.de\\\/wp-content\\\/uploads\\\/cropped-favicon.png\",\"contentUrl\":\"https:\\\/\\\/klimaneutral2035.de\\\/wp-content\\\/uploads\\\/cropped-favicon.png\",\"width\":512,\"height\":512,\"caption\":\"Klimaneutral 2035\"},\"image\":{\"@id\":\"https:\\\/\\\/klimaneutral2035.de\\\/#\\\/schema\\\/logo\\\/image\\\/\"},\"sameAs\":[\"https:\\\/\\\/www.facebook.com\\\/Klimaneutral-2035\",\"https:\\\/\\\/x.com\\\/Klimaneutral35\",\"https:\\\/\\\/www.instagram.com\\\/klimaneutral_2035\"]}]}<\/script>\n<!-- \/ Yoast SEO plugin. -->","yoast_head_json":{"title":"Unsere Forderungen - Klimaneutral 2035","robots":{"index":"index","follow":"follow","max-snippet":"max-snippet:-1","max-image-preview":"max-image-preview:large","max-video-preview":"max-video-preview:-1"},"canonical":"https:\/\/klimaneutral2035.de\/en\/unsere-forderungen\/","og_locale":"en_US","og_type":"article","og_title":"Unsere Forderungen - Klimaneutral 2035","og_url":"https:\/\/klimaneutral2035.de\/en\/unsere-forderungen\/","og_site_name":"Klimaneutral 2035","article_publisher":"https:\/\/www.facebook.com\/Klimaneutral-2035","article_modified_time":"2023-06-30T18:22:09+00:00","twitter_card":"summary_large_image","twitter_site":"@Klimaneutral35","twitter_misc":{"Est. reading time":"2 minutes"},"schema":{"@context":"https:\/\/schema.org","@graph":[{"@type":"WebPage","@id":"https:\/\/klimaneutral2035.de\/unsere-forderungen\/","url":"https:\/\/klimaneutral2035.de\/unsere-forderungen\/","name":"Unsere Forderungen - Klimaneutral 2035","isPartOf":{"@id":"https:\/\/klimaneutral2035.de\/#website"},"datePublished":"2020-07-18T18:27:16+00:00","dateModified":"2023-06-30T18:22:09+00:00","breadcrumb":{"@id":"https:\/\/klimaneutral2035.de\/unsere-forderungen\/#breadcrumb"},"inLanguage":"en-US","potentialAction":[{"@type":"ReadAction","target":["https:\/\/klimaneutral2035.de\/unsere-forderungen\/"]}]},{"@type":"BreadcrumbList","@id":"https:\/\/klimaneutral2035.de\/unsere-forderungen\/#breadcrumb","itemListElement":[{"@type":"ListItem","position":1,"name":"Startseite","item":"https:\/\/klimaneutral2035.de\/"},{"@type":"ListItem","position":2,"name":"Unsere Forderungen"}]},{"@type":"WebSite","@id":"https:\/\/klimaneutral2035.de\/#website","url":"https:\/\/klimaneutral2035.de\/","name":"Klimaneutral 2035","description":"Eine Initiative f\u00fcr Neubiberg","publisher":{"@id":"https:\/\/klimaneutral2035.de\/#organization"},"potentialAction":[{"@type":"SearchAction","target":{"@type":"EntryPoint","urlTemplate":"https:\/\/klimaneutral2035.de\/?s={search_term_string}"},"query-input":{"@type":"PropertyValueSpecification","valueRequired":true,"valueName":"search_term_string"}}],"inLanguage":"en-US"},{"@type":"Organization","@id":"https:\/\/klimaneutral2035.de\/#organization","name":"Klimaneutral 2035","url":"https:\/\/klimaneutral2035.de\/","logo":{"@type":"ImageObject","inLanguage":"en-US","@id":"https:\/\/klimaneutral2035.de\/#\/schema\/logo\/image\/","url":"https:\/\/klimaneutral2035.de\/wp-content\/uploads\/cropped-favicon.png","contentUrl":"https:\/\/klimaneutral2035.de\/wp-content\/uploads\/cropped-favicon.png","width":512,"height":512,"caption":"Klimaneutral 2035"},"image":{"@id":"https:\/\/klimaneutral2035.de\/#\/schema\/logo\/image\/"},"sameAs":["https:\/\/www.facebook.com\/Klimaneutral-2035","https:\/\/x.com\/Klimaneutral35","https:\/\/www.instagram.com\/klimaneutral_2035"]}]}},"_links":{"self":[{"href":"https:\/\/klimaneutral2035.de\/en\/wp-json\/wp\/v2\/pages\/1652","targetHints":{"allow":["GET"]}}],"collection":[{"href":"https:\/\/klimaneutral2035.de\/en\/wp-json\/wp\/v2\/pages"}],"about":[{"href":"https:\/\/klimaneutral2035.de\/en\/wp-json\/wp\/v2\/types\/page"}],"author":[{"embeddable":true,"href":"https:\/\/klimaneutral2035.de\/en\/wp-json\/wp\/v2\/users\/1"}],"replies":[{"embeddable":true,"href":"https:\/\/klimaneutral2035.de\/en\/wp-json\/wp\/v2\/comments?post=1652"}],"version-history":[{"count":10,"href":"https:\/\/klimaneutral2035.de\/en\/wp-json\/wp\/v2\/pages\/1652\/revisions"}],"predecessor-version":[{"id":4581,"href":"https:\/\/klimaneutral2035.de\/en\/wp-json\/wp\/v2\/pages\/1652\/revisions\/4581"}],"wp:attachment":[{"href":"https:\/\/klimaneutral2035.de\/en\/wp-json\/wp\/v2\/media?parent=1652"}],"curies":[{"name":"wp","href":"https:\/\/api.w.org\/{rel}","templated":true}]}}