{"id":1656,"date":"2020-07-18T18:28:44","date_gmt":"2020-07-18T18:28:44","guid":{"rendered":"https:\/\/klimaneutral2035.de\/?page_id=1656"},"modified":"2020-09-18T21:21:43","modified_gmt":"2020-09-18T19:21:43","slug":"unsere-aufgaben","status":"publish","type":"page","link":"https:\/\/klimaneutral2035.de\/en\/unsere-aufgaben\/","title":{"rendered":"Our Tasks"},"content":{"rendered":"<div class=\"vc_row wpb_row vc_row-fluid\"><div class=\"wpb_column vc_column_container vc_col-sm-12\"><div class=\"vc_column-inner\"><div class=\"wpb_wrapper\"><div  class=\"clear swmsc_gap\" style=\"margin:-40px 0 0 0;\"><\/div><blockquote  class=\"summary tasks\" ><p>We support citizens, businesses, schools, municipal administration and municipal council to achieve <a href=\"https:\/\/klimaneutral2035.de\/en\/unsere-ziele\/\">the goal<\/a> of climate neutrality.<\/p>\n<p>We participate in public relations work to explain the consequences of climate change to as many people as possible and to promote the necessary measures and the benefits of the energy transition.<\/p>\n<p>With the expertise of experienced members, we help citizens reduce their <a href=\"https:\/\/klimaneutral2035.de\/en\/co2-fusabdruck-verbessern\/\">CO<sub>2<\/sub>- footprint<\/a> and show them ways to drive the energy transition.<\/p><\/blockquote><\/div><\/div><\/div><\/div><div class=\"vc_row wpb_row vc_row-fluid\"><div class=\"wpb_column vc_column_container vc_col-sm-12\"><div class=\"vc_column-inner\"><div class=\"wpb_wrapper\"><div  class=\"clear swmsc_gap\" style=\"margin:30px 0 0 0;\"><\/div><div  class=\"swmsc_toggle_box\"  data-id=\"open\" >\n\t\t\t\t\t\t<span class=\"swmsc_toggle_box_title\"><span class=\"swmsc_toggle_box_title_icon\"><i class=\"fa fa-lightbulb-o\"><\/i><\/span><span class=\"swmsc_toggle_box_title_text\">Short explanation<i class=\"fa fa-plus-square-o openclose\"><\/i><i class=\"fa fa-minus-square-o openclose\"><\/i><\/span><\/span>\n\t\t\t\t\t\t<div class=\"swmsc_toggle_box_inner\">\n\t\t\t\t\t\t\t<span style=\"color: #b5b5b5; font-size: 0.9em; float: right;\"><i class=\"fa fa-bookmark-o\" style=\"margin-right: 6px;\"><\/i> 1 min Lesezeit<\/span><\/p>\n<p>A central idea is that this initiative should be more than just a community of interests that makes political demands. Politicians must create the framework conditions for climate neutrality, but citizens must also accept them. This initiative should help to reach as many citizens as possible and explain to them the background, possibilities and advantages. Ideally, it should support with expertise, engage with public relations in all areas and help to reduce the individual CO<sub>2<\/sub>- footprint and advance the energy transition. One building block is this website.<\/p>\n<p>&nbsp;<\/p>\n\n\t\t\t\t\t\t<\/div>\n\t\t\t\t\t<\/div><div  class=\"clear swmsc_gap\" style=\"margin:30px 0 0 0;\"><\/div><\/div><\/div><\/div><\/div><div class=\"vc_row wpb_row vc_row-fluid\"><div class=\"wpb_column vc_column_container vc_col-sm-12\"><div class=\"vc_column-inner\"><div class=\"wpb_wrapper\"><div  class=\"swmsc_toggle_box\"  data-id=\"closed\" >\n\t\t\t\t\t\t<span class=\"swmsc_toggle_box_title\"><span class=\"swmsc_toggle_box_title_icon\"><i class=\"fa fa-empire\"><\/i><\/span><span class=\"swmsc_toggle_box_title_text\">Ausf\u00fchrliche Erkl\u00e4rung<i class=\"fa fa-plus-square-o openclose\"><\/i><i class=\"fa fa-minus-square-o openclose\"><\/i><\/span><\/span>\n\t\t\t\t\t\t<div class=\"swmsc_toggle_box_inner\">\n\t\t\t\t\t\t\tAn der ausf\u00fchrlichen Erkl\u00e4rung arbeiten wir noch.\n\t\t\t\t\t\t<\/div>\n\t\t\t\t\t<\/div><\/div><\/div><\/div><\/div>","protected":false},"excerpt":{"rendered":"Wir unterst\u00fctzen B\u00fcrger*innen, Gewerbe, Schulen, Gemeindeverwaltung und Gemeinderat das Ziel der Klimaneutralit\u00e4t zu erreichen. Wir beteiligen uns an der \u00d6ffentlichkeitsarbeit, um m\u00f6glichst vielen Menschen die Folgen des Klimawandels zu erkl\u00e4ren und um f\u00fcr die notwendigen Ma\u00dfnahmen und f\u00fcr die Vorteile der Energiewende zu werben. Mit der Expertise erfahrener Mitglieder helfen [...]","protected":false},"author":1,"featured_media":0,"parent":0,"menu_order":0,"comment_status":"closed","ping_status":"closed","template":"","meta":{"footnotes":""},"class_list":["post-1656","page","type-page","status-publish","hentry"],"yoast_head":"<!-- This site is optimized with the Yoast SEO plugin v27.5 - https:\/\/yoast.com\/product\/yoast-seo-wordpress\/ -->\n<title>Unsere Aufgaben - Klimaneutral 2035<\/title>\n<meta name=\"robots\" content=\"index, follow, max-snippet:-1, max-image-preview:large, max-video-preview:-1\" \/>\n<link rel=\"canonical\" href=\"https:\/\/klimaneutral2035.de\/en\/unsere-aufgaben\/\" \/>\n<meta property=\"og:locale\" content=\"en_US\" \/>\n<meta property=\"og:type\" content=\"article\" \/>\n<meta property=\"og:title\" content=\"Unsere Aufgaben - Klimaneutral 2035\" \/>\n<meta property=\"og:url\" content=\"https:\/\/klimaneutral2035.de\/en\/unsere-aufgaben\/\" \/>\n<meta property=\"og:site_name\" content=\"Klimaneutral 2035\" \/>\n<meta property=\"article:publisher\" content=\"https:\/\/www.facebook.com\/Klimaneutral-2035\" \/>\n<meta property=\"article:modified_time\" content=\"2020-09-18T19:21:43+00:00\" \/>\n<meta name=\"twitter:card\" content=\"summary_large_image\" \/>\n<meta name=\"twitter:site\" content=\"@Klimaneutral35\" \/>\n<meta name=\"twitter:label1\" content=\"Est. reading time\" \/>\n\t<meta name=\"twitter:data1\" content=\"1 minute\" \/>\n<script type=\"application\/ld+json\" class=\"yoast-schema-graph\">{\"@context\":\"https:\\\/\\\/schema.org\",\"@graph\":[{\"@type\":\"WebPage\",\"@id\":\"https:\\\/\\\/klimaneutral2035.de\\\/unsere-aufgaben\\\/\",\"url\":\"https:\\\/\\\/klimaneutral2035.de\\\/unsere-aufgaben\\\/\",\"name\":\"Unsere Aufgaben - Klimaneutral 2035\",\"isPartOf\":{\"@id\":\"https:\\\/\\\/klimaneutral2035.de\\\/#website\"},\"datePublished\":\"2020-07-18T18:28:44+00:00\",\"dateModified\":\"2020-09-18T19:21:43+00:00\",\"breadcrumb\":{\"@id\":\"https:\\\/\\\/klimaneutral2035.de\\\/unsere-aufgaben\\\/#breadcrumb\"},\"inLanguage\":\"en-US\",\"potentialAction\":[{\"@type\":\"ReadAction\",\"target\":[\"https:\\\/\\\/klimaneutral2035.de\\\/unsere-aufgaben\\\/\"]}]},{\"@type\":\"BreadcrumbList\",\"@id\":\"https:\\\/\\\/klimaneutral2035.de\\\/unsere-aufgaben\\\/#breadcrumb\",\"itemListElement\":[{\"@type\":\"ListItem\",\"position\":1,\"name\":\"Startseite\",\"item\":\"https:\\\/\\\/klimaneutral2035.de\\\/\"},{\"@type\":\"ListItem\",\"position\":2,\"name\":\"Unsere Aufgaben\"}]},{\"@type\":\"WebSite\",\"@id\":\"https:\\\/\\\/klimaneutral2035.de\\\/#website\",\"url\":\"https:\\\/\\\/klimaneutral2035.de\\\/\",\"name\":\"Klimaneutral 2035\",\"description\":\"Eine Initiative f\u00fcr Neubiberg\",\"publisher\":{\"@id\":\"https:\\\/\\\/klimaneutral2035.de\\\/#organization\"},\"potentialAction\":[{\"@type\":\"SearchAction\",\"target\":{\"@type\":\"EntryPoint\",\"urlTemplate\":\"https:\\\/\\\/klimaneutral2035.de\\\/?s={search_term_string}\"},\"query-input\":{\"@type\":\"PropertyValueSpecification\",\"valueRequired\":true,\"valueName\":\"search_term_string\"}}],\"inLanguage\":\"en-US\"},{\"@type\":\"Organization\",\"@id\":\"https:\\\/\\\/klimaneutral2035.de\\\/#organization\",\"name\":\"Klimaneutral 2035\",\"url\":\"https:\\\/\\\/klimaneutral2035.de\\\/\",\"logo\":{\"@type\":\"ImageObject\",\"inLanguage\":\"en-US\",\"@id\":\"https:\\\/\\\/klimaneutral2035.de\\\/#\\\/schema\\\/logo\\\/image\\\/\",\"url\":\"https:\\\/\\\/klimaneutral2035.de\\\/wp-content\\\/uploads\\\/cropped-favicon.png\",\"contentUrl\":\"https:\\\/\\\/klimaneutral2035.de\\\/wp-content\\\/uploads\\\/cropped-favicon.png\",\"width\":512,\"height\":512,\"caption\":\"Klimaneutral 2035\"},\"image\":{\"@id\":\"https:\\\/\\\/klimaneutral2035.de\\\/#\\\/schema\\\/logo\\\/image\\\/\"},\"sameAs\":[\"https:\\\/\\\/www.facebook.com\\\/Klimaneutral-2035\",\"https:\\\/\\\/x.com\\\/Klimaneutral35\",\"https:\\\/\\\/www.instagram.com\\\/klimaneutral_2035\"]}]}<\/script>\n<!-- \/ Yoast SEO plugin. -->","yoast_head_json":{"title":"Unsere Aufgaben - Klimaneutral 2035","robots":{"index":"index","follow":"follow","max-snippet":"max-snippet:-1","max-image-preview":"max-image-preview:large","max-video-preview":"max-video-preview:-1"},"canonical":"https:\/\/klimaneutral2035.de\/en\/unsere-aufgaben\/","og_locale":"en_US","og_type":"article","og_title":"Unsere Aufgaben - Klimaneutral 2035","og_url":"https:\/\/klimaneutral2035.de\/en\/unsere-aufgaben\/","og_site_name":"Klimaneutral 2035","article_publisher":"https:\/\/www.facebook.com\/Klimaneutral-2035","article_modified_time":"2020-09-18T19:21:43+00:00","twitter_card":"summary_large_image","twitter_site":"@Klimaneutral35","twitter_misc":{"Est. reading time":"1 minute"},"schema":{"@context":"https:\/\/schema.org","@graph":[{"@type":"WebPage","@id":"https:\/\/klimaneutral2035.de\/unsere-aufgaben\/","url":"https:\/\/klimaneutral2035.de\/unsere-aufgaben\/","name":"Unsere Aufgaben - Klimaneutral 2035","isPartOf":{"@id":"https:\/\/klimaneutral2035.de\/#website"},"datePublished":"2020-07-18T18:28:44+00:00","dateModified":"2020-09-18T19:21:43+00:00","breadcrumb":{"@id":"https:\/\/klimaneutral2035.de\/unsere-aufgaben\/#breadcrumb"},"inLanguage":"en-US","potentialAction":[{"@type":"ReadAction","target":["https:\/\/klimaneutral2035.de\/unsere-aufgaben\/"]}]},{"@type":"BreadcrumbList","@id":"https:\/\/klimaneutral2035.de\/unsere-aufgaben\/#breadcrumb","itemListElement":[{"@type":"ListItem","position":1,"name":"Startseite","item":"https:\/\/klimaneutral2035.de\/"},{"@type":"ListItem","position":2,"name":"Unsere Aufgaben"}]},{"@type":"WebSite","@id":"https:\/\/klimaneutral2035.de\/#website","url":"https:\/\/klimaneutral2035.de\/","name":"Klimaneutral 2035","description":"Eine Initiative f\u00fcr Neubiberg","publisher":{"@id":"https:\/\/klimaneutral2035.de\/#organization"},"potentialAction":[{"@type":"SearchAction","target":{"@type":"EntryPoint","urlTemplate":"https:\/\/klimaneutral2035.de\/?s={search_term_string}"},"query-input":{"@type":"PropertyValueSpecification","valueRequired":true,"valueName":"search_term_string"}}],"inLanguage":"en-US"},{"@type":"Organization","@id":"https:\/\/klimaneutral2035.de\/#organization","name":"Klimaneutral 2035","url":"https:\/\/klimaneutral2035.de\/","logo":{"@type":"ImageObject","inLanguage":"en-US","@id":"https:\/\/klimaneutral2035.de\/#\/schema\/logo\/image\/","url":"https:\/\/klimaneutral2035.de\/wp-content\/uploads\/cropped-favicon.png","contentUrl":"https:\/\/klimaneutral2035.de\/wp-content\/uploads\/cropped-favicon.png","width":512,"height":512,"caption":"Klimaneutral 2035"},"image":{"@id":"https:\/\/klimaneutral2035.de\/#\/schema\/logo\/image\/"},"sameAs":["https:\/\/www.facebook.com\/Klimaneutral-2035","https:\/\/x.com\/Klimaneutral35","https:\/\/www.instagram.com\/klimaneutral_2035"]}]}},"_links":{"self":[{"href":"https:\/\/klimaneutral2035.de\/en\/wp-json\/wp\/v2\/pages\/1656","targetHints":{"allow":["GET"]}}],"collection":[{"href":"https:\/\/klimaneutral2035.de\/en\/wp-json\/wp\/v2\/pages"}],"about":[{"href":"https:\/\/klimaneutral2035.de\/en\/wp-json\/wp\/v2\/types\/page"}],"author":[{"embeddable":true,"href":"https:\/\/klimaneutral2035.de\/en\/wp-json\/wp\/v2\/users\/1"}],"replies":[{"embeddable":true,"href":"https:\/\/klimaneutral2035.de\/en\/wp-json\/wp\/v2\/comments?post=1656"}],"version-history":[{"count":3,"href":"https:\/\/klimaneutral2035.de\/en\/wp-json\/wp\/v2\/pages\/1656\/revisions"}],"predecessor-version":[{"id":1841,"href":"https:\/\/klimaneutral2035.de\/en\/wp-json\/wp\/v2\/pages\/1656\/revisions\/1841"}],"wp:attachment":[{"href":"https:\/\/klimaneutral2035.de\/en\/wp-json\/wp\/v2\/media?parent=1656"}],"curies":[{"name":"wp","href":"https:\/\/api.w.org\/{rel}","templated":true}]}}