{"id":1726,"date":"2020-08-26T10:23:11","date_gmt":"2020-08-26T10:23:11","guid":{"rendered":"https:\/\/klimaneutral2035.de\/?page_id=1726"},"modified":"2020-10-06T08:49:23","modified_gmt":"2020-10-06T06:49:23","slug":"registrierung","status":"publish","type":"page","link":"https:\/\/klimaneutral2035.de\/en\/registrierung\/","title":{"rendered":"Registrierung"},"content":{"rendered":"<p><strong>Deine Registrierung war erfolgreich. Vielen Dank f\u00fcr deine Unterst\u00fctzung!<\/strong><\/p>\n\n\n<p>Am meisten kannst du uns jetzt helfen, wenn du anderen von der Initiative erz\u00e4hlst und sie davon \u00fcberzeugst, sich ebenfalls einzutragen. Denn je mehr wir sind, desto gr\u00f6\u00dfer ist der Anreiz f\u00fcr die Politik, aber auch f\u00fcr unsere Mitb\u00fcrger, die notwendigen Hebel in Bewegung zu setzen, um diese Ziele zu erreichen.<\/p>\n<p><!-- \/wp:post-content --><!-- wp:paragraph --><\/p>\n<p>Wenn du wissen willst, was du noch machen kannst, schau dir die folgenden M\u00f6glichkeiten an:<\/p>\n<p><!-- \/wp:paragraph --><!-- wp:paragraph --><\/p>\n<p>2. <a href=\"https:\/\/klimaneutral2035.de\/en\/co2-fusabdruck-verbessern\/\" data-type=\"page\" data-id=\"1666\"><span class=\"has-inline-color\" style=\"color: #90be54;\">CO<sub>2<\/sub>Reduce CO2 footprint<\/span><\/a><\/p>\n<p><!-- \/wp:paragraph --><!-- wp:paragraph --><\/p>\n<p>3. <a href=\"https:\/\/klimaneutral2035.de\/en\/energiewende-beschleunigen\/\" data-type=\"page\" data-id=\"1669\"><span class=\"has-inline-color\" style=\"color: #90be54;\">Accelerate Energy Transition<\/span><\/a><\/p>\n<p><!-- \/wp:paragraph --><!-- wp:paragraph --><\/p>\n<p>4. <a href=\"https:\/\/klimaneutral2035.de\/en\/mitmachen\/\" data-type=\"page\" data-id=\"1671\"><span class=\"has-inline-color\" style=\"color: #90be54;\">Participate<\/span><\/a><\/p>","protected":false},"excerpt":{"rendered":"<p>Deine Registrierung war erfolgreich. Vielen Dank f\u00fcr deine Unterst\u00fctzung! Am meisten kannst du uns jetzt helfen, wenn du anderen von der Initiative erz\u00e4hlst und sie davon \u00fcberzeugst, sich ebenfalls einzutragen. Denn je mehr wir sind, desto gr\u00f6\u00dfer ist der Anreiz f\u00fcr die Politik, aber auch f\u00fcr unsere Mitb\u00fcrger, die notwendigen [&hellip;]<\/p>\n","protected":false},"author":1,"featured_media":0,"parent":0,"menu_order":0,"comment_status":"closed","ping_status":"closed","template":"","meta":{"footnotes":""},"class_list":["post-1726","page","type-page","status-publish","hentry"],"yoast_head":"<!-- This site is optimized with the Yoast SEO plugin v27.4 - https:\/\/yoast.com\/product\/yoast-seo-wordpress\/ -->\n<title>Registrierung - Klimaneutral 2035<\/title>\n<meta name=\"robots\" content=\"index, follow, max-snippet:-1, max-image-preview:large, max-video-preview:-1\" \/>\n<link rel=\"canonical\" href=\"https:\/\/klimaneutral2035.de\/en\/registrierung\/\" \/>\n<meta property=\"og:locale\" content=\"en_US\" \/>\n<meta property=\"og:type\" content=\"article\" \/>\n<meta property=\"og:title\" content=\"Registrierung - Klimaneutral 2035\" \/>\n<meta property=\"og:description\" content=\"Deine Registrierung war erfolgreich. Vielen Dank f\u00fcr deine Unterst\u00fctzung! Am meisten kannst du uns jetzt helfen, wenn du anderen von der Initiative erz\u00e4hlst und sie davon \u00fcberzeugst, sich ebenfalls einzutragen. Denn je mehr wir sind, desto gr\u00f6\u00dfer ist der Anreiz f\u00fcr die Politik, aber auch f\u00fcr unsere Mitb\u00fcrger, die notwendigen [&hellip;]\" \/>\n<meta property=\"og:url\" content=\"https:\/\/klimaneutral2035.de\/en\/registrierung\/\" \/>\n<meta property=\"og:site_name\" content=\"Klimaneutral 2035\" \/>\n<meta property=\"article:publisher\" content=\"https:\/\/www.facebook.com\/Klimaneutral-2035\" \/>\n<meta property=\"article:modified_time\" content=\"2020-10-06T06:49:23+00:00\" \/>\n<meta name=\"twitter:card\" content=\"summary_large_image\" \/>\n<meta name=\"twitter:site\" content=\"@Klimaneutral35\" \/>\n<script type=\"application\/ld+json\" class=\"yoast-schema-graph\">{\"@context\":\"https:\\\/\\\/schema.org\",\"@graph\":[{\"@type\":\"WebPage\",\"@id\":\"https:\\\/\\\/klimaneutral2035.de\\\/registrierung\\\/\",\"url\":\"https:\\\/\\\/klimaneutral2035.de\\\/registrierung\\\/\",\"name\":\"Registrierung - Klimaneutral 2035\",\"isPartOf\":{\"@id\":\"https:\\\/\\\/klimaneutral2035.de\\\/#website\"},\"datePublished\":\"2020-08-26T10:23:11+00:00\",\"dateModified\":\"2020-10-06T06:49:23+00:00\",\"breadcrumb\":{\"@id\":\"https:\\\/\\\/klimaneutral2035.de\\\/registrierung\\\/#breadcrumb\"},\"inLanguage\":\"en-US\",\"potentialAction\":[{\"@type\":\"ReadAction\",\"target\":[\"https:\\\/\\\/klimaneutral2035.de\\\/registrierung\\\/\"]}]},{\"@type\":\"BreadcrumbList\",\"@id\":\"https:\\\/\\\/klimaneutral2035.de\\\/registrierung\\\/#breadcrumb\",\"itemListElement\":[{\"@type\":\"ListItem\",\"position\":1,\"name\":\"Startseite\",\"item\":\"https:\\\/\\\/klimaneutral2035.de\\\/\"},{\"@type\":\"ListItem\",\"position\":2,\"name\":\"Registrierung\"}]},{\"@type\":\"WebSite\",\"@id\":\"https:\\\/\\\/klimaneutral2035.de\\\/#website\",\"url\":\"https:\\\/\\\/klimaneutral2035.de\\\/\",\"name\":\"Klimaneutral 2035\",\"description\":\"Eine Initiative f\u00fcr Neubiberg\",\"publisher\":{\"@id\":\"https:\\\/\\\/klimaneutral2035.de\\\/#organization\"},\"potentialAction\":[{\"@type\":\"SearchAction\",\"target\":{\"@type\":\"EntryPoint\",\"urlTemplate\":\"https:\\\/\\\/klimaneutral2035.de\\\/?s={search_term_string}\"},\"query-input\":{\"@type\":\"PropertyValueSpecification\",\"valueRequired\":true,\"valueName\":\"search_term_string\"}}],\"inLanguage\":\"en-US\"},{\"@type\":\"Organization\",\"@id\":\"https:\\\/\\\/klimaneutral2035.de\\\/#organization\",\"name\":\"Klimaneutral 2035\",\"url\":\"https:\\\/\\\/klimaneutral2035.de\\\/\",\"logo\":{\"@type\":\"ImageObject\",\"inLanguage\":\"en-US\",\"@id\":\"https:\\\/\\\/klimaneutral2035.de\\\/#\\\/schema\\\/logo\\\/image\\\/\",\"url\":\"https:\\\/\\\/klimaneutral2035.de\\\/wp-content\\\/uploads\\\/cropped-favicon.png\",\"contentUrl\":\"https:\\\/\\\/klimaneutral2035.de\\\/wp-content\\\/uploads\\\/cropped-favicon.png\",\"width\":512,\"height\":512,\"caption\":\"Klimaneutral 2035\"},\"image\":{\"@id\":\"https:\\\/\\\/klimaneutral2035.de\\\/#\\\/schema\\\/logo\\\/image\\\/\"},\"sameAs\":[\"https:\\\/\\\/www.facebook.com\\\/Klimaneutral-2035\",\"https:\\\/\\\/x.com\\\/Klimaneutral35\",\"https:\\\/\\\/www.instagram.com\\\/klimaneutral_2035\"]}]}<\/script>\n<!-- \/ Yoast SEO plugin. -->","yoast_head_json":{"title":"Registrierung - Klimaneutral 2035","robots":{"index":"index","follow":"follow","max-snippet":"max-snippet:-1","max-image-preview":"max-image-preview:large","max-video-preview":"max-video-preview:-1"},"canonical":"https:\/\/klimaneutral2035.de\/en\/registrierung\/","og_locale":"en_US","og_type":"article","og_title":"Registrierung - Klimaneutral 2035","og_description":"Deine Registrierung war erfolgreich. Vielen Dank f\u00fcr deine Unterst\u00fctzung! Am meisten kannst du uns jetzt helfen, wenn du anderen von der Initiative erz\u00e4hlst und sie davon \u00fcberzeugst, sich ebenfalls einzutragen. Denn je mehr wir sind, desto gr\u00f6\u00dfer ist der Anreiz f\u00fcr die Politik, aber auch f\u00fcr unsere Mitb\u00fcrger, die notwendigen [&hellip;]","og_url":"https:\/\/klimaneutral2035.de\/en\/registrierung\/","og_site_name":"Klimaneutral 2035","article_publisher":"https:\/\/www.facebook.com\/Klimaneutral-2035","article_modified_time":"2020-10-06T06:49:23+00:00","twitter_card":"summary_large_image","twitter_site":"@Klimaneutral35","schema":{"@context":"https:\/\/schema.org","@graph":[{"@type":"WebPage","@id":"https:\/\/klimaneutral2035.de\/registrierung\/","url":"https:\/\/klimaneutral2035.de\/registrierung\/","name":"Registrierung - Klimaneutral 2035","isPartOf":{"@id":"https:\/\/klimaneutral2035.de\/#website"},"datePublished":"2020-08-26T10:23:11+00:00","dateModified":"2020-10-06T06:49:23+00:00","breadcrumb":{"@id":"https:\/\/klimaneutral2035.de\/registrierung\/#breadcrumb"},"inLanguage":"en-US","potentialAction":[{"@type":"ReadAction","target":["https:\/\/klimaneutral2035.de\/registrierung\/"]}]},{"@type":"BreadcrumbList","@id":"https:\/\/klimaneutral2035.de\/registrierung\/#breadcrumb","itemListElement":[{"@type":"ListItem","position":1,"name":"Startseite","item":"https:\/\/klimaneutral2035.de\/"},{"@type":"ListItem","position":2,"name":"Registrierung"}]},{"@type":"WebSite","@id":"https:\/\/klimaneutral2035.de\/#website","url":"https:\/\/klimaneutral2035.de\/","name":"Klimaneutral 2035","description":"Eine Initiative f\u00fcr Neubiberg","publisher":{"@id":"https:\/\/klimaneutral2035.de\/#organization"},"potentialAction":[{"@type":"SearchAction","target":{"@type":"EntryPoint","urlTemplate":"https:\/\/klimaneutral2035.de\/?s={search_term_string}"},"query-input":{"@type":"PropertyValueSpecification","valueRequired":true,"valueName":"search_term_string"}}],"inLanguage":"en-US"},{"@type":"Organization","@id":"https:\/\/klimaneutral2035.de\/#organization","name":"Klimaneutral 2035","url":"https:\/\/klimaneutral2035.de\/","logo":{"@type":"ImageObject","inLanguage":"en-US","@id":"https:\/\/klimaneutral2035.de\/#\/schema\/logo\/image\/","url":"https:\/\/klimaneutral2035.de\/wp-content\/uploads\/cropped-favicon.png","contentUrl":"https:\/\/klimaneutral2035.de\/wp-content\/uploads\/cropped-favicon.png","width":512,"height":512,"caption":"Klimaneutral 2035"},"image":{"@id":"https:\/\/klimaneutral2035.de\/#\/schema\/logo\/image\/"},"sameAs":["https:\/\/www.facebook.com\/Klimaneutral-2035","https:\/\/x.com\/Klimaneutral35","https:\/\/www.instagram.com\/klimaneutral_2035"]}]}},"_links":{"self":[{"href":"https:\/\/klimaneutral2035.de\/en\/wp-json\/wp\/v2\/pages\/1726","targetHints":{"allow":["GET"]}}],"collection":[{"href":"https:\/\/klimaneutral2035.de\/en\/wp-json\/wp\/v2\/pages"}],"about":[{"href":"https:\/\/klimaneutral2035.de\/en\/wp-json\/wp\/v2\/types\/page"}],"author":[{"embeddable":true,"href":"https:\/\/klimaneutral2035.de\/en\/wp-json\/wp\/v2\/users\/1"}],"replies":[{"embeddable":true,"href":"https:\/\/klimaneutral2035.de\/en\/wp-json\/wp\/v2\/comments?post=1726"}],"version-history":[{"count":5,"href":"https:\/\/klimaneutral2035.de\/en\/wp-json\/wp\/v2\/pages\/1726\/revisions"}],"predecessor-version":[{"id":1929,"href":"https:\/\/klimaneutral2035.de\/en\/wp-json\/wp\/v2\/pages\/1726\/revisions\/1929"}],"wp:attachment":[{"href":"https:\/\/klimaneutral2035.de\/en\/wp-json\/wp\/v2\/media?parent=1726"}],"curies":[{"name":"wp","href":"https:\/\/api.w.org\/{rel}","templated":true}]}}