{"id":2124,"date":"2021-01-02T07:13:16","date_gmt":"2021-01-02T06:13:16","guid":{"rendered":"https:\/\/klimaneutral2035.de\/?page_id=2124"},"modified":"2021-03-04T17:24:41","modified_gmt":"2021-03-04T16:24:41","slug":"photovoltaik-faq","status":"publish","type":"page","link":"https:\/\/klimaneutral2035.de\/en\/10-schritte-zur-photovoltaik-anlage\/photovoltaik-faq\/","title":{"rendered":"Photovoltaik FAQ"},"content":{"rendered":"<div class=\"vc_row wpb_row vc_row-fluid\"><div class=\"wpb_column vc_column_container vc_col-sm-12\"><div class=\"vc_column-inner\"><div class=\"wpb_wrapper\">\n\t<div class=\"wpb_text_column wpb_content_element\" >\n\t\t<div class=\"wpb_wrapper\">\n\t\t\t<p>Es gibt viele Fragen zu und auch einige Vorurteile gegen\u00fcber Photovoltaik-Anlagen (PV-Anlage) und Batteriespeicher. Hier versuchen wir die wichtigsten zu beantworten.<\/p>\n<p>Wer lieber etwas h\u00f6ren m\u00f6chte, als zu lesen, kann sich den passenden <a href=\"https:\/\/dasisteinegutefrage.de\/solaranlage-dach-voll\" target=\"_blank\" rel=\"noopener noreferrer\">Podcast von Volker Quaschning<\/a> anh\u00f6ren, er ist Professor f\u00fcr Regenerative Energiesysteme an der HTW Berlin.<\/p>\n<p>&nbsp;<\/p>\n\n\t\t<\/div>\n\t<\/div>\n<div  class=\"swmsc_toggle_box\"  data-id=\"closed\" >\n\t\t\t\t\t\t<span class=\"swmsc_toggle_box_title\"><span class=\"swmsc_toggle_box_title_icon\"><i class=\"fa fa-eur\"><\/i><\/span><span class=\"swmsc_toggle_box_title_text\">Lohnt sich eine Photovoltaik-Anlage?<i class=\"fa fa-plus-square-o openclose\"><\/i><i class=\"fa fa-minus-square-o openclose\"><\/i><\/span><\/span>\n\t\t\t\t\t\t<div class=\"swmsc_toggle_box_inner\">\n\t\t\t\t\t\t\t\r\n<p> Das h\u00e4ngt immer von der individuellen Situation ab, aber in vielen Situationen ist dies der Fall. Wir schreiben in unserem PV-Guide ausf\u00fchrlich, was f\u00fcr die Wirtschaftlicheit der Anlage zu beachten ist. Durch die F\u00f6rderung der Gemeinde amortisiert sich die Anlage dann noch fr\u00fcher.\u00a0 <\/p>\r\n\n\t\t\t\t\t\t<\/div>\n\t\t\t\t\t<\/div><div  class=\"swmsc_toggle_box\"  data-id=\"closed\" >\n\t\t\t\t\t\t<span class=\"swmsc_toggle_box_title\"><span class=\"swmsc_toggle_box_title_icon\"><i class=\"fa fa-leaf\"><\/i><\/span><span class=\"swmsc_toggle_box_title_text\">Verursacht eine PV-Anlage mehr CO2 als sie einspart?<i class=\"fa fa-plus-square-o openclose\"><\/i><i class=\"fa fa-minus-square-o openclose\"><\/i><\/span><\/span>\n\t\t\t\t\t\t<div class=\"swmsc_toggle_box_inner\">\n\t\t\t\t\t\t\t\r\n<p>Nein,<\/p>\r\n<p>der CO2 Ausstoss durch die Produktion einer PV-Anlage hat sich in der Regel nach 1-2 Jahren ausgeglichen. PV-Anlagen haben mittlerweile eine Lebenszeit von 25 Jahren und mehr.<\/p>\r\n<p>Mehr Informationen dazu gibt es beim <a href=\"https:\/\/www.ise.fraunhofer.de\/de\/veroeffentlichungen\/studien\/aktuelle-fakten-zur-photovoltaik-in-deutschland.html#faq_faqitem_1272693440-answer\" target=\"_blank\" rel=\"noopener noreferrer\">Fraunhofer-Institut f\u00fcr Solare Energiesysteme ISE<\/a>.<\/p>\r\n\n\t\t\t\t\t\t<\/div>\n\t\t\t\t\t<\/div><div  class=\"swmsc_toggle_box\"  data-id=\"closed\" >\n\t\t\t\t\t\t<span class=\"swmsc_toggle_box_title\"><span class=\"swmsc_toggle_box_title_icon\"><i class=\"fa fa-fire-extinguisher\"><\/i><\/span><span class=\"swmsc_toggle_box_title_text\">Erh\u00f6hen PV-Anlagen das Brandrisiko?<i class=\"fa fa-plus-square-o openclose\"><\/i><i class=\"fa fa-minus-square-o openclose\"><\/i><\/span><\/span>\n\t\t\t\t\t\t<div class=\"swmsc_toggle_box_inner\">\n\t\t\t\t\t\t\t\r\n<p>\r\n<p>Mehr Informationen dazu gibt es beim <a href=\"https:\/\/www.ise.fraunhofer.de\/de\/veroeffentlichungen\/studien\/aktuelle-fakten-zur-photovoltaik-in-deutschland.html#faq_faqitem_640681192-answer\" target=\"_blank\" rel=\"noopener noreferrer\">Fraunhofer-Institut f\u00fcr Solare Energiesysteme ISE<\/a>.<\/p>\r\n<\/p>\r\n\n\t\t\t\t\t\t<\/div>\n\t\t\t\t\t<\/div><div  class=\"swmsc_toggle_box\"  data-id=\"closed\" >\n\t\t\t\t\t\t<span class=\"swmsc_toggle_box_title\"><span class=\"swmsc_toggle_box_title_icon\"><i class=\"fa fa-arrows-h\"><\/i><\/span><span class=\"swmsc_toggle_box_title_text\">Welche Abstandsregeln gelten f\u00fcr PV-Anlagen?<i class=\"fa fa-plus-square-o openclose\"><\/i><i class=\"fa fa-minus-square-o openclose\"><\/i><\/span><\/span>\n\t\t\t\t\t\t<div class=\"swmsc_toggle_box_inner\">\n\t\t\t\t\t\t\t\r\n<p>\r\n<p>Nach <a href=\"https:\/\/www.gesetze-bayern.de\/Content\/Document\/BayBO-30\" target=\"_blank\" rel=\"noopener noreferrer\">Artikel 30 (5) der Bayersiche Bauordnung<\/a> muss eine PV-Anlage einen Abstand von 1,25m von Brandschutzw\u00e4nden haben oder 0,5m wenn sie aus nichtbrennbaren Baustoffen bestehen. Brandschutzw\u00e4nde wiederum sind Vorschrift bei <strong>real-geteilten<\/strong> <strong>Reihenh\u00e4usern<\/strong>.<\/p>\r\n<p>Auch die <a href=\"https:\/\/www.neubiberg.de\/de\/Rathaus-Service\/Ortsplanung-Bauen\/Bauen-in-Neubiberg\" target=\"_blank\" rel=\"noopener noreferrer\">Richtlinie zur Dachgestaltung in Neubiberg<\/a> sieht noch Einschr\u00e4nkungen f\u00fcr <strong>PV-Anlagen Aufst\u00e4nderungen und Flachd\u00e4chern<\/strong> vor:<\/p>\r\n<ul>\r\n<li>Aufgest\u00e4nderte Anlagen sind nur bei Flachd\u00e4chern zul\u00e4ssig<\/li>\r\n<li>bei Flachd\u00e4chern von der Geb\u00e4udeau\u00dfenwand um die H\u00f6he ihrer Aufst\u00e4nderung, mind. 0,50 m zur\u00fcckzusetzen, d\u00fcrfen die Firsth\u00f6he um max. 1,2 m \u00fcberragen<\/li>\r\n<li>sonst in gleicher Neigung wie das Dach<\/li>\r\n<\/ul>\r\n<\/p>\r\n\n\t\t\t\t\t\t<\/div>\n\t\t\t\t\t<\/div><div  class=\"swmsc_toggle_box\"  data-id=\"closed\" >\n\t\t\t\t\t\t<span class=\"swmsc_toggle_box_title\"><span class=\"swmsc_toggle_box_title_icon\"><i class=\"fa fa-bolt\"><\/i><\/span><span class=\"swmsc_toggle_box_title_text\">Verursacht eine PV-Anlage Elektrosmog?<i class=\"fa fa-plus-square-o openclose\"><\/i><i class=\"fa fa-minus-square-o openclose\"><\/i><\/span><\/span>\n\t\t\t\t\t\t<div class=\"swmsc_toggle_box_inner\">\n\t\t\t\t\t\t\t\r\n<p> Alle elektrischen Ger\u00e4te verursachen elektromagnetische Strahlung, also auch PV-Anlagen. Allerdings sind diese nicht \u00fcberdurchschnittlich stark und in der Regel deutlich weiter weg, als andere elektrische Ger\u00e4te im Haushalt.<\/p>\r\n<p>Hier gibt es eine<a href=\"https:\/\/www.photovoltaik-web.de\/photovoltaik\/in-betrieb\/strahlung-elektrosmog-pv\" target=\"_blank\" rel=\"noopener noreferrer\"> ausf\u00fchrlichere physikalische Erkl\u00e4rung<\/a> dazu.<\/p>\r\n<\/p>\r\n\n\t\t\t\t\t\t<\/div>\n\t\t\t\t\t<\/div><div  class=\"swmsc_toggle_box\"  data-id=\"closed\" >\n\t\t\t\t\t\t<span class=\"swmsc_toggle_box_title\"><span class=\"swmsc_toggle_box_title_icon\"><i class=\"fa fa-diamond\"><\/i><\/span><span class=\"swmsc_toggle_box_title_text\">Werden in PV-Anlage Seltene Erden verwendet?<i class=\"fa fa-plus-square-o openclose\"><\/i><i class=\"fa fa-minus-square-o openclose\"><\/i><\/span><\/span>\n\t\t\t\t\t\t<div class=\"swmsc_toggle_box_inner\">\n\t\t\t\t\t\t\t\r\n<p> Nein,<\/p>\r\n<p>die Zellen bestehen im Wesentlichen aus Silizium, Aluminium und Silber.<\/p>\r\n<p>Mehr dazu gibt es beim <a href=\"https:\/\/www.ise.fraunhofer.de\/de\/veroeffentlichungen\/studien\/aktuelle-fakten-zur-photovoltaik-in-deutschland.html#faq_faqitem_1733747085-answer\" target=\"_blank\" rel=\"noopener noreferrer\">Fraunhofer-Institut f\u00fcr Solare Energiesysteme ISE<\/a>.<\/p>\r\n<\/p>\r\n\n\t\t\t\t\t\t<\/div>\n\t\t\t\t\t<\/div><\/div><\/div><\/div><\/div>","protected":false},"excerpt":{"rendered":"Es gibt viele Fragen zu und auch einige Vorurteile gegen\u00fcber Photovoltaik-Anlagen (PV-Anlage) und Batteriespeicher. Hier versuchen wir die wichtigsten zu beantworten. Wer lieber etwas h\u00f6ren m\u00f6chte, als zu lesen, kann sich den passenden Podcast von Volker Quaschning anh\u00f6ren, er ist Professor f\u00fcr Regenerative Energiesysteme an der HTW Berlin. &nbsp; Lohnt [...]","protected":false},"author":1,"featured_media":0,"parent":2064,"menu_order":0,"comment_status":"closed","ping_status":"closed","template":"","meta":{"footnotes":""},"class_list":["post-2124","page","type-page","status-publish","hentry"],"yoast_head":"<!-- This site is optimized with the Yoast SEO plugin v27.4 - https:\/\/yoast.com\/product\/yoast-seo-wordpress\/ -->\n<title>Photovoltaik FAQ - Klimaneutral 2035<\/title>\n<meta name=\"robots\" content=\"index, follow, max-snippet:-1, max-image-preview:large, max-video-preview:-1\" \/>\n<link rel=\"canonical\" href=\"https:\/\/klimaneutral2035.de\/en\/10-schritte-zur-photovoltaik-anlage\/photovoltaik-faq\/\" \/>\n<meta property=\"og:locale\" content=\"en_US\" \/>\n<meta property=\"og:type\" content=\"article\" \/>\n<meta property=\"og:title\" content=\"Photovoltaik FAQ - Klimaneutral 2035\" \/>\n<meta property=\"og:url\" content=\"https:\/\/klimaneutral2035.de\/en\/10-schritte-zur-photovoltaik-anlage\/photovoltaik-faq\/\" \/>\n<meta property=\"og:site_name\" content=\"Klimaneutral 2035\" \/>\n<meta property=\"article:publisher\" content=\"https:\/\/www.facebook.com\/Klimaneutral-2035\" \/>\n<meta property=\"article:modified_time\" content=\"2021-03-04T16:24:41+00:00\" \/>\n<meta name=\"twitter:card\" content=\"summary_large_image\" \/>\n<meta name=\"twitter:site\" content=\"@Klimaneutral35\" \/>\n<meta name=\"twitter:label1\" content=\"Est. reading time\" \/>\n\t<meta name=\"twitter:data1\" content=\"2 minutes\" \/>\n<script type=\"application\/ld+json\" class=\"yoast-schema-graph\">{\"@context\":\"https:\\\/\\\/schema.org\",\"@graph\":[{\"@type\":\"WebPage\",\"@id\":\"https:\\\/\\\/klimaneutral2035.de\\\/10-schritte-zur-photovoltaik-anlage\\\/photovoltaik-faq\\\/\",\"url\":\"https:\\\/\\\/klimaneutral2035.de\\\/10-schritte-zur-photovoltaik-anlage\\\/photovoltaik-faq\\\/\",\"name\":\"Photovoltaik FAQ - Klimaneutral 2035\",\"isPartOf\":{\"@id\":\"https:\\\/\\\/klimaneutral2035.de\\\/#website\"},\"datePublished\":\"2021-01-02T06:13:16+00:00\",\"dateModified\":\"2021-03-04T16:24:41+00:00\",\"breadcrumb\":{\"@id\":\"https:\\\/\\\/klimaneutral2035.de\\\/10-schritte-zur-photovoltaik-anlage\\\/photovoltaik-faq\\\/#breadcrumb\"},\"inLanguage\":\"en-US\",\"potentialAction\":[{\"@type\":\"ReadAction\",\"target\":[\"https:\\\/\\\/klimaneutral2035.de\\\/10-schritte-zur-photovoltaik-anlage\\\/photovoltaik-faq\\\/\"]}]},{\"@type\":\"BreadcrumbList\",\"@id\":\"https:\\\/\\\/klimaneutral2035.de\\\/10-schritte-zur-photovoltaik-anlage\\\/photovoltaik-faq\\\/#breadcrumb\",\"itemListElement\":[{\"@type\":\"ListItem\",\"position\":1,\"name\":\"Startseite\",\"item\":\"https:\\\/\\\/klimaneutral2035.de\\\/\"},{\"@type\":\"ListItem\",\"position\":2,\"name\":\"10 Schritte zur Photovoltaik-Anlage\",\"item\":\"https:\\\/\\\/klimaneutral2035.de\\\/10-schritte-zur-photovoltaik-anlage\\\/\"},{\"@type\":\"ListItem\",\"position\":3,\"name\":\"Photovoltaik FAQ\"}]},{\"@type\":\"WebSite\",\"@id\":\"https:\\\/\\\/klimaneutral2035.de\\\/#website\",\"url\":\"https:\\\/\\\/klimaneutral2035.de\\\/\",\"name\":\"Klimaneutral 2035\",\"description\":\"Eine Initiative f\u00fcr Neubiberg\",\"publisher\":{\"@id\":\"https:\\\/\\\/klimaneutral2035.de\\\/#organization\"},\"potentialAction\":[{\"@type\":\"SearchAction\",\"target\":{\"@type\":\"EntryPoint\",\"urlTemplate\":\"https:\\\/\\\/klimaneutral2035.de\\\/?s={search_term_string}\"},\"query-input\":{\"@type\":\"PropertyValueSpecification\",\"valueRequired\":true,\"valueName\":\"search_term_string\"}}],\"inLanguage\":\"en-US\"},{\"@type\":\"Organization\",\"@id\":\"https:\\\/\\\/klimaneutral2035.de\\\/#organization\",\"name\":\"Klimaneutral 2035\",\"url\":\"https:\\\/\\\/klimaneutral2035.de\\\/\",\"logo\":{\"@type\":\"ImageObject\",\"inLanguage\":\"en-US\",\"@id\":\"https:\\\/\\\/klimaneutral2035.de\\\/#\\\/schema\\\/logo\\\/image\\\/\",\"url\":\"https:\\\/\\\/klimaneutral2035.de\\\/wp-content\\\/uploads\\\/cropped-favicon.png\",\"contentUrl\":\"https:\\\/\\\/klimaneutral2035.de\\\/wp-content\\\/uploads\\\/cropped-favicon.png\",\"width\":512,\"height\":512,\"caption\":\"Klimaneutral 2035\"},\"image\":{\"@id\":\"https:\\\/\\\/klimaneutral2035.de\\\/#\\\/schema\\\/logo\\\/image\\\/\"},\"sameAs\":[\"https:\\\/\\\/www.facebook.com\\\/Klimaneutral-2035\",\"https:\\\/\\\/x.com\\\/Klimaneutral35\",\"https:\\\/\\\/www.instagram.com\\\/klimaneutral_2035\"]}]}<\/script>\n<!-- \/ Yoast SEO plugin. -->","yoast_head_json":{"title":"Photovoltaik FAQ - Klimaneutral 2035","robots":{"index":"index","follow":"follow","max-snippet":"max-snippet:-1","max-image-preview":"max-image-preview:large","max-video-preview":"max-video-preview:-1"},"canonical":"https:\/\/klimaneutral2035.de\/en\/10-schritte-zur-photovoltaik-anlage\/photovoltaik-faq\/","og_locale":"en_US","og_type":"article","og_title":"Photovoltaik FAQ - Klimaneutral 2035","og_url":"https:\/\/klimaneutral2035.de\/en\/10-schritte-zur-photovoltaik-anlage\/photovoltaik-faq\/","og_site_name":"Klimaneutral 2035","article_publisher":"https:\/\/www.facebook.com\/Klimaneutral-2035","article_modified_time":"2021-03-04T16:24:41+00:00","twitter_card":"summary_large_image","twitter_site":"@Klimaneutral35","twitter_misc":{"Est. reading time":"2 minutes"},"schema":{"@context":"https:\/\/schema.org","@graph":[{"@type":"WebPage","@id":"https:\/\/klimaneutral2035.de\/10-schritte-zur-photovoltaik-anlage\/photovoltaik-faq\/","url":"https:\/\/klimaneutral2035.de\/10-schritte-zur-photovoltaik-anlage\/photovoltaik-faq\/","name":"Photovoltaik FAQ - Klimaneutral 2035","isPartOf":{"@id":"https:\/\/klimaneutral2035.de\/#website"},"datePublished":"2021-01-02T06:13:16+00:00","dateModified":"2021-03-04T16:24:41+00:00","breadcrumb":{"@id":"https:\/\/klimaneutral2035.de\/10-schritte-zur-photovoltaik-anlage\/photovoltaik-faq\/#breadcrumb"},"inLanguage":"en-US","potentialAction":[{"@type":"ReadAction","target":["https:\/\/klimaneutral2035.de\/10-schritte-zur-photovoltaik-anlage\/photovoltaik-faq\/"]}]},{"@type":"BreadcrumbList","@id":"https:\/\/klimaneutral2035.de\/10-schritte-zur-photovoltaik-anlage\/photovoltaik-faq\/#breadcrumb","itemListElement":[{"@type":"ListItem","position":1,"name":"Startseite","item":"https:\/\/klimaneutral2035.de\/"},{"@type":"ListItem","position":2,"name":"10 Schritte zur Photovoltaik-Anlage","item":"https:\/\/klimaneutral2035.de\/10-schritte-zur-photovoltaik-anlage\/"},{"@type":"ListItem","position":3,"name":"Photovoltaik FAQ"}]},{"@type":"WebSite","@id":"https:\/\/klimaneutral2035.de\/#website","url":"https:\/\/klimaneutral2035.de\/","name":"Klimaneutral 2035","description":"Eine Initiative f\u00fcr Neubiberg","publisher":{"@id":"https:\/\/klimaneutral2035.de\/#organization"},"potentialAction":[{"@type":"SearchAction","target":{"@type":"EntryPoint","urlTemplate":"https:\/\/klimaneutral2035.de\/?s={search_term_string}"},"query-input":{"@type":"PropertyValueSpecification","valueRequired":true,"valueName":"search_term_string"}}],"inLanguage":"en-US"},{"@type":"Organization","@id":"https:\/\/klimaneutral2035.de\/#organization","name":"Klimaneutral 2035","url":"https:\/\/klimaneutral2035.de\/","logo":{"@type":"ImageObject","inLanguage":"en-US","@id":"https:\/\/klimaneutral2035.de\/#\/schema\/logo\/image\/","url":"https:\/\/klimaneutral2035.de\/wp-content\/uploads\/cropped-favicon.png","contentUrl":"https:\/\/klimaneutral2035.de\/wp-content\/uploads\/cropped-favicon.png","width":512,"height":512,"caption":"Klimaneutral 2035"},"image":{"@id":"https:\/\/klimaneutral2035.de\/#\/schema\/logo\/image\/"},"sameAs":["https:\/\/www.facebook.com\/Klimaneutral-2035","https:\/\/x.com\/Klimaneutral35","https:\/\/www.instagram.com\/klimaneutral_2035"]}]}},"_links":{"self":[{"href":"https:\/\/klimaneutral2035.de\/en\/wp-json\/wp\/v2\/pages\/2124","targetHints":{"allow":["GET"]}}],"collection":[{"href":"https:\/\/klimaneutral2035.de\/en\/wp-json\/wp\/v2\/pages"}],"about":[{"href":"https:\/\/klimaneutral2035.de\/en\/wp-json\/wp\/v2\/types\/page"}],"author":[{"embeddable":true,"href":"https:\/\/klimaneutral2035.de\/en\/wp-json\/wp\/v2\/users\/1"}],"replies":[{"embeddable":true,"href":"https:\/\/klimaneutral2035.de\/en\/wp-json\/wp\/v2\/comments?post=2124"}],"version-history":[{"count":10,"href":"https:\/\/klimaneutral2035.de\/en\/wp-json\/wp\/v2\/pages\/2124\/revisions"}],"predecessor-version":[{"id":2282,"href":"https:\/\/klimaneutral2035.de\/en\/wp-json\/wp\/v2\/pages\/2124\/revisions\/2282"}],"up":[{"embeddable":true,"href":"https:\/\/klimaneutral2035.de\/en\/wp-json\/wp\/v2\/pages\/2064"}],"wp:attachment":[{"href":"https:\/\/klimaneutral2035.de\/en\/wp-json\/wp\/v2\/media?parent=2124"}],"curies":[{"name":"wp","href":"https:\/\/api.w.org\/{rel}","templated":true}]}}