{"id":2141,"date":"2021-01-02T21:35:01","date_gmt":"2021-01-02T20:35:01","guid":{"rendered":"https:\/\/klimaneutral2035.de\/?page_id=2141"},"modified":"2024-02-25T19:49:38","modified_gmt":"2024-02-25T18:49:38","slug":"photovoltaik-und-steuern","status":"publish","type":"page","link":"https:\/\/klimaneutral2035.de\/en\/10-schritte-zur-photovoltaik-anlage\/photovoltaik-und-steuern\/","title":{"rendered":"Photovoltaik und Steuern"},"content":{"rendered":"<div class=\"vc_row wpb_row vc_row-fluid\"><div class=\"wpb_column vc_column_container vc_col-sm-12\"><div class=\"vc_column-inner\"><div class=\"wpb_wrapper\"><div   >\n\t\t\t\t\t\t<div class=\"swmsc_service_box\" style=\"background-color:#ffffff;;border:1px solid #e6e6e6; border-radius:0;margin-bottom:20px;\">\n\t\t\t\t\t\t\t<div class=\"swmsc_service_box_content auto_width\" style=\"padding:20px; border-radius:0;\">\n\t\t\t\t\t\t\t\t\n\t<div class=\"wpb_text_column wpb_content_element\" >\n\t\t<div class=\"wpb_wrapper\">\n\t\t\t<p><strong>HINWEIS<\/strong>: Wir sind keine Steuerberater oder -experten, d\u00fcrfen keine Individualberatung machen. Wir versuchen Ihnen den Einstieg in das Thema leichter zu machen. Wir haben uns alle M\u00fche gemacht, alles korrekt wiederzugeben, aber wir k\u00f6nne f\u00fcr die Richtigkeit dieser Informationen nicht garantieren.<\/p>\n\n\t\t<\/div>\n\t<\/div>\n\n\t\t\t\t\t\t\t\t<div class=\"clear\"><\/div>\n\t\t\t\t\t\t\t<\/div>\n\t\t\t\t\t\t<\/div>\n\t\t\t\t\t<\/div>\n\t<div class=\"wpb_text_column wpb_content_element\" >\n\t\t<div class=\"wpb_wrapper\">\n\t\t\t<p>Leider m\u00fcssen wir zugeben: Das Thema Photovoltaik-Anlage und Steuern ist nicht ganz trivial. Sie werden nicht darum herumkommen, sich als Anlagenbetreiber zumindest einmal damit zu befassen. Es gibt eine gute M\u00f6glichkeit, dass man nur einmal zu Beginn mit dem Finanzamt in Kontakt treten muss. Alle anderen wollen wahrscheinlich ihre PV-Anlage steuerlich optimieren. Diese m\u00fcssen sich dann etwas intensiver mit den verschiedenen Optionen auseinandersetzen. Dabei sollten Sie wissen, dass man grunds\u00e4tzlich zwischen Umsatzsteuer und Ertragssteuer\/Einkommensteuer unterscheiden muss. Viele Dinge haben wir hier vereinfacht dargestellt, deshalb finden Sie am Ende eine Liste mit Artikeln, die mehr ins Detail gehen und sicher auch mehr Expertise bieten.<\/p>\n<p>Hinweis: Wir betrachten hier nur PV-Anlagen, die eine Spitzenleistung &lt; 30kWp haben und auf dem Dach installiert werden \u2013 also insbesondere nicht ins Dach integriert sind.<\/p>\n<p>F\u00fcr die initiale Anmeldung muss man erst einmal die zwei Formulare ausf\u00fcllen, die auf der Seite f\u00fcr <a href=\"https:\/\/www.finanzamt.bayern.de\/Informationen\/Steuerinfos\/Weitere_Themen\/Photovoltaikanlagen\/\" target=\"_blank\" rel=\"noopener noreferrer\">Steuerinformationen zu PV-Anlagen<\/a> des Finanzamtes Bayern zu finden sind:<\/p>\n<ul>\n<li>Fragebogen zur steuerlichen Erfassung<\/li>\n<li>Fragebogen zur Errichtung und zum Betrieb einer Photovoltaikanlage<\/li>\n<\/ul>\n<p>Der \u201eFragebogen zur Errichtung und zum Betrieb einer Photovoltaikanlage\u201c ist einfach auszuf\u00fcllen und wirkt teilweise redundant.<\/p>\n<p>Um den \u201eFragebogen zur steuerlichen Erfassung\u201c auszuf\u00fcllen, sollten Sie sich zun\u00e4chst die folgenden zwei typischen Varianten durchlesen und \u00fcberlegen, ob eine zu Ihnen passt. Es gibt nat\u00fcrlich noch etliche weitere Varianten, die teilweise auch in den weiterf\u00fchrenden Links am Ende dieses Artikels beschrieben werden.<\/p>\n\n\t\t<\/div>\n\t<\/div>\n<div class=\"vc_row wpb_row vc_inner vc_row-fluid\"><div class=\"wpb_column vc_column_container vc_col-sm-12\"><div class=\"vc_column-inner\"><div class=\"wpb_wrapper\"><div  class=\"clear swmsc_gap\" style=\"margin:60px 0 0 0;\"><\/div><div  class=\"center\" ><div style=\"font-size:27px; color:#333333; font-weight:bold; line-height:30px;\">\n\t\t\t\t\tVariante 1: PV-Anlage ohne Finanzamt\n\t\t\t\t\t<\/div><\/div><div  class=\"center\" ><div style=\"font-size:18px; color:#333333; font-weight:bold; line-height:30px;\">\n\t\t\t\t\t(Kleinunternehmerregelung + Liebhaberei)\n\t\t\t\t\t<\/div><\/div><div  class=\"swmsc_custom_dividers swmsc_dividers_line2 text_align_center\" style=\"margin-top:25px;margin-bottom:45px; clear:all;\"><span style=\"max-width:40px;background-color:#90be54;\"><\/span><\/div><\/div><\/div><\/div><\/div>\n\t<div class=\"wpb_text_column wpb_content_element\" >\n\t\t<div class=\"wpb_wrapper\">\n\t\t\t<p><strong>Umsatzsteuer<\/strong><\/p>\n<p>F\u00fcr die Umsatzsteuer w\u00e4hlt man die sogenannte <strong>Kleinunternehmerregelung<\/strong>, das hei\u00dft man optiert auf \u00a7 19 des Umsatzsteuergesetzes. Das ist m\u00f6glich, wenn der\/die Unternehmer*in im Jahr nicht mehr als 17.500 Euro Ums\u00e4tze erzielt. Mit Ums\u00e4tzen sind hier die Einnahmen gemeint, ohne Abzug von Kosten oder Abschreibung. Mit einer PV-Anlage unter 10 kWp wird man diese Grenze in der Regel nicht \u00fcberschreiten. Wer neben der PV-Anlage noch weitere Eink\u00fcnfte aus selbst\u00e4ndiger T\u00e4tigkeit hat, kann dies anders aussehen.<\/p>\n<p>Der Nachteil ist, dass man keine Vorsteuer geltend machen kann, also insbesondere sich die Umsatzsteuer\/Mehrwertsteuer auf seine PV-Anlage (und evtl. den Batteriespeicher) nicht vom Finanzamt r\u00fcckerstatten lassen kann.<\/p>\n<p><strong>Einkommensteuer<\/strong><\/p>\n<p>Bei <strong>Anlagen bis 10 kWp<\/strong> empfehlen wir Ihnen nachdr\u00fccklich, sich mit <a href=\"https:\/\/www.finanzamt.bayern.de\/Informationen\/download.php?url=Informationen\/Steuerinfos\/Weitere_Themen\/Photovoltaikanlagen\/Mustererklaerung.pdf\" target=\"_blank\" rel=\"noopener\">dieser Mustererkl\u00e4rung<\/a> von der Einkommenssteuererkl\u00e4rung befreien lassen.<\/p>\n<p>&nbsp;<\/p>\n<p>Betreiber von Anlagen <strong>\u00fcber 10 kWp<\/strong> m\u00fcssen weiter Liebhaberei nachweisen:<\/p>\n<p>Bei der Einkommensteuer muss man dem Finanzamt erl\u00e4utern, dass es sich bei der PV-Anlage nur um \u201eLiebhaberei\u201c handelt, d.h. dass man keine Gewinnerzielungsabsicht hat. Der Nachweis erstellt man \u00fcber eine plausible Wirtschaftlichkeitsprognose, indem man dem Finanzamt vorrechnen kann, dass man \u00fcber den Abschreibungszeitraum von 20 Jahren Verlust macht.<\/p>\n<p>Daf\u00fcr werden die Ausgaben (Kaufpreis\/Investitionskosten, Reparaturen, Reinigung, Versicherung, etc.) von den Einnahmen (Einspeiseverg\u00fctung, Eigenverbrauch) abgezogen. Wenn dann ein negatives Ergebnis herauskommt, also die Ausgaben \u00fcber 20 Jahre gr\u00f6\u00dfer sind als die Einnahmen, k\u00f6nnen sie mit dieser Rechnung als Nachweis beim Finanzamt auf Liebhaberei pl\u00e4dieren.<\/p>\n<p>Auf vielen Webseiten steht, dass es drei M\u00f6glichkeiten gibt den Preis f\u00fcr den Eigenverbrauch auszurechnen, aber es gibt noch eine vierte M\u00f6glichkeit: Es scheint, dass das Finanzamt auch die Einspeiseverg\u00fctung als Preis f\u00fcr den Eigenverbrauch akzeptiert. Das erleichtert die Rechnung erheblich.<\/p>\n\n\t\t<\/div>\n\t<\/div>\n<div  class=\"clear swmsc_gap\" style=\"margin:60px 0 0 0;\"><\/div><div   >\n\t\t\t\t\t\t<div class=\"swmsc_service_box\" style=\"background-color:#ffffff;;border:1px solid #e6e6e6; border-radius:0;margin-bottom:20px;\">\n\t\t\t\t\t\t\t<div class=\"swmsc_service_box_content auto_width\" style=\"padding:20px; border-radius:0;\">\n\t\t\t\t\t\t\t\t\n\t<div class=\"wpb_text_column wpb_content_element\" >\n\t\t<div class=\"wpb_wrapper\">\n\t\t\t<p><strong>Beispielrechnung<\/strong><\/p>\n<p><strong>Einnahmen<\/strong><br \/>\nErwartet man einen Jahresertrag von 7.000 kWh und ist die Einspeiseverg\u00fctung z.B. 7,9 Cent so w\u00e4ren die Einnahmen \u00fcber 20 Jahre:<\/p>\n<p>7.000 kWh * 0,079 Euro * 20 Jahre = 11.060 Euro<\/p>\n<p><strong>Ausgaben<\/strong><br \/>\nBei den Ausgaben kann man diverse Posten ansetzen:<br \/>\n10.000 \u20ac (Investitionskosten)<br \/>\n900 \u20ac (3 Anlagenchecks nach 5, 10 und 15 Jahren)<br \/>\n300 \u20ac (Reinigung nach 10 Jahren)<br \/>\n2.500 \u20ac (Reparaturen)<br \/>\n500 \u20ac (Sonstiges wie Versicherung, Z\u00e4hlergeb\u00fchren usw.)<br \/>\nSumme: 14.200 \u20ac<\/p>\n<p>In unserem Rechenbeispiel sind im Abschreibungszeitraum von 20 Jahren die Kosten h\u00f6her als die Einnahmen. Eine Gewinnerzielungsabsicht liegt also nicht vor und die Photovoltaik-Anlage z\u00e4hlt ertragssteuerlich als Liebhaberei. Nachteil ist, dass man diese Verluste dann steuerlich auch nicht geltend machen kann.<\/p>\n\n\t\t<\/div>\n\t<\/div>\n\n\t\t\t\t\t\t\t\t<div class=\"clear\"><\/div>\n\t\t\t\t\t\t\t<\/div>\n\t\t\t\t\t\t<\/div>\n\t\t\t\t\t<\/div>\n\t<div class=\"wpb_text_column wpb_content_element\" >\n\t\t<div class=\"wpb_wrapper\">\n\t\t\t<p>Wir empfehlen dazu auch diesen ausf\u00fchrlichen Artikel zu lesen: <a href=\"https:\/\/www.pv-magazine.de\/2019\/04\/18\/photovoltaik-steuer-ganz-praktisch-teil-2-gewinnerzielung-versus-liebhaberei\/\" target=\"_blank\" rel=\"noopener noreferrer\">https:\/\/www.pv-magazine.de\/2019\/04\/18\/photovoltaik-steuer-ganz-praktisch-teil-2-gewinnerzielung-versus-liebhaberei\/<\/a><\/p>\n\n\t\t<\/div>\n\t<\/div>\n<div class=\"vc_row wpb_row vc_inner vc_row-fluid\"><div class=\"wpb_column vc_column_container vc_col-sm-12\"><div class=\"vc_column-inner\"><div class=\"wpb_wrapper\"><div  class=\"clear swmsc_gap\" style=\"margin:80px 0 0 0;\"><\/div><div  class=\"center\" ><div style=\"font-size:27px; color:#333333; font-weight:bold; line-height:30px;\">\n\t\t\t\t\tVariante 2: Steuer Optimierung\n\t\t\t\t\t<\/div><\/div><div  class=\"center\" ><div style=\"font-size:18px; color:#333333; font-weight:bold; line-height:30px;\">\n\t\t\t\t\t(Regelbesteuerung)\n\t\t\t\t\t<\/div><\/div><div  class=\"swmsc_custom_dividers swmsc_dividers_line2 text_align_center\" style=\"margin-top:25px;margin-bottom:45px; clear:all;\"><span style=\"max-width:40px;background-color:#90be54;\"><\/span><\/div><\/div><\/div><\/div><\/div>\n\t<div class=\"wpb_text_column wpb_content_element\" >\n\t\t<div class=\"wpb_wrapper\">\n\t\t\t<p><strong>Umsatzsteuer<\/strong><\/p>\n<p>Bei dieser Variante w\u00e4hle Sie die Regelbesteuerung damit Sie Vorsteuern geltend machen k\u00f6nnen und sich insbesondere die Umsatzsteuer\/Mehrwertsteuer f\u00fcr Ihre Photovoltaik-Anlage r\u00fcckerstatten lassen k\u00f6nnen. Sofern gleichzeitig ein Batteriespeicher eingebaut wird, gilt das auch f\u00fcr den Speicher. Daf\u00fcr muss aber auch die Umsatzsteuer monatlich bzw. viertelj\u00e4hrlich vorangemeldet werden. In der Regel bekommt man im zweiten Jahr dann ein Schreiben vom Finanzamt, das einem die Voranmeldung erl\u00e4sst, so dass man nur noch die eigentlich Umsatzsteuererkl\u00e4rung machen muss. Nach 6 Jahren kann man dann in die Kleinunternehmerregelung wechseln. In vielen F\u00e4llen ist dies die steuerlich g\u00fcnstigste Variante. Man sollte das aber auf jeden Fall f\u00fcr seinen Fall durchrechnen. Einen ausf\u00fchrlichen Artikel finden Sie hier: <a href=\"https:\/\/www.pv-magazine.de\/2019\/03\/08\/photovoltaik-steuer-ganz-praktisch-teil-1-die-qual-der-wahl-bei-der-umsatzsteuer\/\" target=\"_blank\" rel=\"noopener noreferrer\">https:\/\/www.pv-magazine.de\/2019\/03\/08\/photovoltaik-steuer-ganz-praktisch-teil-1-die-qual-der-wahl-bei-der-umsatzsteuer\/<\/a><\/p>\n<p><strong><br \/>\nEinkommensteuer<\/strong><\/p>\n<p>Bei der Einkommensteuer gehen Sie genauso vor, wie bei Variante 1. Sollten Sie die E\u00dcR durchf\u00fchren und einen Verlust berechnen, k\u00f6nnen Sie diesen absetzen. Bei einem Gewinn m\u00fcssen Sie diesen sowieso in Ihrer Einkommensteuererkl\u00e4rung ber\u00fccksichtigen, bzw. bei einer Anlage &lt;10 kWp doch die <a href=\"https:\/\/www.lfst.bayern.de\/steuerinfos\/weitere-themen\/photovoltaikanlagen\" target=\"_blank\" rel=\"noopener\">Vereinfachungsregelung<\/a> in Anspruch nehmen.<\/p>\n\n\t\t<\/div>\n\t<\/div>\n<div  class=\"clear swmsc_gap\" style=\"margin:50px 0 0 0;\"><\/div><div  class=\"swmsc_custom_dividers swmsc_dividers_line3 text_align_center\" style=\"margin-top:20px;margin-bottom:20px; clear:both;\"><span style=\"max-width:200px;background-color:#90be54;\"><\/span><\/div><div  class=\"clear swmsc_gap\" style=\"margin:70px 0 0 0;\"><\/div>\n\t<div class=\"wpb_text_column wpb_content_element\" >\n\t\t<div class=\"wpb_wrapper\">\n\t\t\t<p>Wenn Sie sich als Anlagenbetreiber n\u00e4her mit dem Thema Steuern befassen wollen gibt es hier einige Links zur weiteren Lekt\u00fcre:<\/p>\n<p><a href=\"https:\/\/www.solaranlagen-portal.com\/photovoltaik\/wirtschaftlichkeit\/steuer\" target=\"_blank\" rel=\"noopener noreferrer\">https:\/\/www.solaranlagen-portal.com\/photovoltaik\/wirtschaftlichkeit\/steuer<\/a><\/p>\n<p><a href=\"https:\/\/www.solaranlage-ratgeber.de\/photovoltaik\/photovoltaik-wirtschaftlichkeit\/photovoltaik-und-steuern\" target=\"_blank\" rel=\"noopener noreferrer\">https:\/\/www.solaranlage-ratgeber.de\/photovoltaik\/photovoltaik-wirtschaftlichkeit\/photovoltaik-und-steuern<\/a><\/p>\n<p><a href=\"https:\/\/www.pv-magazine.de\/2019\/09\/27\/photovoltaik-ohne-finanzamt\/\" target=\"_blank\" rel=\"noopener noreferrer\">https:\/\/www.pv-magazine.de\/2019\/09\/27\/photovoltaik-ohne-finanzamt\/<\/a><\/p>\n\n\t\t<\/div>\n\t<\/div>\n<div  class=\"clear swmsc_gap\" style=\"margin:30px 0 0 0;\"><\/div><div   >\n\t\t\t\t\t\t<div class=\"swmsc_service_box\" style=\"background-color:#ffffff;;border:1px solid #e6e6e6; border-radius:0;margin-bottom:20px;\">\n\t\t\t\t\t\t\t<div class=\"swmsc_service_box_content auto_width\" style=\"padding:20px; border-radius:0;\">\n\t\t\t\t\t\t\t\t\n\t<div class=\"wpb_text_column wpb_content_element\" >\n\t\t<div class=\"wpb_wrapper\">\n\t\t\t<p><strong>HINWEIS<\/strong>: Wir sind keine Steuerberater oder -experten, d\u00fcrfen keine Individualberatung machen. Wir versuchen Ihnen den Einstieg in das Thema leichter zu machen. Wir haben uns alle M\u00fche gemacht, alles korrekt wiederzugeben, aber wir k\u00f6nne f\u00fcr die Richtigkeit dieser Informationen nicht garantieren.<\/p>\n\n\t\t<\/div>\n\t<\/div>\n\n\t\t\t\t\t\t\t\t<div class=\"clear\"><\/div>\n\t\t\t\t\t\t\t<\/div>\n\t\t\t\t\t\t<\/div>\n\t\t\t\t\t<\/div><\/div><\/div><\/div><\/div>","protected":false},"excerpt":{"rendered":"HINWEIS: Wir sind keine Steuerberater oder -experten, d\u00fcrfen keine Individualberatung machen. Wir versuchen Ihnen den Einstieg in das Thema leichter zu machen. Wir haben uns alle M\u00fche gemacht, alles korrekt wiederzugeben, aber wir k\u00f6nne f\u00fcr die Richtigkeit dieser Informationen nicht garantieren. Leider m\u00fcssen wir zugeben: Das Thema Photovoltaik-Anlage und Steuern [...]","protected":false},"author":1,"featured_media":0,"parent":2064,"menu_order":0,"comment_status":"closed","ping_status":"closed","template":"","meta":{"footnotes":""},"class_list":["post-2141","page","type-page","status-publish","hentry"],"yoast_head":"<!-- This site is optimized with the Yoast SEO plugin v27.4 - https:\/\/yoast.com\/product\/yoast-seo-wordpress\/ -->\n<title>Photovoltaik und Steuern - Klimaneutral 2035<\/title>\n<meta name=\"robots\" content=\"index, follow, max-snippet:-1, max-image-preview:large, max-video-preview:-1\" \/>\n<link rel=\"canonical\" href=\"https:\/\/klimaneutral2035.de\/en\/10-schritte-zur-photovoltaik-anlage\/photovoltaik-und-steuern\/\" \/>\n<meta property=\"og:locale\" content=\"en_US\" \/>\n<meta property=\"og:type\" content=\"article\" \/>\n<meta property=\"og:title\" content=\"Photovoltaik und Steuern - Klimaneutral 2035\" \/>\n<meta property=\"og:url\" content=\"https:\/\/klimaneutral2035.de\/en\/10-schritte-zur-photovoltaik-anlage\/photovoltaik-und-steuern\/\" \/>\n<meta property=\"og:site_name\" content=\"Klimaneutral 2035\" \/>\n<meta property=\"article:publisher\" content=\"https:\/\/www.facebook.com\/Klimaneutral-2035\" \/>\n<meta property=\"article:modified_time\" content=\"2024-02-25T18:49:38+00:00\" \/>\n<meta name=\"twitter:card\" content=\"summary_large_image\" \/>\n<meta name=\"twitter:site\" content=\"@Klimaneutral35\" \/>\n<meta name=\"twitter:label1\" content=\"Est. reading time\" \/>\n\t<meta name=\"twitter:data1\" content=\"7 minutes\" \/>\n<script type=\"application\/ld+json\" class=\"yoast-schema-graph\">{\"@context\":\"https:\\\/\\\/schema.org\",\"@graph\":[{\"@type\":\"WebPage\",\"@id\":\"https:\\\/\\\/klimaneutral2035.de\\\/10-schritte-zur-photovoltaik-anlage\\\/photovoltaik-und-steuern\\\/\",\"url\":\"https:\\\/\\\/klimaneutral2035.de\\\/10-schritte-zur-photovoltaik-anlage\\\/photovoltaik-und-steuern\\\/\",\"name\":\"Photovoltaik und Steuern - Klimaneutral 2035\",\"isPartOf\":{\"@id\":\"https:\\\/\\\/klimaneutral2035.de\\\/#website\"},\"datePublished\":\"2021-01-02T20:35:01+00:00\",\"dateModified\":\"2024-02-25T18:49:38+00:00\",\"breadcrumb\":{\"@id\":\"https:\\\/\\\/klimaneutral2035.de\\\/10-schritte-zur-photovoltaik-anlage\\\/photovoltaik-und-steuern\\\/#breadcrumb\"},\"inLanguage\":\"en-US\",\"potentialAction\":[{\"@type\":\"ReadAction\",\"target\":[\"https:\\\/\\\/klimaneutral2035.de\\\/10-schritte-zur-photovoltaik-anlage\\\/photovoltaik-und-steuern\\\/\"]}]},{\"@type\":\"BreadcrumbList\",\"@id\":\"https:\\\/\\\/klimaneutral2035.de\\\/10-schritte-zur-photovoltaik-anlage\\\/photovoltaik-und-steuern\\\/#breadcrumb\",\"itemListElement\":[{\"@type\":\"ListItem\",\"position\":1,\"name\":\"Startseite\",\"item\":\"https:\\\/\\\/klimaneutral2035.de\\\/\"},{\"@type\":\"ListItem\",\"position\":2,\"name\":\"10 Schritte zur Photovoltaik-Anlage\",\"item\":\"https:\\\/\\\/klimaneutral2035.de\\\/10-schritte-zur-photovoltaik-anlage\\\/\"},{\"@type\":\"ListItem\",\"position\":3,\"name\":\"Photovoltaik und Steuern\"}]},{\"@type\":\"WebSite\",\"@id\":\"https:\\\/\\\/klimaneutral2035.de\\\/#website\",\"url\":\"https:\\\/\\\/klimaneutral2035.de\\\/\",\"name\":\"Klimaneutral 2035\",\"description\":\"Eine Initiative f\u00fcr Neubiberg\",\"publisher\":{\"@id\":\"https:\\\/\\\/klimaneutral2035.de\\\/#organization\"},\"potentialAction\":[{\"@type\":\"SearchAction\",\"target\":{\"@type\":\"EntryPoint\",\"urlTemplate\":\"https:\\\/\\\/klimaneutral2035.de\\\/?s={search_term_string}\"},\"query-input\":{\"@type\":\"PropertyValueSpecification\",\"valueRequired\":true,\"valueName\":\"search_term_string\"}}],\"inLanguage\":\"en-US\"},{\"@type\":\"Organization\",\"@id\":\"https:\\\/\\\/klimaneutral2035.de\\\/#organization\",\"name\":\"Klimaneutral 2035\",\"url\":\"https:\\\/\\\/klimaneutral2035.de\\\/\",\"logo\":{\"@type\":\"ImageObject\",\"inLanguage\":\"en-US\",\"@id\":\"https:\\\/\\\/klimaneutral2035.de\\\/#\\\/schema\\\/logo\\\/image\\\/\",\"url\":\"https:\\\/\\\/klimaneutral2035.de\\\/wp-content\\\/uploads\\\/cropped-favicon.png\",\"contentUrl\":\"https:\\\/\\\/klimaneutral2035.de\\\/wp-content\\\/uploads\\\/cropped-favicon.png\",\"width\":512,\"height\":512,\"caption\":\"Klimaneutral 2035\"},\"image\":{\"@id\":\"https:\\\/\\\/klimaneutral2035.de\\\/#\\\/schema\\\/logo\\\/image\\\/\"},\"sameAs\":[\"https:\\\/\\\/www.facebook.com\\\/Klimaneutral-2035\",\"https:\\\/\\\/x.com\\\/Klimaneutral35\",\"https:\\\/\\\/www.instagram.com\\\/klimaneutral_2035\"]}]}<\/script>\n<!-- \/ Yoast SEO plugin. -->","yoast_head_json":{"title":"Photovoltaik und Steuern - Klimaneutral 2035","robots":{"index":"index","follow":"follow","max-snippet":"max-snippet:-1","max-image-preview":"max-image-preview:large","max-video-preview":"max-video-preview:-1"},"canonical":"https:\/\/klimaneutral2035.de\/en\/10-schritte-zur-photovoltaik-anlage\/photovoltaik-und-steuern\/","og_locale":"en_US","og_type":"article","og_title":"Photovoltaik und Steuern - Klimaneutral 2035","og_url":"https:\/\/klimaneutral2035.de\/en\/10-schritte-zur-photovoltaik-anlage\/photovoltaik-und-steuern\/","og_site_name":"Klimaneutral 2035","article_publisher":"https:\/\/www.facebook.com\/Klimaneutral-2035","article_modified_time":"2024-02-25T18:49:38+00:00","twitter_card":"summary_large_image","twitter_site":"@Klimaneutral35","twitter_misc":{"Est. reading time":"7 minutes"},"schema":{"@context":"https:\/\/schema.org","@graph":[{"@type":"WebPage","@id":"https:\/\/klimaneutral2035.de\/10-schritte-zur-photovoltaik-anlage\/photovoltaik-und-steuern\/","url":"https:\/\/klimaneutral2035.de\/10-schritte-zur-photovoltaik-anlage\/photovoltaik-und-steuern\/","name":"Photovoltaik und Steuern - Klimaneutral 2035","isPartOf":{"@id":"https:\/\/klimaneutral2035.de\/#website"},"datePublished":"2021-01-02T20:35:01+00:00","dateModified":"2024-02-25T18:49:38+00:00","breadcrumb":{"@id":"https:\/\/klimaneutral2035.de\/10-schritte-zur-photovoltaik-anlage\/photovoltaik-und-steuern\/#breadcrumb"},"inLanguage":"en-US","potentialAction":[{"@type":"ReadAction","target":["https:\/\/klimaneutral2035.de\/10-schritte-zur-photovoltaik-anlage\/photovoltaik-und-steuern\/"]}]},{"@type":"BreadcrumbList","@id":"https:\/\/klimaneutral2035.de\/10-schritte-zur-photovoltaik-anlage\/photovoltaik-und-steuern\/#breadcrumb","itemListElement":[{"@type":"ListItem","position":1,"name":"Startseite","item":"https:\/\/klimaneutral2035.de\/"},{"@type":"ListItem","position":2,"name":"10 Schritte zur Photovoltaik-Anlage","item":"https:\/\/klimaneutral2035.de\/10-schritte-zur-photovoltaik-anlage\/"},{"@type":"ListItem","position":3,"name":"Photovoltaik und Steuern"}]},{"@type":"WebSite","@id":"https:\/\/klimaneutral2035.de\/#website","url":"https:\/\/klimaneutral2035.de\/","name":"Klimaneutral 2035","description":"Eine Initiative f\u00fcr Neubiberg","publisher":{"@id":"https:\/\/klimaneutral2035.de\/#organization"},"potentialAction":[{"@type":"SearchAction","target":{"@type":"EntryPoint","urlTemplate":"https:\/\/klimaneutral2035.de\/?s={search_term_string}"},"query-input":{"@type":"PropertyValueSpecification","valueRequired":true,"valueName":"search_term_string"}}],"inLanguage":"en-US"},{"@type":"Organization","@id":"https:\/\/klimaneutral2035.de\/#organization","name":"Klimaneutral 2035","url":"https:\/\/klimaneutral2035.de\/","logo":{"@type":"ImageObject","inLanguage":"en-US","@id":"https:\/\/klimaneutral2035.de\/#\/schema\/logo\/image\/","url":"https:\/\/klimaneutral2035.de\/wp-content\/uploads\/cropped-favicon.png","contentUrl":"https:\/\/klimaneutral2035.de\/wp-content\/uploads\/cropped-favicon.png","width":512,"height":512,"caption":"Klimaneutral 2035"},"image":{"@id":"https:\/\/klimaneutral2035.de\/#\/schema\/logo\/image\/"},"sameAs":["https:\/\/www.facebook.com\/Klimaneutral-2035","https:\/\/x.com\/Klimaneutral35","https:\/\/www.instagram.com\/klimaneutral_2035"]}]}},"_links":{"self":[{"href":"https:\/\/klimaneutral2035.de\/en\/wp-json\/wp\/v2\/pages\/2141","targetHints":{"allow":["GET"]}}],"collection":[{"href":"https:\/\/klimaneutral2035.de\/en\/wp-json\/wp\/v2\/pages"}],"about":[{"href":"https:\/\/klimaneutral2035.de\/en\/wp-json\/wp\/v2\/types\/page"}],"author":[{"embeddable":true,"href":"https:\/\/klimaneutral2035.de\/en\/wp-json\/wp\/v2\/users\/1"}],"replies":[{"embeddable":true,"href":"https:\/\/klimaneutral2035.de\/en\/wp-json\/wp\/v2\/comments?post=2141"}],"version-history":[{"count":10,"href":"https:\/\/klimaneutral2035.de\/en\/wp-json\/wp\/v2\/pages\/2141\/revisions"}],"predecessor-version":[{"id":4792,"href":"https:\/\/klimaneutral2035.de\/en\/wp-json\/wp\/v2\/pages\/2141\/revisions\/4792"}],"up":[{"embeddable":true,"href":"https:\/\/klimaneutral2035.de\/en\/wp-json\/wp\/v2\/pages\/2064"}],"wp:attachment":[{"href":"https:\/\/klimaneutral2035.de\/en\/wp-json\/wp\/v2\/media?parent=2141"}],"curies":[{"name":"wp","href":"https:\/\/api.w.org\/{rel}","templated":true}]}}