{"id":2165,"date":"2021-01-03T21:15:32","date_gmt":"2021-01-03T20:15:32","guid":{"rendered":"https:\/\/klimaneutral2035.de\/?page_id=2165"},"modified":"2023-01-17T21:29:16","modified_gmt":"2023-01-17T20:29:16","slug":"foerderung-fuer-batteriespeicher","status":"publish","type":"page","link":"https:\/\/klimaneutral2035.de\/en\/10-schritte-zur-photovoltaik-anlage\/foerderung-fuer-batteriespeicher\/","title":{"rendered":"F\u00f6rderung f\u00fcr Batteriespeicher"},"content":{"rendered":"<p>Vor der Entscheidung f\u00fcr einen Batteriespeicher, sollte Sie sich \u00fcberlegen, ob diese Investition sinnvoll ist.  Batteriespeicher haben einen relevanten \u00f6kologischen Fu\u00dfabdruck und auch wirtschaftlich gesehen ist die Amortisationszeit der Anlage mit Speicher in der Regel l\u00e4nger. Leider ist es immer schwieriger Solarteure zu finden, die eine Anlage ohne Speicher anbieten. <\/p>\n\n\n\n<hr class=\"wp-block-separator has-css-opacity\"\/>\n\n\n\n<p>Die Gemeinde Neubiberg f\u00f6rdert mit dem neuen F\u00f6rderprogramm Batteriespeicher mit einmalig <strong>210 \u20ac <\/strong>in Zusammenhang mit einer neuen PV-Anlage oder einmalig 250 \u20ac bei Nachr\u00fcstung. Das Antragsformular ist weitestgehend selbsterkl\u00e4rend und finden Sie hier:\u00a0<a href=\"https:\/\/www.neubiberg.de\/foerderprogramm-klimaschutz\" target=\"_blank\" rel=\"noreferrer noopener\">https:\/\/www.neubiberg.de\/foerderprogramm-klimaschutz<\/a><\/p>","protected":false},"excerpt":{"rendered":"<p>Vor der Entscheidung f\u00fcr einen Batteriespeicher, sollte Sie sich \u00fcberlegen, ob diese Investition sinnvoll ist. Batteriespeicher haben einen relevanten \u00f6kologischen Fu\u00dfabdruck und auch wirtschaftlich gesehen ist die Amortisationszeit der Anlage mit Speicher in der Regel l\u00e4nger. Leider ist es immer schwieriger Solarteure zu finden, die eine Anlage ohne Speicher anbieten. [&hellip;]<\/p>\n","protected":false},"author":1,"featured_media":0,"parent":2064,"menu_order":0,"comment_status":"closed","ping_status":"closed","template":"","meta":{"footnotes":""},"class_list":["post-2165","page","type-page","status-publish","hentry"],"yoast_head":"<!-- This site is optimized with the Yoast SEO plugin v27.3 - https:\/\/yoast.com\/product\/yoast-seo-wordpress\/ -->\n<title>F\u00f6rderung f\u00fcr Batteriespeicher - Klimaneutral 2035<\/title>\n<meta name=\"robots\" content=\"index, follow, max-snippet:-1, max-image-preview:large, max-video-preview:-1\" \/>\n<link rel=\"canonical\" href=\"https:\/\/klimaneutral2035.de\/en\/10-schritte-zur-photovoltaik-anlage\/foerderung-fuer-batteriespeicher\/\" \/>\n<meta property=\"og:locale\" content=\"en_US\" \/>\n<meta property=\"og:type\" content=\"article\" \/>\n<meta property=\"og:title\" content=\"F\u00f6rderung f\u00fcr Batteriespeicher - Klimaneutral 2035\" \/>\n<meta property=\"og:description\" content=\"Vor der Entscheidung f\u00fcr einen Batteriespeicher, sollte Sie sich \u00fcberlegen, ob diese Investition sinnvoll ist. Batteriespeicher haben einen relevanten \u00f6kologischen Fu\u00dfabdruck und auch wirtschaftlich gesehen ist die Amortisationszeit der Anlage mit Speicher in der Regel l\u00e4nger. Leider ist es immer schwieriger Solarteure zu finden, die eine Anlage ohne Speicher anbieten. [&hellip;]\" \/>\n<meta property=\"og:url\" content=\"https:\/\/klimaneutral2035.de\/en\/10-schritte-zur-photovoltaik-anlage\/foerderung-fuer-batteriespeicher\/\" \/>\n<meta property=\"og:site_name\" content=\"Klimaneutral 2035\" \/>\n<meta property=\"article:publisher\" content=\"https:\/\/www.facebook.com\/Klimaneutral-2035\" \/>\n<meta property=\"article:modified_time\" content=\"2023-01-17T20:29:16+00:00\" \/>\n<meta name=\"twitter:card\" content=\"summary_large_image\" \/>\n<meta name=\"twitter:site\" content=\"@Klimaneutral35\" \/>\n<meta name=\"twitter:label1\" content=\"Est. reading time\" \/>\n\t<meta name=\"twitter:data1\" content=\"1 minute\" \/>\n<script type=\"application\/ld+json\" class=\"yoast-schema-graph\">{\"@context\":\"https:\\\/\\\/schema.org\",\"@graph\":[{\"@type\":\"WebPage\",\"@id\":\"https:\\\/\\\/klimaneutral2035.de\\\/10-schritte-zur-photovoltaik-anlage\\\/foerderung-fuer-batteriespeicher\\\/\",\"url\":\"https:\\\/\\\/klimaneutral2035.de\\\/10-schritte-zur-photovoltaik-anlage\\\/foerderung-fuer-batteriespeicher\\\/\",\"name\":\"F\u00f6rderung f\u00fcr Batteriespeicher - Klimaneutral 2035\",\"isPartOf\":{\"@id\":\"https:\\\/\\\/klimaneutral2035.de\\\/#website\"},\"datePublished\":\"2021-01-03T20:15:32+00:00\",\"dateModified\":\"2023-01-17T20:29:16+00:00\",\"breadcrumb\":{\"@id\":\"https:\\\/\\\/klimaneutral2035.de\\\/10-schritte-zur-photovoltaik-anlage\\\/foerderung-fuer-batteriespeicher\\\/#breadcrumb\"},\"inLanguage\":\"en-US\",\"potentialAction\":[{\"@type\":\"ReadAction\",\"target\":[\"https:\\\/\\\/klimaneutral2035.de\\\/10-schritte-zur-photovoltaik-anlage\\\/foerderung-fuer-batteriespeicher\\\/\"]}]},{\"@type\":\"BreadcrumbList\",\"@id\":\"https:\\\/\\\/klimaneutral2035.de\\\/10-schritte-zur-photovoltaik-anlage\\\/foerderung-fuer-batteriespeicher\\\/#breadcrumb\",\"itemListElement\":[{\"@type\":\"ListItem\",\"position\":1,\"name\":\"Startseite\",\"item\":\"https:\\\/\\\/klimaneutral2035.de\\\/\"},{\"@type\":\"ListItem\",\"position\":2,\"name\":\"10 Schritte zur Photovoltaik-Anlage\",\"item\":\"https:\\\/\\\/klimaneutral2035.de\\\/10-schritte-zur-photovoltaik-anlage\\\/\"},{\"@type\":\"ListItem\",\"position\":3,\"name\":\"F\u00f6rderung f\u00fcr Batteriespeicher\"}]},{\"@type\":\"WebSite\",\"@id\":\"https:\\\/\\\/klimaneutral2035.de\\\/#website\",\"url\":\"https:\\\/\\\/klimaneutral2035.de\\\/\",\"name\":\"Klimaneutral 2035\",\"description\":\"Eine Initiative f\u00fcr Neubiberg\",\"publisher\":{\"@id\":\"https:\\\/\\\/klimaneutral2035.de\\\/#organization\"},\"potentialAction\":[{\"@type\":\"SearchAction\",\"target\":{\"@type\":\"EntryPoint\",\"urlTemplate\":\"https:\\\/\\\/klimaneutral2035.de\\\/?s={search_term_string}\"},\"query-input\":{\"@type\":\"PropertyValueSpecification\",\"valueRequired\":true,\"valueName\":\"search_term_string\"}}],\"inLanguage\":\"en-US\"},{\"@type\":\"Organization\",\"@id\":\"https:\\\/\\\/klimaneutral2035.de\\\/#organization\",\"name\":\"Klimaneutral 2035\",\"url\":\"https:\\\/\\\/klimaneutral2035.de\\\/\",\"logo\":{\"@type\":\"ImageObject\",\"inLanguage\":\"en-US\",\"@id\":\"https:\\\/\\\/klimaneutral2035.de\\\/#\\\/schema\\\/logo\\\/image\\\/\",\"url\":\"https:\\\/\\\/klimaneutral2035.de\\\/wp-content\\\/uploads\\\/cropped-favicon.png\",\"contentUrl\":\"https:\\\/\\\/klimaneutral2035.de\\\/wp-content\\\/uploads\\\/cropped-favicon.png\",\"width\":512,\"height\":512,\"caption\":\"Klimaneutral 2035\"},\"image\":{\"@id\":\"https:\\\/\\\/klimaneutral2035.de\\\/#\\\/schema\\\/logo\\\/image\\\/\"},\"sameAs\":[\"https:\\\/\\\/www.facebook.com\\\/Klimaneutral-2035\",\"https:\\\/\\\/x.com\\\/Klimaneutral35\",\"https:\\\/\\\/www.instagram.com\\\/klimaneutral_2035\"]}]}<\/script>\n<!-- \/ Yoast SEO plugin. -->","yoast_head_json":{"title":"F\u00f6rderung f\u00fcr Batteriespeicher - Klimaneutral 2035","robots":{"index":"index","follow":"follow","max-snippet":"max-snippet:-1","max-image-preview":"max-image-preview:large","max-video-preview":"max-video-preview:-1"},"canonical":"https:\/\/klimaneutral2035.de\/en\/10-schritte-zur-photovoltaik-anlage\/foerderung-fuer-batteriespeicher\/","og_locale":"en_US","og_type":"article","og_title":"F\u00f6rderung f\u00fcr Batteriespeicher - Klimaneutral 2035","og_description":"Vor der Entscheidung f\u00fcr einen Batteriespeicher, sollte Sie sich \u00fcberlegen, ob diese Investition sinnvoll ist. Batteriespeicher haben einen relevanten \u00f6kologischen Fu\u00dfabdruck und auch wirtschaftlich gesehen ist die Amortisationszeit der Anlage mit Speicher in der Regel l\u00e4nger. Leider ist es immer schwieriger Solarteure zu finden, die eine Anlage ohne Speicher anbieten. [&hellip;]","og_url":"https:\/\/klimaneutral2035.de\/en\/10-schritte-zur-photovoltaik-anlage\/foerderung-fuer-batteriespeicher\/","og_site_name":"Klimaneutral 2035","article_publisher":"https:\/\/www.facebook.com\/Klimaneutral-2035","article_modified_time":"2023-01-17T20:29:16+00:00","twitter_card":"summary_large_image","twitter_site":"@Klimaneutral35","twitter_misc":{"Est. reading time":"1 minute"},"schema":{"@context":"https:\/\/schema.org","@graph":[{"@type":"WebPage","@id":"https:\/\/klimaneutral2035.de\/10-schritte-zur-photovoltaik-anlage\/foerderung-fuer-batteriespeicher\/","url":"https:\/\/klimaneutral2035.de\/10-schritte-zur-photovoltaik-anlage\/foerderung-fuer-batteriespeicher\/","name":"F\u00f6rderung f\u00fcr Batteriespeicher - Klimaneutral 2035","isPartOf":{"@id":"https:\/\/klimaneutral2035.de\/#website"},"datePublished":"2021-01-03T20:15:32+00:00","dateModified":"2023-01-17T20:29:16+00:00","breadcrumb":{"@id":"https:\/\/klimaneutral2035.de\/10-schritte-zur-photovoltaik-anlage\/foerderung-fuer-batteriespeicher\/#breadcrumb"},"inLanguage":"en-US","potentialAction":[{"@type":"ReadAction","target":["https:\/\/klimaneutral2035.de\/10-schritte-zur-photovoltaik-anlage\/foerderung-fuer-batteriespeicher\/"]}]},{"@type":"BreadcrumbList","@id":"https:\/\/klimaneutral2035.de\/10-schritte-zur-photovoltaik-anlage\/foerderung-fuer-batteriespeicher\/#breadcrumb","itemListElement":[{"@type":"ListItem","position":1,"name":"Startseite","item":"https:\/\/klimaneutral2035.de\/"},{"@type":"ListItem","position":2,"name":"10 Schritte zur Photovoltaik-Anlage","item":"https:\/\/klimaneutral2035.de\/10-schritte-zur-photovoltaik-anlage\/"},{"@type":"ListItem","position":3,"name":"F\u00f6rderung f\u00fcr Batteriespeicher"}]},{"@type":"WebSite","@id":"https:\/\/klimaneutral2035.de\/#website","url":"https:\/\/klimaneutral2035.de\/","name":"Klimaneutral 2035","description":"Eine Initiative f\u00fcr Neubiberg","publisher":{"@id":"https:\/\/klimaneutral2035.de\/#organization"},"potentialAction":[{"@type":"SearchAction","target":{"@type":"EntryPoint","urlTemplate":"https:\/\/klimaneutral2035.de\/?s={search_term_string}"},"query-input":{"@type":"PropertyValueSpecification","valueRequired":true,"valueName":"search_term_string"}}],"inLanguage":"en-US"},{"@type":"Organization","@id":"https:\/\/klimaneutral2035.de\/#organization","name":"Klimaneutral 2035","url":"https:\/\/klimaneutral2035.de\/","logo":{"@type":"ImageObject","inLanguage":"en-US","@id":"https:\/\/klimaneutral2035.de\/#\/schema\/logo\/image\/","url":"https:\/\/klimaneutral2035.de\/wp-content\/uploads\/cropped-favicon.png","contentUrl":"https:\/\/klimaneutral2035.de\/wp-content\/uploads\/cropped-favicon.png","width":512,"height":512,"caption":"Klimaneutral 2035"},"image":{"@id":"https:\/\/klimaneutral2035.de\/#\/schema\/logo\/image\/"},"sameAs":["https:\/\/www.facebook.com\/Klimaneutral-2035","https:\/\/x.com\/Klimaneutral35","https:\/\/www.instagram.com\/klimaneutral_2035"]}]}},"_links":{"self":[{"href":"https:\/\/klimaneutral2035.de\/en\/wp-json\/wp\/v2\/pages\/2165","targetHints":{"allow":["GET"]}}],"collection":[{"href":"https:\/\/klimaneutral2035.de\/en\/wp-json\/wp\/v2\/pages"}],"about":[{"href":"https:\/\/klimaneutral2035.de\/en\/wp-json\/wp\/v2\/types\/page"}],"author":[{"embeddable":true,"href":"https:\/\/klimaneutral2035.de\/en\/wp-json\/wp\/v2\/users\/1"}],"replies":[{"embeddable":true,"href":"https:\/\/klimaneutral2035.de\/en\/wp-json\/wp\/v2\/comments?post=2165"}],"version-history":[{"count":9,"href":"https:\/\/klimaneutral2035.de\/en\/wp-json\/wp\/v2\/pages\/2165\/revisions"}],"predecessor-version":[{"id":4286,"href":"https:\/\/klimaneutral2035.de\/en\/wp-json\/wp\/v2\/pages\/2165\/revisions\/4286"}],"up":[{"embeddable":true,"href":"https:\/\/klimaneutral2035.de\/en\/wp-json\/wp\/v2\/pages\/2064"}],"wp:attachment":[{"href":"https:\/\/klimaneutral2035.de\/en\/wp-json\/wp\/v2\/media?parent=2165"}],"curies":[{"name":"wp","href":"https:\/\/api.w.org\/{rel}","templated":true}]}}