{"id":2303,"date":"2021-04-24T07:05:40","date_gmt":"2021-04-24T05:05:40","guid":{"rendered":"https:\/\/klimaneutral2035.de\/?page_id=2303"},"modified":"2023-07-02T11:46:58","modified_gmt":"2023-07-02T09:46:58","slug":"die-initiative","status":"publish","type":"page","link":"https:\/\/klimaneutral2035.de\/en\/die-initiative\/","title":{"rendered":"The Initiative"},"content":{"rendered":"<div class=\"vc_row wpb_row vc_row-fluid\"><div class=\"wpb_column vc_column_container vc_col-sm-12\"><div class=\"vc_column-inner\"><div class=\"wpb_wrapper\"><div   >\n\t\t\t\t\t\t<div class=\"swmsc_services_icons swmsc_responsive_services swmsc_services_item_left\" data-responsive=\"767\" data-margin=\"30\" >\n\t\t\t\t\t\t\t\t<div class=\"swmsc_services_item_holder swmsc_services_icon_medium\" style=\"margin-right:30px;\">\n\t\t\t\t\t\t\t\t<span style=\"border:0px solid #e6e6e6; border-radius:0; background:#90be54;\">\n\t\t\t\t\t\t\t\t\t<i class=\"fa fa-flag-checkered\" style=\"color:#ffffff;\"><\/i>\n\t\t\t\t\t\t\t\t<\/span>\n\t\t\t\t\t\t\t<\/div>\n\t\t\t\t\t\t\t<div class=\"swmsc_services_icon_content\">\n\t\t\t\t\t\t\t\t<h5 style=\"font-size:20px; color:#444444;margin-bottom:10px;\">Our Goals<\/h5>\n\t\t\t\t\t\t\t\tThe goal of the initiative <b>Klimaneutral 2035<\/b> is a climate-neutral municipality of Neubiberg in the areas of electricity, heat and mobility in 2035.<\/p>\n<p>The core concern of the initiative is the creation of all necessary framework conditions for the realization of climate neutrality in the private, commercial and public sectors.<\/p>\n<p><a href=\"\/en\/wordpress\/unsere-ziele\/\"><strong>Please explain the goals in detail...<\/strong><\/a>\n\t\t\t\t\t\t\t\t<\/div>\n\t\t\t\t\t\t\t<div class=\"clear\"><\/div>\n\t\t\t\t\t\t<\/div>\n\t\t\t\t\t\t<div class=\"clear\"><\/div>\n\t\t\t\t\t<\/div><div  class=\"swmsc_custom_dividers swmsc_dividers_line1 text_align_left\" style=\"margin-top:35px;margin-bottom:35px; clear:both;\"><span style=\"max-width:100%;background-color:#e6e6e6;\"><\/span><\/div><div   >\n\t\t\t\t\t\t<div class=\"swmsc_services_icons swmsc_responsive_services swmsc_services_item_left\" data-responsive=\"767\" data-margin=\"30\" >\n\t\t\t\t\t\t\t\t<div class=\"swmsc_services_item_holder swmsc_services_icon_medium\" style=\"margin-right:30px;\">\n\t\t\t\t\t\t\t\t<span style=\"border:2px solid #90be54; border-radius:0; background:#ffffff;\">\n\t\t\t\t\t\t\t\t\t<i class=\"fa fa-line-chart\" style=\"color:#90be54; margin-top:-2px;\"><\/i>\n\t\t\t\t\t\t\t\t<\/span>\n\t\t\t\t\t\t\t<\/div>\n\t\t\t\t\t\t\t<div class=\"swmsc_services_icon_content\">\n\t\t\t\t\t\t\t\t<h5 style=\"font-size:20px; color:#444444;margin-bottom:10px;\">Our Motivation<\/h5>\n\t\t\t\t\t\t\t\tWe are already clearly feeling the effects of climate change today, but the younger ones among us, and especially our children and grandchildren, will get the full brunt of the climate crisis: Extreme heat, water and food shortages, and refugee disasters are just some of the consequences.<\/p>\n<p>Die Zeit, um den menschengemachten Klimawandel zu stoppen, ist knapp, aber es ist auch noch nicht zu sp\u00e4t. Um zumindest eine 50% Chance zu haben, die schlimmsten Folgen zu begrenzen (1,5 Grad Ziel) d\u00fcrfen wir ab 2035 keine Treibhausgase mehr aussto\u00dfen.<\/p>\n<p>Da die Umstellung von fossilen Brennstoffe auf erneuerbare Energien Zeit braucht, m\u00fcssen wir JETZT damit anfangen und das k\u00f6nnen wir auch kommunal \u2013 denn hier k\u00f6nnen wir am meisten bewirken.<\/p>\n<p><a href=\"\/en\/wordpress\/unsere-motivation\/\"><strong>Bitte erkl\u00e4re mir die Motivation genauer&#8230;<\/strong><\/a>\n\t\t\t\t\t\t\t\t<\/div>\n\t\t\t\t\t\t\t<div class=\"clear\"><\/div>\n\t\t\t\t\t\t<\/div>\n\t\t\t\t\t\t<div class=\"clear\"><\/div>\n\t\t\t\t\t<\/div><div  class=\"swmsc_custom_dividers swmsc_dividers_line1 text_align_left\" style=\"margin-top:35px;margin-bottom:35px; clear:both;\"><span style=\"max-width:100%;background-color:#e6e6e6;\"><\/span><\/div><div   >\n\t\t\t\t\t\t<div class=\"swmsc_services_icons swmsc_responsive_services swmsc_services_item_left\" data-responsive=\"767\" data-margin=\"30\" >\n\t\t\t\t\t\t\t\t<div class=\"swmsc_services_item_holder swmsc_services_icon_medium\" style=\"margin-right:30px;\">\n\t\t\t\t\t\t\t\t<span style=\"border:0px solid #e6e6e6; border-radius:0; background:#90be54;\">\n\t\t\t\t\t\t\t\t\t<i class=\"fa fa-bullhorn\" style=\"color:#ffffff;\"><\/i>\n\t\t\t\t\t\t\t\t<\/span>\n\t\t\t\t\t\t\t<\/div>\n\t\t\t\t\t\t\t<div class=\"swmsc_services_icon_content\">\n\t\t\t\t\t\t\t\t<h5 style=\"font-size:20px; color:#444444;margin-bottom:10px;\">Our Demands<\/h5>\n\t\t\t\t\t\t\t\t\n<ul>\n<li>Political decision on the goal of climate neutrality in the community by 2035<\/li>\n<li>Recruiting of a climate protection manager<\/li>\n<li>Establishment of a municipal energy management system<\/li>\n<li>Erstellung eines Integriertes Klimaschutz- und Klimaanpassungskonzept (IKKK) mit dem klaren Ziel 2035 klimaneutral zu sein.\n<ul>\n<li>Early involvement of all relevant municipal stakeholders<\/li>\n<li>As-is analysis with CO2<sub>2<\/sub> &#8211; und Energiebilanzierung<\/li>\n<li>Analysis of potentials for energy efficiency and use of renewable energies<\/li>\n<li>Action plan (incl. action plan, funding, CO<sub>2<\/sub> -Einsparungen, Akteure und Zielgruppen, einzelnen Handlungsschritte und Zeitrahmens, Controlling)<\/li>\n<\/ul>\n<\/li>\n<li>Full transparency of data and implementation<\/li>\n<li>Deutlich verst\u00e4rkte \u00d6ffentlichkeitsarbeit f\u00fcr Klimaschutz<\/li>\n<\/ul>\n<p>&nbsp;<\/p>\n<h5>Sofortma\u00dfnahmen<\/h5>\n<p>Wir haben <a href=\"https:\/\/klimaneutral2035.de\/en\/sofortmassnahmen\/\">Vorschl\u00e4ge f\u00fcr Sofortma\u00dfnahmen<\/a> gesammelt, von denen wir glauben, dass sie uns dem Ziel der Klimaneutralit\u00e4t n\u00e4her bringen und die auch schon mit \u00fcberschaubarem Aufwand umgesetzt werden k\u00f6nnen, w\u00e4hrend der Aktionsplan ausgearbeitet wird.<\/p>\n<p><a href=\"\/en\/wordpress\/unsere-forderungen\/\"><strong>Bitte erkl\u00e4re mir die Forderungen genauer&#8230;<\/strong><\/a>\n\t\t\t\t\t\t\t\t<\/div>\n\t\t\t\t\t\t\t<div class=\"clear\"><\/div>\n\t\t\t\t\t\t<\/div>\n\t\t\t\t\t\t<div class=\"clear\"><\/div>\n\t\t\t\t\t<\/div><div  class=\"swmsc_custom_dividers swmsc_dividers_line1 text_align_left\" style=\"margin-top:35px;margin-bottom:35px; clear:both;\"><span style=\"max-width:100%;background-color:#e6e6e6;\"><\/span><\/div><div   >\n\t\t\t\t\t\t<div class=\"swmsc_services_icons swmsc_responsive_services swmsc_services_item_left\" data-responsive=\"767\" data-margin=\"30\" >\n\t\t\t\t\t\t\t\t<div class=\"swmsc_services_item_holder swmsc_services_icon_medium\" style=\"margin-right:30px;\">\n\t\t\t\t\t\t\t\t<span style=\"border:2px solid #90be54; border-radius:0; background:#ffffff;\">\n\t\t\t\t\t\t\t\t\t<i class=\"fa fa-check-square-o\" style=\"color:#90be54; margin-top:-2px;\"><\/i>\n\t\t\t\t\t\t\t\t<\/span>\n\t\t\t\t\t\t\t<\/div>\n\t\t\t\t\t\t\t<div class=\"swmsc_services_icon_content\">\n\t\t\t\t\t\t\t\t<h5 style=\"font-size:20px; color:#444444;margin-bottom:10px;\">Our Tasks<\/h5>\n\t\t\t\t\t\t\t\tWir unterst\u00fctzen B\u00fcrger*innen, Gewerbe, Schulen, Gemeindeverwaltung und Gemeinderat das Ziel der Klimaneutralit\u00e4t zu erreichen.<\/p>\n<p>We participate in public relations work to explain the consequences of climate change to as many people as possible and to promote the necessary measures and the benefits of the energy transition.<\/p>\n<p>Mit der Expertise erfahrener Mitglieder helfen wir B\u00fcrger*innen ihren CO<sub>2<\/sub>-Fu\u00dfabdruck zu reduzieren und zeigen euch M\u00f6glichkeiten auf, die Energiewende voranzutreiben.<\/p>\n<p><a href=\"\/en\/wordpress\/unsere-aufgaben\/\"><strong>Bitte erkl\u00e4re mir die Aufgaben genauer&#8230;<\/strong><\/a>\n\t\t\t\t\t\t\t\t<\/div>\n\t\t\t\t\t\t\t<div class=\"clear\"><\/div>\n\t\t\t\t\t\t<\/div>\n\t\t\t\t\t\t<div class=\"clear\"><\/div>\n\t\t\t\t\t<\/div><div  class=\"clear swmsc_gap\" style=\"margin:20px 0 0 0;\"><\/div><\/div><\/div><\/div><\/div>","protected":false},"excerpt":{"rendered":"Unser Ziel Das Ziel der Initiative Klimaneutral 2035 ist eine klimaneutrale Gemeinde Neubiberg\u00a0 in den Bereichen Strom, W\u00e4rme und Mobilit\u00e4t im Jahr 2035. Das Kernanliegen der Initiative ist die Schaffung aller notwendigen Rahmenbedingungen zur Realisierung der Klimaneutralit\u00e4t im privaten, gewerblichen und im \u00f6ffentlichen Bereich. Bitte erkl\u00e4re mir die Ziele genauer... [...]","protected":false},"author":1,"featured_media":0,"parent":0,"menu_order":0,"comment_status":"closed","ping_status":"closed","template":"","meta":{"footnotes":""},"class_list":["post-2303","page","type-page","status-publish","hentry"],"yoast_head":"<!-- This site is optimized with the Yoast SEO plugin v27.4 - https:\/\/yoast.com\/product\/yoast-seo-wordpress\/ -->\n<title>Die Initiative - Klimaneutral 2035<\/title>\n<meta name=\"robots\" content=\"index, follow, max-snippet:-1, max-image-preview:large, max-video-preview:-1\" \/>\n<link rel=\"canonical\" href=\"https:\/\/klimaneutral2035.de\/en\/die-initiative\/\" \/>\n<meta property=\"og:locale\" content=\"en_US\" \/>\n<meta property=\"og:type\" content=\"article\" \/>\n<meta property=\"og:title\" content=\"Die Initiative - Klimaneutral 2035\" \/>\n<meta property=\"og:url\" content=\"https:\/\/klimaneutral2035.de\/en\/die-initiative\/\" \/>\n<meta property=\"og:site_name\" content=\"Klimaneutral 2035\" \/>\n<meta property=\"article:publisher\" content=\"https:\/\/www.facebook.com\/Klimaneutral-2035\" \/>\n<meta property=\"article:modified_time\" content=\"2023-07-02T09:46:58+00:00\" \/>\n<meta name=\"twitter:card\" content=\"summary_large_image\" \/>\n<meta name=\"twitter:site\" content=\"@Klimaneutral35\" \/>\n<meta name=\"twitter:label1\" content=\"Est. reading time\" \/>\n\t<meta name=\"twitter:data1\" content=\"3 minutes\" \/>\n<script type=\"application\/ld+json\" class=\"yoast-schema-graph\">{\"@context\":\"https:\\\/\\\/schema.org\",\"@graph\":[{\"@type\":\"WebPage\",\"@id\":\"https:\\\/\\\/klimaneutral2035.de\\\/die-initiative\\\/\",\"url\":\"https:\\\/\\\/klimaneutral2035.de\\\/die-initiative\\\/\",\"name\":\"Die Initiative - Klimaneutral 2035\",\"isPartOf\":{\"@id\":\"https:\\\/\\\/klimaneutral2035.de\\\/#website\"},\"datePublished\":\"2021-04-24T05:05:40+00:00\",\"dateModified\":\"2023-07-02T09:46:58+00:00\",\"breadcrumb\":{\"@id\":\"https:\\\/\\\/klimaneutral2035.de\\\/die-initiative\\\/#breadcrumb\"},\"inLanguage\":\"en-US\",\"potentialAction\":[{\"@type\":\"ReadAction\",\"target\":[\"https:\\\/\\\/klimaneutral2035.de\\\/die-initiative\\\/\"]}]},{\"@type\":\"BreadcrumbList\",\"@id\":\"https:\\\/\\\/klimaneutral2035.de\\\/die-initiative\\\/#breadcrumb\",\"itemListElement\":[{\"@type\":\"ListItem\",\"position\":1,\"name\":\"Startseite\",\"item\":\"https:\\\/\\\/klimaneutral2035.de\\\/\"},{\"@type\":\"ListItem\",\"position\":2,\"name\":\"Die Initiative\"}]},{\"@type\":\"WebSite\",\"@id\":\"https:\\\/\\\/klimaneutral2035.de\\\/#website\",\"url\":\"https:\\\/\\\/klimaneutral2035.de\\\/\",\"name\":\"Klimaneutral 2035\",\"description\":\"Eine Initiative f\u00fcr Neubiberg\",\"publisher\":{\"@id\":\"https:\\\/\\\/klimaneutral2035.de\\\/#organization\"},\"potentialAction\":[{\"@type\":\"SearchAction\",\"target\":{\"@type\":\"EntryPoint\",\"urlTemplate\":\"https:\\\/\\\/klimaneutral2035.de\\\/?s={search_term_string}\"},\"query-input\":{\"@type\":\"PropertyValueSpecification\",\"valueRequired\":true,\"valueName\":\"search_term_string\"}}],\"inLanguage\":\"en-US\"},{\"@type\":\"Organization\",\"@id\":\"https:\\\/\\\/klimaneutral2035.de\\\/#organization\",\"name\":\"Klimaneutral 2035\",\"url\":\"https:\\\/\\\/klimaneutral2035.de\\\/\",\"logo\":{\"@type\":\"ImageObject\",\"inLanguage\":\"en-US\",\"@id\":\"https:\\\/\\\/klimaneutral2035.de\\\/#\\\/schema\\\/logo\\\/image\\\/\",\"url\":\"https:\\\/\\\/klimaneutral2035.de\\\/wp-content\\\/uploads\\\/cropped-favicon.png\",\"contentUrl\":\"https:\\\/\\\/klimaneutral2035.de\\\/wp-content\\\/uploads\\\/cropped-favicon.png\",\"width\":512,\"height\":512,\"caption\":\"Klimaneutral 2035\"},\"image\":{\"@id\":\"https:\\\/\\\/klimaneutral2035.de\\\/#\\\/schema\\\/logo\\\/image\\\/\"},\"sameAs\":[\"https:\\\/\\\/www.facebook.com\\\/Klimaneutral-2035\",\"https:\\\/\\\/x.com\\\/Klimaneutral35\",\"https:\\\/\\\/www.instagram.com\\\/klimaneutral_2035\"]}]}<\/script>\n<!-- \/ Yoast SEO plugin. -->","yoast_head_json":{"title":"Die Initiative - Klimaneutral 2035","robots":{"index":"index","follow":"follow","max-snippet":"max-snippet:-1","max-image-preview":"max-image-preview:large","max-video-preview":"max-video-preview:-1"},"canonical":"https:\/\/klimaneutral2035.de\/en\/die-initiative\/","og_locale":"en_US","og_type":"article","og_title":"Die Initiative - Klimaneutral 2035","og_url":"https:\/\/klimaneutral2035.de\/en\/die-initiative\/","og_site_name":"Klimaneutral 2035","article_publisher":"https:\/\/www.facebook.com\/Klimaneutral-2035","article_modified_time":"2023-07-02T09:46:58+00:00","twitter_card":"summary_large_image","twitter_site":"@Klimaneutral35","twitter_misc":{"Est. reading time":"3 minutes"},"schema":{"@context":"https:\/\/schema.org","@graph":[{"@type":"WebPage","@id":"https:\/\/klimaneutral2035.de\/die-initiative\/","url":"https:\/\/klimaneutral2035.de\/die-initiative\/","name":"Die Initiative - Klimaneutral 2035","isPartOf":{"@id":"https:\/\/klimaneutral2035.de\/#website"},"datePublished":"2021-04-24T05:05:40+00:00","dateModified":"2023-07-02T09:46:58+00:00","breadcrumb":{"@id":"https:\/\/klimaneutral2035.de\/die-initiative\/#breadcrumb"},"inLanguage":"en-US","potentialAction":[{"@type":"ReadAction","target":["https:\/\/klimaneutral2035.de\/die-initiative\/"]}]},{"@type":"BreadcrumbList","@id":"https:\/\/klimaneutral2035.de\/die-initiative\/#breadcrumb","itemListElement":[{"@type":"ListItem","position":1,"name":"Startseite","item":"https:\/\/klimaneutral2035.de\/"},{"@type":"ListItem","position":2,"name":"Die Initiative"}]},{"@type":"WebSite","@id":"https:\/\/klimaneutral2035.de\/#website","url":"https:\/\/klimaneutral2035.de\/","name":"Klimaneutral 2035","description":"Eine Initiative f\u00fcr Neubiberg","publisher":{"@id":"https:\/\/klimaneutral2035.de\/#organization"},"potentialAction":[{"@type":"SearchAction","target":{"@type":"EntryPoint","urlTemplate":"https:\/\/klimaneutral2035.de\/?s={search_term_string}"},"query-input":{"@type":"PropertyValueSpecification","valueRequired":true,"valueName":"search_term_string"}}],"inLanguage":"en-US"},{"@type":"Organization","@id":"https:\/\/klimaneutral2035.de\/#organization","name":"Klimaneutral 2035","url":"https:\/\/klimaneutral2035.de\/","logo":{"@type":"ImageObject","inLanguage":"en-US","@id":"https:\/\/klimaneutral2035.de\/#\/schema\/logo\/image\/","url":"https:\/\/klimaneutral2035.de\/wp-content\/uploads\/cropped-favicon.png","contentUrl":"https:\/\/klimaneutral2035.de\/wp-content\/uploads\/cropped-favicon.png","width":512,"height":512,"caption":"Klimaneutral 2035"},"image":{"@id":"https:\/\/klimaneutral2035.de\/#\/schema\/logo\/image\/"},"sameAs":["https:\/\/www.facebook.com\/Klimaneutral-2035","https:\/\/x.com\/Klimaneutral35","https:\/\/www.instagram.com\/klimaneutral_2035"]}]}},"_links":{"self":[{"href":"https:\/\/klimaneutral2035.de\/en\/wp-json\/wp\/v2\/pages\/2303","targetHints":{"allow":["GET"]}}],"collection":[{"href":"https:\/\/klimaneutral2035.de\/en\/wp-json\/wp\/v2\/pages"}],"about":[{"href":"https:\/\/klimaneutral2035.de\/en\/wp-json\/wp\/v2\/types\/page"}],"author":[{"embeddable":true,"href":"https:\/\/klimaneutral2035.de\/en\/wp-json\/wp\/v2\/users\/1"}],"replies":[{"embeddable":true,"href":"https:\/\/klimaneutral2035.de\/en\/wp-json\/wp\/v2\/comments?post=2303"}],"version-history":[{"count":5,"href":"https:\/\/klimaneutral2035.de\/en\/wp-json\/wp\/v2\/pages\/2303\/revisions"}],"predecessor-version":[{"id":4582,"href":"https:\/\/klimaneutral2035.de\/en\/wp-json\/wp\/v2\/pages\/2303\/revisions\/4582"}],"wp:attachment":[{"href":"https:\/\/klimaneutral2035.de\/en\/wp-json\/wp\/v2\/media?parent=2303"}],"curies":[{"name":"wp","href":"https:\/\/api.w.org\/{rel}","templated":true}]}}