{"id":2560,"date":"2021-10-21T20:32:29","date_gmt":"2021-10-21T18:32:29","guid":{"rendered":"https:\/\/klimaneutral2035.de\/?page_id=2560"},"modified":"2021-12-28T21:11:01","modified_gmt":"2021-12-28T20:11:01","slug":"foerderung-solarthermie-in-neubiberg","status":"publish","type":"page","link":"https:\/\/klimaneutral2035.de\/en\/solarthermie\/foerderung-solarthermie-in-neubiberg\/","title":{"rendered":"F\u00f6rderung Solarthermie in Neubiberg"},"content":{"rendered":"<p>Im Rahmen des <a href=\"https:\/\/www.neubiberg.de\/foerderprogramm-klimaschutz\" data-type=\"URL\" data-id=\"https:\/\/www.neubiberg.de\/foerderprogramm-klimaschutz\">F\u00f6rderprogramm Klimaschutz<\/a> f\u00f6rdert die Gemeinde Neubiberg die alleinige Installation von Solarthermieanlagen zur Warmwasserbereitung und Heizungsunterst\u00fctzung bei privaten Wohngeb\u00e4uden. Die F\u00f6rderung erfolgt dabei auf Basis der installierten Bruttokollektorfl\u00e4che in H\u00f6he von 100 EUR\/m\u00b2 bei Anlagen zur Warmwasserbereitung und 200 EUR\/m\u00b2 f\u00fcr Warmwasserbereitung und Heizungsunterst\u00fctzung. <\/p>\n\n\n\n<p>Voraussetzung ist<\/p>\n\n\n\n<ul class=\"wp-block-list\"><li>die Installation eines Schichtpufferspeicher mit mind. 40 l pro m\u00b2 Kollektorfl\u00e4che,<\/li><li>ein Eignungs-Check Solar (Pr\u00fcfung, ob das Geb\u00e4ude f\u00fcr Photovoltaik- oder Solarthermieanlagen geeignet ist) gem\u00e4\u00df Richtlinie Energieberatungen der Verbraucherzentrale Bundesverband e.V. ODER Wirtschaftlichkeitsberechnung einer Fachfirma.<\/li><\/ul>\n\n\n\n<p>F\u00fcr die maximalen F\u00f6rderh\u00f6he und sonstige Bestimmungen finden Sie in den <a href=\"https:\/\/www.neubiberg.de\/ceasy\/resource\/?id=2057&amp;download=1\" data-type=\"URL\" data-id=\"https:\/\/www.neubiberg.de\/ceasy\/resource\/?id=2057&amp;download=1\" target=\"_blank\" rel=\"noreferrer noopener\">Richtlinien des F\u00f6rderprogramms zum Klimaschutz<\/a>.<\/p>\n\n\n\n<p>Das Antragsformular finden Sie <a rel=\"noreferrer noopener\" href=\"https:\/\/www.neubiberg.de\/ceasy\/resource\/?id=2027&amp;download=1\" target=\"_blank\">hier<\/a>. <strong>Wichtig ist,<\/strong> dass Sie in jedem Fall erst die F\u00f6rderung beantragen und auf die F\u00f6rderzusage warten, bevor ein Auftrag zur Installation erteilt wird!<\/p>\n\n\n\n<p>Auch gut zu wissen: Diese F\u00f6rderung bekommen Sie zus\u00e4tzlich zur F\u00f6rderung durch die BAFA.<\/p>","protected":false},"excerpt":{"rendered":"<p>Im Rahmen des F\u00f6rderprogramm Klimaschutz f\u00f6rdert die Gemeinde Neubiberg die alleinige Installation von Solarthermieanlagen zur Warmwasserbereitung und Heizungsunterst\u00fctzung bei privaten Wohngeb\u00e4uden. Die F\u00f6rderung erfolgt dabei auf Basis der installierten Bruttokollektorfl\u00e4che in H\u00f6he von 100 EUR\/m\u00b2 bei Anlagen zur Warmwasserbereitung und 200 EUR\/m\u00b2 f\u00fcr Warmwasserbereitung und Heizungsunterst\u00fctzung. Voraussetzung ist die Installation [&hellip;]<\/p>\n","protected":false},"author":1,"featured_media":0,"parent":2400,"menu_order":0,"comment_status":"closed","ping_status":"closed","template":"","meta":{"footnotes":""},"class_list":["post-2560","page","type-page","status-publish","hentry"],"yoast_head":"<!-- This site is optimized with the Yoast SEO plugin v27.6 - https:\/\/yoast.com\/product\/yoast-seo-wordpress\/ -->\n<title>F\u00f6rderung Solarthermie in Neubiberg - Klimaneutral 2035<\/title>\n<meta name=\"robots\" content=\"index, follow, max-snippet:-1, max-image-preview:large, max-video-preview:-1\" \/>\n<link rel=\"canonical\" href=\"https:\/\/klimaneutral2035.de\/en\/solarthermie\/foerderung-solarthermie-in-neubiberg\/\" \/>\n<meta property=\"og:locale\" content=\"en_US\" \/>\n<meta property=\"og:type\" content=\"article\" \/>\n<meta property=\"og:title\" content=\"F\u00f6rderung Solarthermie in Neubiberg - Klimaneutral 2035\" \/>\n<meta property=\"og:description\" content=\"Im Rahmen des F\u00f6rderprogramm Klimaschutz f\u00f6rdert die Gemeinde Neubiberg die alleinige Installation von Solarthermieanlagen zur Warmwasserbereitung und Heizungsunterst\u00fctzung bei privaten Wohngeb\u00e4uden. Die F\u00f6rderung erfolgt dabei auf Basis der installierten Bruttokollektorfl\u00e4che in H\u00f6he von 100 EUR\/m\u00b2 bei Anlagen zur Warmwasserbereitung und 200 EUR\/m\u00b2 f\u00fcr Warmwasserbereitung und Heizungsunterst\u00fctzung. Voraussetzung ist die Installation [&hellip;]\" \/>\n<meta property=\"og:url\" content=\"https:\/\/klimaneutral2035.de\/en\/solarthermie\/foerderung-solarthermie-in-neubiberg\/\" \/>\n<meta property=\"og:site_name\" content=\"Klimaneutral 2035\" \/>\n<meta property=\"article:publisher\" content=\"https:\/\/www.facebook.com\/Klimaneutral-2035\" \/>\n<meta property=\"article:modified_time\" content=\"2021-12-28T20:11:01+00:00\" \/>\n<meta name=\"twitter:card\" content=\"summary_large_image\" \/>\n<meta name=\"twitter:site\" content=\"@Klimaneutral35\" \/>\n<meta name=\"twitter:label1\" content=\"Est. reading time\" \/>\n\t<meta name=\"twitter:data1\" content=\"1 minute\" \/>\n<script type=\"application\/ld+json\" class=\"yoast-schema-graph\">{\"@context\":\"https:\\\/\\\/schema.org\",\"@graph\":[{\"@type\":\"WebPage\",\"@id\":\"https:\\\/\\\/klimaneutral2035.de\\\/solarthermie\\\/foerderung-solarthermie-in-neubiberg\\\/\",\"url\":\"https:\\\/\\\/klimaneutral2035.de\\\/solarthermie\\\/foerderung-solarthermie-in-neubiberg\\\/\",\"name\":\"F\u00f6rderung Solarthermie in Neubiberg - Klimaneutral 2035\",\"isPartOf\":{\"@id\":\"https:\\\/\\\/klimaneutral2035.de\\\/#website\"},\"datePublished\":\"2021-10-21T18:32:29+00:00\",\"dateModified\":\"2021-12-28T20:11:01+00:00\",\"breadcrumb\":{\"@id\":\"https:\\\/\\\/klimaneutral2035.de\\\/solarthermie\\\/foerderung-solarthermie-in-neubiberg\\\/#breadcrumb\"},\"inLanguage\":\"en-US\",\"potentialAction\":[{\"@type\":\"ReadAction\",\"target\":[\"https:\\\/\\\/klimaneutral2035.de\\\/solarthermie\\\/foerderung-solarthermie-in-neubiberg\\\/\"]}]},{\"@type\":\"BreadcrumbList\",\"@id\":\"https:\\\/\\\/klimaneutral2035.de\\\/solarthermie\\\/foerderung-solarthermie-in-neubiberg\\\/#breadcrumb\",\"itemListElement\":[{\"@type\":\"ListItem\",\"position\":1,\"name\":\"Startseite\",\"item\":\"https:\\\/\\\/klimaneutral2035.de\\\/\"},{\"@type\":\"ListItem\",\"position\":2,\"name\":\"7 Schritte zur Solarthermie-Anlage\",\"item\":\"https:\\\/\\\/klimaneutral2035.de\\\/solarthermie\\\/\"},{\"@type\":\"ListItem\",\"position\":3,\"name\":\"F\u00f6rderung Solarthermie in Neubiberg\"}]},{\"@type\":\"WebSite\",\"@id\":\"https:\\\/\\\/klimaneutral2035.de\\\/#website\",\"url\":\"https:\\\/\\\/klimaneutral2035.de\\\/\",\"name\":\"Klimaneutral 2035\",\"description\":\"Eine Initiative f\u00fcr Neubiberg\",\"publisher\":{\"@id\":\"https:\\\/\\\/klimaneutral2035.de\\\/#organization\"},\"potentialAction\":[{\"@type\":\"SearchAction\",\"target\":{\"@type\":\"EntryPoint\",\"urlTemplate\":\"https:\\\/\\\/klimaneutral2035.de\\\/?s={search_term_string}\"},\"query-input\":{\"@type\":\"PropertyValueSpecification\",\"valueRequired\":true,\"valueName\":\"search_term_string\"}}],\"inLanguage\":\"en-US\"},{\"@type\":\"Organization\",\"@id\":\"https:\\\/\\\/klimaneutral2035.de\\\/#organization\",\"name\":\"Klimaneutral 2035\",\"url\":\"https:\\\/\\\/klimaneutral2035.de\\\/\",\"logo\":{\"@type\":\"ImageObject\",\"inLanguage\":\"en-US\",\"@id\":\"https:\\\/\\\/klimaneutral2035.de\\\/#\\\/schema\\\/logo\\\/image\\\/\",\"url\":\"https:\\\/\\\/klimaneutral2035.de\\\/wp-content\\\/uploads\\\/cropped-favicon.png\",\"contentUrl\":\"https:\\\/\\\/klimaneutral2035.de\\\/wp-content\\\/uploads\\\/cropped-favicon.png\",\"width\":512,\"height\":512,\"caption\":\"Klimaneutral 2035\"},\"image\":{\"@id\":\"https:\\\/\\\/klimaneutral2035.de\\\/#\\\/schema\\\/logo\\\/image\\\/\"},\"sameAs\":[\"https:\\\/\\\/www.facebook.com\\\/Klimaneutral-2035\",\"https:\\\/\\\/x.com\\\/Klimaneutral35\",\"https:\\\/\\\/www.instagram.com\\\/klimaneutral_2035\"]}]}<\/script>\n<!-- \/ Yoast SEO plugin. -->","yoast_head_json":{"title":"F\u00f6rderung Solarthermie in Neubiberg - Klimaneutral 2035","robots":{"index":"index","follow":"follow","max-snippet":"max-snippet:-1","max-image-preview":"max-image-preview:large","max-video-preview":"max-video-preview:-1"},"canonical":"https:\/\/klimaneutral2035.de\/en\/solarthermie\/foerderung-solarthermie-in-neubiberg\/","og_locale":"en_US","og_type":"article","og_title":"F\u00f6rderung Solarthermie in Neubiberg - Klimaneutral 2035","og_description":"Im Rahmen des F\u00f6rderprogramm Klimaschutz f\u00f6rdert die Gemeinde Neubiberg die alleinige Installation von Solarthermieanlagen zur Warmwasserbereitung und Heizungsunterst\u00fctzung bei privaten Wohngeb\u00e4uden. Die F\u00f6rderung erfolgt dabei auf Basis der installierten Bruttokollektorfl\u00e4che in H\u00f6he von 100 EUR\/m\u00b2 bei Anlagen zur Warmwasserbereitung und 200 EUR\/m\u00b2 f\u00fcr Warmwasserbereitung und Heizungsunterst\u00fctzung. Voraussetzung ist die Installation [&hellip;]","og_url":"https:\/\/klimaneutral2035.de\/en\/solarthermie\/foerderung-solarthermie-in-neubiberg\/","og_site_name":"Klimaneutral 2035","article_publisher":"https:\/\/www.facebook.com\/Klimaneutral-2035","article_modified_time":"2021-12-28T20:11:01+00:00","twitter_card":"summary_large_image","twitter_site":"@Klimaneutral35","twitter_misc":{"Est. reading time":"1 minute"},"schema":{"@context":"https:\/\/schema.org","@graph":[{"@type":"WebPage","@id":"https:\/\/klimaneutral2035.de\/solarthermie\/foerderung-solarthermie-in-neubiberg\/","url":"https:\/\/klimaneutral2035.de\/solarthermie\/foerderung-solarthermie-in-neubiberg\/","name":"F\u00f6rderung Solarthermie in Neubiberg - Klimaneutral 2035","isPartOf":{"@id":"https:\/\/klimaneutral2035.de\/#website"},"datePublished":"2021-10-21T18:32:29+00:00","dateModified":"2021-12-28T20:11:01+00:00","breadcrumb":{"@id":"https:\/\/klimaneutral2035.de\/solarthermie\/foerderung-solarthermie-in-neubiberg\/#breadcrumb"},"inLanguage":"en-US","potentialAction":[{"@type":"ReadAction","target":["https:\/\/klimaneutral2035.de\/solarthermie\/foerderung-solarthermie-in-neubiberg\/"]}]},{"@type":"BreadcrumbList","@id":"https:\/\/klimaneutral2035.de\/solarthermie\/foerderung-solarthermie-in-neubiberg\/#breadcrumb","itemListElement":[{"@type":"ListItem","position":1,"name":"Startseite","item":"https:\/\/klimaneutral2035.de\/"},{"@type":"ListItem","position":2,"name":"7 Schritte zur Solarthermie-Anlage","item":"https:\/\/klimaneutral2035.de\/solarthermie\/"},{"@type":"ListItem","position":3,"name":"F\u00f6rderung Solarthermie in Neubiberg"}]},{"@type":"WebSite","@id":"https:\/\/klimaneutral2035.de\/#website","url":"https:\/\/klimaneutral2035.de\/","name":"Klimaneutral 2035","description":"Eine Initiative f\u00fcr Neubiberg","publisher":{"@id":"https:\/\/klimaneutral2035.de\/#organization"},"potentialAction":[{"@type":"SearchAction","target":{"@type":"EntryPoint","urlTemplate":"https:\/\/klimaneutral2035.de\/?s={search_term_string}"},"query-input":{"@type":"PropertyValueSpecification","valueRequired":true,"valueName":"search_term_string"}}],"inLanguage":"en-US"},{"@type":"Organization","@id":"https:\/\/klimaneutral2035.de\/#organization","name":"Klimaneutral 2035","url":"https:\/\/klimaneutral2035.de\/","logo":{"@type":"ImageObject","inLanguage":"en-US","@id":"https:\/\/klimaneutral2035.de\/#\/schema\/logo\/image\/","url":"https:\/\/klimaneutral2035.de\/wp-content\/uploads\/cropped-favicon.png","contentUrl":"https:\/\/klimaneutral2035.de\/wp-content\/uploads\/cropped-favicon.png","width":512,"height":512,"caption":"Klimaneutral 2035"},"image":{"@id":"https:\/\/klimaneutral2035.de\/#\/schema\/logo\/image\/"},"sameAs":["https:\/\/www.facebook.com\/Klimaneutral-2035","https:\/\/x.com\/Klimaneutral35","https:\/\/www.instagram.com\/klimaneutral_2035"]}]}},"_links":{"self":[{"href":"https:\/\/klimaneutral2035.de\/en\/wp-json\/wp\/v2\/pages\/2560","targetHints":{"allow":["GET"]}}],"collection":[{"href":"https:\/\/klimaneutral2035.de\/en\/wp-json\/wp\/v2\/pages"}],"about":[{"href":"https:\/\/klimaneutral2035.de\/en\/wp-json\/wp\/v2\/types\/page"}],"author":[{"embeddable":true,"href":"https:\/\/klimaneutral2035.de\/en\/wp-json\/wp\/v2\/users\/1"}],"replies":[{"embeddable":true,"href":"https:\/\/klimaneutral2035.de\/en\/wp-json\/wp\/v2\/comments?post=2560"}],"version-history":[{"count":6,"href":"https:\/\/klimaneutral2035.de\/en\/wp-json\/wp\/v2\/pages\/2560\/revisions"}],"predecessor-version":[{"id":2765,"href":"https:\/\/klimaneutral2035.de\/en\/wp-json\/wp\/v2\/pages\/2560\/revisions\/2765"}],"up":[{"embeddable":true,"href":"https:\/\/klimaneutral2035.de\/en\/wp-json\/wp\/v2\/pages\/2400"}],"wp:attachment":[{"href":"https:\/\/klimaneutral2035.de\/en\/wp-json\/wp\/v2\/media?parent=2560"}],"curies":[{"name":"wp","href":"https:\/\/api.w.org\/{rel}","templated":true}]}}