{"id":2575,"date":"2021-10-23T17:45:54","date_gmt":"2021-10-23T15:45:54","guid":{"rendered":"https:\/\/klimaneutral2035.de\/?page_id=2575"},"modified":"2021-10-24T11:57:58","modified_gmt":"2021-10-24T09:57:58","slug":"kfw-finanzierung-solarthermie","status":"publish","type":"page","link":"https:\/\/klimaneutral2035.de\/en\/solarthermie\/kfw-finanzierung-solarthermie\/","title":{"rendered":"KfW Finanzierung Solarthermie"},"content":{"rendered":"<p>Die KfW vergibt g\u00fcnstige Kredite f\u00fcr Solarthermieanlagen <strong>inklusive eines Tilgungszuschusses von 30%<\/strong> mit dem <a rel=\"noreferrer noopener\" href=\"https:\/\/www.kfw.de\/inlandsfoerderung\/Privatpersonen\/Bestehende-Immobilie\/F%C3%B6rderprodukte\/Bundesf%C3%B6rderung-f%C3%BCr-effiziente-Geb%C3%A4ude-Wohngeb%C3%A4ude-Kredit-(261-262)\/\" target=\"_blank\">Bundesf\u00f6rderung-f\u00fcr-effiziente-Geb\u00e4ude-Wohngeb\u00e4ude-Kredit-(261-262)<\/a>. <\/p>\n\n\n\n<p>Dies l\u00e4sst sich mit der F\u00f6rderung der Gemeinde Neubiberg kombinieren, aber nicht mit der BAFA F\u00f6rderung.<\/p>\n\n\n\n<hr class=\"wp-block-separator\"\/>\n\n\n\n<p>Alternativ kannst Du eine Anlage auch \u00fcber das\u00a0<a rel=\"noreferrer noopener\" href=\"https:\/\/www.kfw.de\/inlandsfoerderung\/Unternehmen\/Energie-Umwelt\/F%C3%B6rderprodukte\/Erneuerbare-Energien-Standard-(270)\/\" target=\"_blank\">F\u00f6rderprogramm f\u00fcr Erneuerbare Energien (Programm (270)<\/a>\u00a0der KfW finanzieren und zugleich den Zuschuss \u00fcber das BAFA beanspruchen.\u00a0<\/p>","protected":false},"excerpt":{"rendered":"<p>Die KfW vergibt g\u00fcnstige Kredite f\u00fcr Solarthermieanlagen inklusive eines Tilgungszuschusses von 30% mit dem Bundesf\u00f6rderung-f\u00fcr-effiziente-Geb\u00e4ude-Wohngeb\u00e4ude-Kredit-(261-262). Dies l\u00e4sst sich mit der F\u00f6rderung der Gemeinde Neubiberg kombinieren, aber nicht mit der BAFA F\u00f6rderung. Alternativ kannst Du eine Anlage auch \u00fcber das\u00a0F\u00f6rderprogramm f\u00fcr Erneuerbare Energien (Programm (270)\u00a0der KfW finanzieren und zugleich den Zuschuss [&hellip;]<\/p>\n","protected":false},"author":1,"featured_media":0,"parent":2400,"menu_order":0,"comment_status":"closed","ping_status":"closed","template":"","meta":{"footnotes":""},"class_list":["post-2575","page","type-page","status-publish","hentry"],"yoast_head":"<!-- This site is optimized with the Yoast SEO plugin v27.5 - https:\/\/yoast.com\/product\/yoast-seo-wordpress\/ -->\n<title>KfW Finanzierung Solarthermie - Klimaneutral 2035<\/title>\n<meta name=\"robots\" content=\"index, follow, max-snippet:-1, max-image-preview:large, max-video-preview:-1\" \/>\n<link rel=\"canonical\" href=\"https:\/\/klimaneutral2035.de\/en\/solarthermie\/kfw-finanzierung-solarthermie\/\" \/>\n<meta property=\"og:locale\" content=\"en_US\" \/>\n<meta property=\"og:type\" content=\"article\" \/>\n<meta property=\"og:title\" content=\"KfW Finanzierung Solarthermie - Klimaneutral 2035\" \/>\n<meta property=\"og:description\" content=\"Die KfW vergibt g\u00fcnstige Kredite f\u00fcr Solarthermieanlagen inklusive eines Tilgungszuschusses von 30% mit dem Bundesf\u00f6rderung-f\u00fcr-effiziente-Geb\u00e4ude-Wohngeb\u00e4ude-Kredit-(261-262). Dies l\u00e4sst sich mit der F\u00f6rderung der Gemeinde Neubiberg kombinieren, aber nicht mit der BAFA F\u00f6rderung. Alternativ kannst Du eine Anlage auch \u00fcber das\u00a0F\u00f6rderprogramm f\u00fcr Erneuerbare Energien (Programm (270)\u00a0der KfW finanzieren und zugleich den Zuschuss [&hellip;]\" \/>\n<meta property=\"og:url\" content=\"https:\/\/klimaneutral2035.de\/en\/solarthermie\/kfw-finanzierung-solarthermie\/\" \/>\n<meta property=\"og:site_name\" content=\"Klimaneutral 2035\" \/>\n<meta property=\"article:publisher\" content=\"https:\/\/www.facebook.com\/Klimaneutral-2035\" \/>\n<meta property=\"article:modified_time\" content=\"2021-10-24T09:57:58+00:00\" \/>\n<meta name=\"twitter:card\" content=\"summary_large_image\" \/>\n<meta name=\"twitter:site\" content=\"@Klimaneutral35\" \/>\n<script type=\"application\/ld+json\" class=\"yoast-schema-graph\">{\"@context\":\"https:\\\/\\\/schema.org\",\"@graph\":[{\"@type\":\"WebPage\",\"@id\":\"https:\\\/\\\/klimaneutral2035.de\\\/solarthermie\\\/kfw-finanzierung-solarthermie\\\/\",\"url\":\"https:\\\/\\\/klimaneutral2035.de\\\/solarthermie\\\/kfw-finanzierung-solarthermie\\\/\",\"name\":\"KfW Finanzierung Solarthermie - Klimaneutral 2035\",\"isPartOf\":{\"@id\":\"https:\\\/\\\/klimaneutral2035.de\\\/#website\"},\"datePublished\":\"2021-10-23T15:45:54+00:00\",\"dateModified\":\"2021-10-24T09:57:58+00:00\",\"breadcrumb\":{\"@id\":\"https:\\\/\\\/klimaneutral2035.de\\\/solarthermie\\\/kfw-finanzierung-solarthermie\\\/#breadcrumb\"},\"inLanguage\":\"en-US\",\"potentialAction\":[{\"@type\":\"ReadAction\",\"target\":[\"https:\\\/\\\/klimaneutral2035.de\\\/solarthermie\\\/kfw-finanzierung-solarthermie\\\/\"]}]},{\"@type\":\"BreadcrumbList\",\"@id\":\"https:\\\/\\\/klimaneutral2035.de\\\/solarthermie\\\/kfw-finanzierung-solarthermie\\\/#breadcrumb\",\"itemListElement\":[{\"@type\":\"ListItem\",\"position\":1,\"name\":\"Startseite\",\"item\":\"https:\\\/\\\/klimaneutral2035.de\\\/\"},{\"@type\":\"ListItem\",\"position\":2,\"name\":\"7 Schritte zur Solarthermie-Anlage\",\"item\":\"https:\\\/\\\/klimaneutral2035.de\\\/solarthermie\\\/\"},{\"@type\":\"ListItem\",\"position\":3,\"name\":\"KfW Finanzierung Solarthermie\"}]},{\"@type\":\"WebSite\",\"@id\":\"https:\\\/\\\/klimaneutral2035.de\\\/#website\",\"url\":\"https:\\\/\\\/klimaneutral2035.de\\\/\",\"name\":\"Klimaneutral 2035\",\"description\":\"Eine Initiative f\u00fcr Neubiberg\",\"publisher\":{\"@id\":\"https:\\\/\\\/klimaneutral2035.de\\\/#organization\"},\"potentialAction\":[{\"@type\":\"SearchAction\",\"target\":{\"@type\":\"EntryPoint\",\"urlTemplate\":\"https:\\\/\\\/klimaneutral2035.de\\\/?s={search_term_string}\"},\"query-input\":{\"@type\":\"PropertyValueSpecification\",\"valueRequired\":true,\"valueName\":\"search_term_string\"}}],\"inLanguage\":\"en-US\"},{\"@type\":\"Organization\",\"@id\":\"https:\\\/\\\/klimaneutral2035.de\\\/#organization\",\"name\":\"Klimaneutral 2035\",\"url\":\"https:\\\/\\\/klimaneutral2035.de\\\/\",\"logo\":{\"@type\":\"ImageObject\",\"inLanguage\":\"en-US\",\"@id\":\"https:\\\/\\\/klimaneutral2035.de\\\/#\\\/schema\\\/logo\\\/image\\\/\",\"url\":\"https:\\\/\\\/klimaneutral2035.de\\\/wp-content\\\/uploads\\\/cropped-favicon.png\",\"contentUrl\":\"https:\\\/\\\/klimaneutral2035.de\\\/wp-content\\\/uploads\\\/cropped-favicon.png\",\"width\":512,\"height\":512,\"caption\":\"Klimaneutral 2035\"},\"image\":{\"@id\":\"https:\\\/\\\/klimaneutral2035.de\\\/#\\\/schema\\\/logo\\\/image\\\/\"},\"sameAs\":[\"https:\\\/\\\/www.facebook.com\\\/Klimaneutral-2035\",\"https:\\\/\\\/x.com\\\/Klimaneutral35\",\"https:\\\/\\\/www.instagram.com\\\/klimaneutral_2035\"]}]}<\/script>\n<!-- \/ Yoast SEO plugin. -->","yoast_head_json":{"title":"KfW Finanzierung Solarthermie - Klimaneutral 2035","robots":{"index":"index","follow":"follow","max-snippet":"max-snippet:-1","max-image-preview":"max-image-preview:large","max-video-preview":"max-video-preview:-1"},"canonical":"https:\/\/klimaneutral2035.de\/en\/solarthermie\/kfw-finanzierung-solarthermie\/","og_locale":"en_US","og_type":"article","og_title":"KfW Finanzierung Solarthermie - Klimaneutral 2035","og_description":"Die KfW vergibt g\u00fcnstige Kredite f\u00fcr Solarthermieanlagen inklusive eines Tilgungszuschusses von 30% mit dem Bundesf\u00f6rderung-f\u00fcr-effiziente-Geb\u00e4ude-Wohngeb\u00e4ude-Kredit-(261-262). Dies l\u00e4sst sich mit der F\u00f6rderung der Gemeinde Neubiberg kombinieren, aber nicht mit der BAFA F\u00f6rderung. Alternativ kannst Du eine Anlage auch \u00fcber das\u00a0F\u00f6rderprogramm f\u00fcr Erneuerbare Energien (Programm (270)\u00a0der KfW finanzieren und zugleich den Zuschuss [&hellip;]","og_url":"https:\/\/klimaneutral2035.de\/en\/solarthermie\/kfw-finanzierung-solarthermie\/","og_site_name":"Klimaneutral 2035","article_publisher":"https:\/\/www.facebook.com\/Klimaneutral-2035","article_modified_time":"2021-10-24T09:57:58+00:00","twitter_card":"summary_large_image","twitter_site":"@Klimaneutral35","schema":{"@context":"https:\/\/schema.org","@graph":[{"@type":"WebPage","@id":"https:\/\/klimaneutral2035.de\/solarthermie\/kfw-finanzierung-solarthermie\/","url":"https:\/\/klimaneutral2035.de\/solarthermie\/kfw-finanzierung-solarthermie\/","name":"KfW Finanzierung Solarthermie - Klimaneutral 2035","isPartOf":{"@id":"https:\/\/klimaneutral2035.de\/#website"},"datePublished":"2021-10-23T15:45:54+00:00","dateModified":"2021-10-24T09:57:58+00:00","breadcrumb":{"@id":"https:\/\/klimaneutral2035.de\/solarthermie\/kfw-finanzierung-solarthermie\/#breadcrumb"},"inLanguage":"en-US","potentialAction":[{"@type":"ReadAction","target":["https:\/\/klimaneutral2035.de\/solarthermie\/kfw-finanzierung-solarthermie\/"]}]},{"@type":"BreadcrumbList","@id":"https:\/\/klimaneutral2035.de\/solarthermie\/kfw-finanzierung-solarthermie\/#breadcrumb","itemListElement":[{"@type":"ListItem","position":1,"name":"Startseite","item":"https:\/\/klimaneutral2035.de\/"},{"@type":"ListItem","position":2,"name":"7 Schritte zur Solarthermie-Anlage","item":"https:\/\/klimaneutral2035.de\/solarthermie\/"},{"@type":"ListItem","position":3,"name":"KfW Finanzierung Solarthermie"}]},{"@type":"WebSite","@id":"https:\/\/klimaneutral2035.de\/#website","url":"https:\/\/klimaneutral2035.de\/","name":"Klimaneutral 2035","description":"Eine Initiative f\u00fcr Neubiberg","publisher":{"@id":"https:\/\/klimaneutral2035.de\/#organization"},"potentialAction":[{"@type":"SearchAction","target":{"@type":"EntryPoint","urlTemplate":"https:\/\/klimaneutral2035.de\/?s={search_term_string}"},"query-input":{"@type":"PropertyValueSpecification","valueRequired":true,"valueName":"search_term_string"}}],"inLanguage":"en-US"},{"@type":"Organization","@id":"https:\/\/klimaneutral2035.de\/#organization","name":"Klimaneutral 2035","url":"https:\/\/klimaneutral2035.de\/","logo":{"@type":"ImageObject","inLanguage":"en-US","@id":"https:\/\/klimaneutral2035.de\/#\/schema\/logo\/image\/","url":"https:\/\/klimaneutral2035.de\/wp-content\/uploads\/cropped-favicon.png","contentUrl":"https:\/\/klimaneutral2035.de\/wp-content\/uploads\/cropped-favicon.png","width":512,"height":512,"caption":"Klimaneutral 2035"},"image":{"@id":"https:\/\/klimaneutral2035.de\/#\/schema\/logo\/image\/"},"sameAs":["https:\/\/www.facebook.com\/Klimaneutral-2035","https:\/\/x.com\/Klimaneutral35","https:\/\/www.instagram.com\/klimaneutral_2035"]}]}},"_links":{"self":[{"href":"https:\/\/klimaneutral2035.de\/en\/wp-json\/wp\/v2\/pages\/2575","targetHints":{"allow":["GET"]}}],"collection":[{"href":"https:\/\/klimaneutral2035.de\/en\/wp-json\/wp\/v2\/pages"}],"about":[{"href":"https:\/\/klimaneutral2035.de\/en\/wp-json\/wp\/v2\/types\/page"}],"author":[{"embeddable":true,"href":"https:\/\/klimaneutral2035.de\/en\/wp-json\/wp\/v2\/users\/1"}],"replies":[{"embeddable":true,"href":"https:\/\/klimaneutral2035.de\/en\/wp-json\/wp\/v2\/comments?post=2575"}],"version-history":[{"count":3,"href":"https:\/\/klimaneutral2035.de\/en\/wp-json\/wp\/v2\/pages\/2575\/revisions"}],"predecessor-version":[{"id":2582,"href":"https:\/\/klimaneutral2035.de\/en\/wp-json\/wp\/v2\/pages\/2575\/revisions\/2582"}],"up":[{"embeddable":true,"href":"https:\/\/klimaneutral2035.de\/en\/wp-json\/wp\/v2\/pages\/2400"}],"wp:attachment":[{"href":"https:\/\/klimaneutral2035.de\/en\/wp-json\/wp\/v2\/media?parent=2575"}],"curies":[{"name":"wp","href":"https:\/\/api.w.org\/{rel}","templated":true}]}}