{"id":2853,"date":"2022-01-06T12:34:14","date_gmt":"2022-01-06T11:34:14","guid":{"rendered":"https:\/\/klimaneutral2035.de\/?page_id=2853"},"modified":"2022-01-17T10:41:40","modified_gmt":"2022-01-17T09:41:40","slug":"foerderung-waermepumpe-in-neubiberg","status":"publish","type":"page","link":"https:\/\/klimaneutral2035.de\/en\/waermepumpe\/foerderung-waermepumpe-in-neubiberg\/","title":{"rendered":"F\u00f6rderung W\u00e4rmepumpe in Neubiberg"},"content":{"rendered":"<p>Die Gemeinde Neubiberg f\u00f6rdert die Installation eines Heizungs-W\u00e4rmepumpensystems f\u00fcr Heizung und zur Brauchwassererw\u00e4rmung von Wohngeb\u00e4uden, sofern eine Voraussetzungen erf\u00fcllt werden. Diese Voraussetzungen sind durchaus auch in Ihrem Interesse, damit Sie die W\u00e4rmepumpe \u00f6konomisch und \u00f6kologisch sinnvoll betreiben k\u00f6nnen. <\/p>\n\n\n\n<p>Wir \u00fcbernehmen keine Garantie f\u00fcr die Richtigkeit der unten genannten Angaben. Bitte pr\u00fcfen Sie vor einer Entscheidung immer die jeweils <strong>aktuellen F\u00f6rderbedingungen<\/strong>: <a rel=\"noreferrer noopener\" href=\"https:\/\/www.neubiberg.de\/ceasy\/resource\/?id=2057&amp;download=1\" target=\"_blank\">https:\/\/www.neubiberg.de\/ceasy\/resource\/?id=2057&amp;download=1<\/a><\/p>\n\n\n\n<p style=\"font-size:1.2em\"><strong>Es werden 15% der Nettokosten gef\u00f6rdert, mit einer maximalen H\u00f6he von <\/strong><\/p>\n\n\n\n<ul class=\"wp-block-list\" style=\"font-size:1.2em\"><li><strong>2.500 \u20ac bei <strong>gleichzeitigem <\/strong>Bezug von 100 % \u00d6kostrom, bzw.<\/strong><\/li><li><strong>3.000 \u20ac bei gleichzeitigem Eigenstromverbrauch einer Photovoltaik-Anlage.<\/strong><\/li><\/ul>\n\n\n\n<p>Die W\u00e4rmepumpe muss dementsprechend entweder mit<\/p>\n\n\n\n<ul class=\"wp-block-list\"><li>100% aus einem echten \u00d6kostrom Tarif betrieben wird, ODER<\/li><li>wenn bei Eigenstromverbrauch einer Photovoltaik-Anlage mit mindestens 5 kWp<\/li><\/ul>\n\n\n\n<p>und ein W\u00e4rmemengenz\u00e4hler installiert wird.<\/p>\n\n\n\n<p>Au\u00dferdem muss die Jahresarbeitszahl (JAZ) der W\u00e4rmepumpe folgende Werte erreichen:<\/p>\n\n\n\n<ul class=\"wp-block-list\"><li>Luft\/Wasser-W\u00e4rmepumpen: 3,2<\/li><li>Sole\/Wasser-W\u00e4rmepumpen: 4,5<\/li><li>Wasser\/Wasser-W\u00e4rmepumpen: 4,5<\/li><\/ul>\n\n\n\n<p>Weiterhin brauche Sie einen Heiz-Check gem\u00e4\u00df der Richtlinie Energieberatungen der Verbraucherzentrale Bundesverband e.V ODER eine Wirtschaftlichkeitsberechnung einer Fachfirma.<\/p>\n\n\n\n<p>Das Antragsformular ist weitestgehend selbsterkl\u00e4rend und finden sich hier:\u00a0<a rel=\"noreferrer noopener\" href=\"https:\/\/www.neubiberg.de\/foerderprogramm-klimaschutz\" target=\"_blank\">https:\/\/www.neubiberg.de\/foerderprogramm-klimaschutz<\/a><\/p>\n\n\n\n<p><strong>Bitte denken Sie daran, den Antrag vor der Beauftragung zu stellen. Sprechen Sie im Zweifelsfall direkt mit der Gemeindeverwaltung.<\/strong><\/p>","protected":false},"excerpt":{"rendered":"<p>Die Gemeinde Neubiberg f\u00f6rdert die Installation eines Heizungs-W\u00e4rmepumpensystems f\u00fcr Heizung und zur Brauchwassererw\u00e4rmung von Wohngeb\u00e4uden, sofern eine Voraussetzungen erf\u00fcllt werden. Diese Voraussetzungen sind durchaus auch in Ihrem Interesse, damit Sie die W\u00e4rmepumpe \u00f6konomisch und \u00f6kologisch sinnvoll betreiben k\u00f6nnen. Wir \u00fcbernehmen keine Garantie f\u00fcr die Richtigkeit der unten genannten Angaben. Bitte [&hellip;]<\/p>\n","protected":false},"author":1,"featured_media":0,"parent":2766,"menu_order":0,"comment_status":"closed","ping_status":"closed","template":"","meta":{"footnotes":""},"class_list":["post-2853","page","type-page","status-publish","hentry"],"yoast_head":"<!-- This site is optimized with the Yoast SEO plugin v27.4 - https:\/\/yoast.com\/product\/yoast-seo-wordpress\/ -->\n<title>F\u00f6rderung W\u00e4rmepumpe in Neubiberg - Klimaneutral 2035<\/title>\n<meta name=\"robots\" content=\"index, follow, max-snippet:-1, max-image-preview:large, max-video-preview:-1\" \/>\n<link rel=\"canonical\" href=\"https:\/\/klimaneutral2035.de\/en\/waermepumpe\/foerderung-waermepumpe-in-neubiberg\/\" \/>\n<meta property=\"og:locale\" content=\"en_US\" \/>\n<meta property=\"og:type\" content=\"article\" \/>\n<meta property=\"og:title\" content=\"F\u00f6rderung W\u00e4rmepumpe in Neubiberg - Klimaneutral 2035\" \/>\n<meta property=\"og:description\" content=\"Die Gemeinde Neubiberg f\u00f6rdert die Installation eines Heizungs-W\u00e4rmepumpensystems f\u00fcr Heizung und zur Brauchwassererw\u00e4rmung von Wohngeb\u00e4uden, sofern eine Voraussetzungen erf\u00fcllt werden. Diese Voraussetzungen sind durchaus auch in Ihrem Interesse, damit Sie die W\u00e4rmepumpe \u00f6konomisch und \u00f6kologisch sinnvoll betreiben k\u00f6nnen. Wir \u00fcbernehmen keine Garantie f\u00fcr die Richtigkeit der unten genannten Angaben. Bitte [&hellip;]\" \/>\n<meta property=\"og:url\" content=\"https:\/\/klimaneutral2035.de\/en\/waermepumpe\/foerderung-waermepumpe-in-neubiberg\/\" \/>\n<meta property=\"og:site_name\" content=\"Klimaneutral 2035\" \/>\n<meta property=\"article:publisher\" content=\"https:\/\/www.facebook.com\/Klimaneutral-2035\" \/>\n<meta property=\"article:modified_time\" content=\"2022-01-17T09:41:40+00:00\" \/>\n<meta name=\"twitter:card\" content=\"summary_large_image\" \/>\n<meta name=\"twitter:site\" content=\"@Klimaneutral35\" \/>\n<meta name=\"twitter:label1\" content=\"Est. reading time\" \/>\n\t<meta name=\"twitter:data1\" content=\"1 minute\" \/>\n<script type=\"application\/ld+json\" class=\"yoast-schema-graph\">{\"@context\":\"https:\\\/\\\/schema.org\",\"@graph\":[{\"@type\":\"WebPage\",\"@id\":\"https:\\\/\\\/klimaneutral2035.de\\\/waermepumpe\\\/foerderung-waermepumpe-in-neubiberg\\\/\",\"url\":\"https:\\\/\\\/klimaneutral2035.de\\\/waermepumpe\\\/foerderung-waermepumpe-in-neubiberg\\\/\",\"name\":\"F\u00f6rderung W\u00e4rmepumpe in Neubiberg - Klimaneutral 2035\",\"isPartOf\":{\"@id\":\"https:\\\/\\\/klimaneutral2035.de\\\/#website\"},\"datePublished\":\"2022-01-06T11:34:14+00:00\",\"dateModified\":\"2022-01-17T09:41:40+00:00\",\"breadcrumb\":{\"@id\":\"https:\\\/\\\/klimaneutral2035.de\\\/waermepumpe\\\/foerderung-waermepumpe-in-neubiberg\\\/#breadcrumb\"},\"inLanguage\":\"en-US\",\"potentialAction\":[{\"@type\":\"ReadAction\",\"target\":[\"https:\\\/\\\/klimaneutral2035.de\\\/waermepumpe\\\/foerderung-waermepumpe-in-neubiberg\\\/\"]}]},{\"@type\":\"BreadcrumbList\",\"@id\":\"https:\\\/\\\/klimaneutral2035.de\\\/waermepumpe\\\/foerderung-waermepumpe-in-neubiberg\\\/#breadcrumb\",\"itemListElement\":[{\"@type\":\"ListItem\",\"position\":1,\"name\":\"Startseite\",\"item\":\"https:\\\/\\\/klimaneutral2035.de\\\/\"},{\"@type\":\"ListItem\",\"position\":2,\"name\":\"W\u00e4rmepumpe\",\"item\":\"https:\\\/\\\/klimaneutral2035.de\\\/waermepumpe\\\/\"},{\"@type\":\"ListItem\",\"position\":3,\"name\":\"F\u00f6rderung W\u00e4rmepumpe in Neubiberg\"}]},{\"@type\":\"WebSite\",\"@id\":\"https:\\\/\\\/klimaneutral2035.de\\\/#website\",\"url\":\"https:\\\/\\\/klimaneutral2035.de\\\/\",\"name\":\"Klimaneutral 2035\",\"description\":\"Eine Initiative f\u00fcr Neubiberg\",\"publisher\":{\"@id\":\"https:\\\/\\\/klimaneutral2035.de\\\/#organization\"},\"potentialAction\":[{\"@type\":\"SearchAction\",\"target\":{\"@type\":\"EntryPoint\",\"urlTemplate\":\"https:\\\/\\\/klimaneutral2035.de\\\/?s={search_term_string}\"},\"query-input\":{\"@type\":\"PropertyValueSpecification\",\"valueRequired\":true,\"valueName\":\"search_term_string\"}}],\"inLanguage\":\"en-US\"},{\"@type\":\"Organization\",\"@id\":\"https:\\\/\\\/klimaneutral2035.de\\\/#organization\",\"name\":\"Klimaneutral 2035\",\"url\":\"https:\\\/\\\/klimaneutral2035.de\\\/\",\"logo\":{\"@type\":\"ImageObject\",\"inLanguage\":\"en-US\",\"@id\":\"https:\\\/\\\/klimaneutral2035.de\\\/#\\\/schema\\\/logo\\\/image\\\/\",\"url\":\"https:\\\/\\\/klimaneutral2035.de\\\/wp-content\\\/uploads\\\/cropped-favicon.png\",\"contentUrl\":\"https:\\\/\\\/klimaneutral2035.de\\\/wp-content\\\/uploads\\\/cropped-favicon.png\",\"width\":512,\"height\":512,\"caption\":\"Klimaneutral 2035\"},\"image\":{\"@id\":\"https:\\\/\\\/klimaneutral2035.de\\\/#\\\/schema\\\/logo\\\/image\\\/\"},\"sameAs\":[\"https:\\\/\\\/www.facebook.com\\\/Klimaneutral-2035\",\"https:\\\/\\\/x.com\\\/Klimaneutral35\",\"https:\\\/\\\/www.instagram.com\\\/klimaneutral_2035\"]}]}<\/script>\n<!-- \/ Yoast SEO plugin. -->","yoast_head_json":{"title":"F\u00f6rderung W\u00e4rmepumpe in Neubiberg - Klimaneutral 2035","robots":{"index":"index","follow":"follow","max-snippet":"max-snippet:-1","max-image-preview":"max-image-preview:large","max-video-preview":"max-video-preview:-1"},"canonical":"https:\/\/klimaneutral2035.de\/en\/waermepumpe\/foerderung-waermepumpe-in-neubiberg\/","og_locale":"en_US","og_type":"article","og_title":"F\u00f6rderung W\u00e4rmepumpe in Neubiberg - Klimaneutral 2035","og_description":"Die Gemeinde Neubiberg f\u00f6rdert die Installation eines Heizungs-W\u00e4rmepumpensystems f\u00fcr Heizung und zur Brauchwassererw\u00e4rmung von Wohngeb\u00e4uden, sofern eine Voraussetzungen erf\u00fcllt werden. Diese Voraussetzungen sind durchaus auch in Ihrem Interesse, damit Sie die W\u00e4rmepumpe \u00f6konomisch und \u00f6kologisch sinnvoll betreiben k\u00f6nnen. Wir \u00fcbernehmen keine Garantie f\u00fcr die Richtigkeit der unten genannten Angaben. Bitte [&hellip;]","og_url":"https:\/\/klimaneutral2035.de\/en\/waermepumpe\/foerderung-waermepumpe-in-neubiberg\/","og_site_name":"Klimaneutral 2035","article_publisher":"https:\/\/www.facebook.com\/Klimaneutral-2035","article_modified_time":"2022-01-17T09:41:40+00:00","twitter_card":"summary_large_image","twitter_site":"@Klimaneutral35","twitter_misc":{"Est. reading time":"1 minute"},"schema":{"@context":"https:\/\/schema.org","@graph":[{"@type":"WebPage","@id":"https:\/\/klimaneutral2035.de\/waermepumpe\/foerderung-waermepumpe-in-neubiberg\/","url":"https:\/\/klimaneutral2035.de\/waermepumpe\/foerderung-waermepumpe-in-neubiberg\/","name":"F\u00f6rderung W\u00e4rmepumpe in Neubiberg - Klimaneutral 2035","isPartOf":{"@id":"https:\/\/klimaneutral2035.de\/#website"},"datePublished":"2022-01-06T11:34:14+00:00","dateModified":"2022-01-17T09:41:40+00:00","breadcrumb":{"@id":"https:\/\/klimaneutral2035.de\/waermepumpe\/foerderung-waermepumpe-in-neubiberg\/#breadcrumb"},"inLanguage":"en-US","potentialAction":[{"@type":"ReadAction","target":["https:\/\/klimaneutral2035.de\/waermepumpe\/foerderung-waermepumpe-in-neubiberg\/"]}]},{"@type":"BreadcrumbList","@id":"https:\/\/klimaneutral2035.de\/waermepumpe\/foerderung-waermepumpe-in-neubiberg\/#breadcrumb","itemListElement":[{"@type":"ListItem","position":1,"name":"Startseite","item":"https:\/\/klimaneutral2035.de\/"},{"@type":"ListItem","position":2,"name":"W\u00e4rmepumpe","item":"https:\/\/klimaneutral2035.de\/waermepumpe\/"},{"@type":"ListItem","position":3,"name":"F\u00f6rderung W\u00e4rmepumpe in Neubiberg"}]},{"@type":"WebSite","@id":"https:\/\/klimaneutral2035.de\/#website","url":"https:\/\/klimaneutral2035.de\/","name":"Klimaneutral 2035","description":"Eine Initiative f\u00fcr Neubiberg","publisher":{"@id":"https:\/\/klimaneutral2035.de\/#organization"},"potentialAction":[{"@type":"SearchAction","target":{"@type":"EntryPoint","urlTemplate":"https:\/\/klimaneutral2035.de\/?s={search_term_string}"},"query-input":{"@type":"PropertyValueSpecification","valueRequired":true,"valueName":"search_term_string"}}],"inLanguage":"en-US"},{"@type":"Organization","@id":"https:\/\/klimaneutral2035.de\/#organization","name":"Klimaneutral 2035","url":"https:\/\/klimaneutral2035.de\/","logo":{"@type":"ImageObject","inLanguage":"en-US","@id":"https:\/\/klimaneutral2035.de\/#\/schema\/logo\/image\/","url":"https:\/\/klimaneutral2035.de\/wp-content\/uploads\/cropped-favicon.png","contentUrl":"https:\/\/klimaneutral2035.de\/wp-content\/uploads\/cropped-favicon.png","width":512,"height":512,"caption":"Klimaneutral 2035"},"image":{"@id":"https:\/\/klimaneutral2035.de\/#\/schema\/logo\/image\/"},"sameAs":["https:\/\/www.facebook.com\/Klimaneutral-2035","https:\/\/x.com\/Klimaneutral35","https:\/\/www.instagram.com\/klimaneutral_2035"]}]}},"_links":{"self":[{"href":"https:\/\/klimaneutral2035.de\/en\/wp-json\/wp\/v2\/pages\/2853","targetHints":{"allow":["GET"]}}],"collection":[{"href":"https:\/\/klimaneutral2035.de\/en\/wp-json\/wp\/v2\/pages"}],"about":[{"href":"https:\/\/klimaneutral2035.de\/en\/wp-json\/wp\/v2\/types\/page"}],"author":[{"embeddable":true,"href":"https:\/\/klimaneutral2035.de\/en\/wp-json\/wp\/v2\/users\/1"}],"replies":[{"embeddable":true,"href":"https:\/\/klimaneutral2035.de\/en\/wp-json\/wp\/v2\/comments?post=2853"}],"version-history":[{"count":4,"href":"https:\/\/klimaneutral2035.de\/en\/wp-json\/wp\/v2\/pages\/2853\/revisions"}],"predecessor-version":[{"id":2884,"href":"https:\/\/klimaneutral2035.de\/en\/wp-json\/wp\/v2\/pages\/2853\/revisions\/2884"}],"up":[{"embeddable":true,"href":"https:\/\/klimaneutral2035.de\/en\/wp-json\/wp\/v2\/pages\/2766"}],"wp:attachment":[{"href":"https:\/\/klimaneutral2035.de\/en\/wp-json\/wp\/v2\/media?parent=2853"}],"curies":[{"name":"wp","href":"https:\/\/api.w.org\/{rel}","templated":true}]}}