{"id":2876,"date":"2022-01-17T10:13:24","date_gmt":"2022-01-17T09:13:24","guid":{"rendered":"https:\/\/klimaneutral2035.de\/?page_id=2876"},"modified":"2022-02-23T20:52:36","modified_gmt":"2022-02-23T19:52:36","slug":"waermepumpe-faq","status":"publish","type":"page","link":"https:\/\/klimaneutral2035.de\/en\/waermepumpe\/waermepumpe-faq\/","title":{"rendered":"W\u00e4rmepumpe FAQ"},"content":{"rendered":"<div class=\"vc_row wpb_row vc_row-fluid\"><div class=\"wpb_column vc_column_container vc_col-sm-12\"><div class=\"vc_column-inner\"><div class=\"wpb_wrapper\">\n\t<div class=\"wpb_text_column wpb_content_element\" >\n\t\t<div class=\"wpb_wrapper\">\n\t\t\t<p>Es gibt viele Fragen zu und auch einige Vorurteile gegen\u00fcber W\u00e4rmepumpen. Hier versuchen wir die wichtigsten zu beantworten.<\/p>\n\n\t\t<\/div>\n\t<\/div>\n<div  class=\"clear swmsc_gap\" style=\"margin:20px 0 0 0;\"><\/div><div  class=\"swmsc_toggle_box\"  data-id=\"closed\" >\n\t\t\t\t\t\t<span class=\"swmsc_toggle_box_title\"><span class=\"swmsc_toggle_box_title_icon\"><i class=\"fa fa-home\"><\/i><\/span><span class=\"swmsc_toggle_box_title_text\">Funktionieren W\u00e4rmepumpen auch in Bestandsgeb\u00e4uden?<i class=\"fa fa-plus-square-o openclose\"><\/i><i class=\"fa fa-minus-square-o openclose\"><\/i><\/span><\/span>\n\t\t\t\t\t\t<div class=\"swmsc_toggle_box_inner\">\n\t\t\t\t\t\t\t<p> Ob sich im Altbau eine W\u00e4rmepumpe nachr\u00fcsten l\u00e4sst, erkennen Hausbesitzer mit einem einfachen Test. Dabei m\u00fcssen sie die Vorlauftemperatur an einem sehr kalten Tag auf 45 bis 50 Gras Celsius begrenzen. Drehen sie dann die Thermostate auf und das Haus wird wohlig warm, kann sich die W\u00e4rmepumpe im Altbau lohnen. Bleibt es dagegen kalt, sollte ein Installateur die Heizlast ermitteln und einige Heizk\u00f6rper austauschen \u2013 oft reicht diese Ma\u00dfnahme bereits aus, um die Bedingungen f\u00fcr die Umweltheizung zu verbessern. \u00a0<\/p>\n\t\t\t\t\t\t<\/div>\n\t\t\t\t\t<\/div><div  class=\"swmsc_toggle_box\"  data-id=\"closed\" >\n\t\t\t\t\t\t<span class=\"swmsc_toggle_box_title\"><span class=\"swmsc_toggle_box_title_icon\"><i class=\"fa fa-leaf\"><\/i><\/span><span class=\"swmsc_toggle_box_title_text\">K\u00f6nnen W\u00e4rmepumpen klimaneutral betrieben werden?<i class=\"fa fa-plus-square-o openclose\"><\/i><i class=\"fa fa-minus-square-o openclose\"><\/i><\/span><\/span>\n\t\t\t\t\t\t<div class=\"swmsc_toggle_box_inner\">\n\t\t\t\t\t\t\t\r\n<p>Ja,<\/p>\r\n<p>der Strommix in Deutschland besteht zu einem stetig steigenden Anteil aus erneuerbaren Energien und wird mittelfristig vollst\u00e4ndig daraus bestehen. Je gr\u00fcner der Strommix, desto klimafreundlicher ist auch Ihre W\u00e4rmepumpe. Bis der Strom in Deutschland vollst\u00e4ndig aus erneuerbaren Energien bestehen wird, sollten Sie einen <a href=\"https:\/\/www.verbraucherzentrale.de\/wissen\/energie\/preise-tarife-anbieterwechsel\/ist-ein-tarif-mit-oekostrom-und-oekogas-ueberhaupt-sinnvoll-8207\" target=\"_blank\" rel=\"noopener\">echten \u00d6kostromtarif<\/a>\u00a0w\u00e4hlen.<\/p>\r\n\n\t\t\t\t\t\t<\/div>\n\t\t\t\t\t<\/div><div  class=\"swmsc_toggle_box\"  data-id=\"closed\" >\n\t\t\t\t\t\t<span class=\"swmsc_toggle_box_title\"><span class=\"swmsc_toggle_box_title_icon\"><i class=\"fa fa-cubes\"><\/i><\/span><span class=\"swmsc_toggle_box_title_text\">Was bedeuten JAZ, COP, SCOP und ETA?<i class=\"fa fa-plus-square-o openclose\"><\/i><i class=\"fa fa-minus-square-o openclose\"><\/i><\/span><\/span>\n\t\t\t\t\t\t<div class=\"swmsc_toggle_box_inner\">\n\t\t\t\t\t\t\t\r\n<p> Vorab: Die Jahresarbeitszahl (JAZ) ist die wichtigste Kennzahl, die die tats\u00e4chliche Effizienz Ihrer W\u00e4rmepumpe \u00fcber das gesamt Jahr widerspiegelt. Die ETA wird f\u00fcr die F\u00f6rderung durch die BAFA ben\u00f6tigt.<\/p>\r\n<h5>Leistungszahl (COP)<\/h5>\r\n<div class=\"tab\">\r\n<div class=\"tab-content\">\r\n<p>Die sogenannte Leistungszahl (auch COP, Coefficient of Performance) wird als Berechnungsgrundlage f\u00fcr die theoretische Effizienz einer W\u00e4rmepumpe verwendet. Staatliche F\u00f6rderungen orientieren sich an diesem Wert. Mit der Leistungszahl kann man W\u00e4rmepumpen verschiedener Hersteller in der Theorie vergleichen. Eine Leistungszahl von 4,0 bedeutet, dass die W\u00e4rmepumpe 100 % Heizenergie mit 25 % Strom erzeugt. Oder anders formuliert: Mit 1 Kilowatt Strom kann die W\u00e4rmepumpe 4 Kilowatt Heizw\u00e4rme erzeugen. Gut zu wissen: W\u00e4rmepumpen neuerer Bauart erzielen meist Leistungszahlen zwischen 3,5 und 5,5.<\/p>\r\n<\/div>\r\n<\/div>\r\n<div class=\"tab\">\r\n<h5 class=\"tab-lable trackingEvent\" data-event=\"026 - FAQ Accordion\" data-neweventcategory=\"026_faq_begriffe_19736\" data-neweventaction=\"Item_2\">Seasonal Coefficient of Performance (SCOP)<\/h5>\r\n<div class=\"tab-content\">\r\n<p>Eine Erweiterung der Leistungszahl COP ist der SCOP. Diese Abk\u00fcrzung steht f\u00fcr \u201cSeasonal Coefficient of Performance\u201d. Zur Ermittlung des SCOP wird die Effizienz einer W\u00e4rmepumpe an vier Betriebspunkten ermittelt, die den durchschnittlichen Au\u00dfentemperaturen der vier Jahreszeiten entsprechen: 12 \u00b0C, 7 \u00b0C, 2 \u00b0C und -7 \u00b0C.<\/p>\r\n<\/div>\r\n<\/div>\r\n<div class=\"tab\">\r\n<h5 class=\"tab-lable trackingEvent\" data-event=\"026 - FAQ Accordion\" data-neweventcategory=\"026_faq_begriffe_19736\" data-neweventaction=\"Item_3\">ETA<\/h5>\r\n<div class=\"tab-content\">\r\n<p>Aus dem SCOP, der die Effizienz der W\u00e4rmepumpe im Verlauf der Heizperioden eines Jahres abbildet, wird die jahreszeitbedingte Raumheizungs-Energieeffizienz (ETAs) errechnet. Die ETA wird aus der jahreszeitbedingten Leistungszahl (SCOP) durch Division mit 2,5 errechnet und dr\u00fcckt \u201equasi\u201c aus, wie viel Prim\u00e4renergie f\u00fcr eine Kilowattstunde W\u00e4rme ben\u00f6tigt wird. Die Berechnung erfolgt unter der europ\u00e4ischen Annahme, dass der Prim\u00e4renergiefaktor f\u00fcr Strom bei 2,5 liegt. Damit gilt als F\u00f6rderbedingung au\u00dfer der Effizienz der W\u00e4rmepumpe auch die Umweltbelastung f\u00fcr die Erzeugung des Stroms als Antriebsenergie.<\/p>\r\n<\/div>\r\n<\/div>\r\n<div class=\"tab\">\r\n<h5 class=\"tab-lable trackingEvent\" data-event=\"026 - FAQ Accordion\" data-neweventcategory=\"026_faq_begriffe_19736\" data-neweventaction=\"Item_4\">Jahresarbeitszahl (JAZ)<\/h5>\r\n<div class=\"tab-content\">\r\n<p>Die Jahresarbeitszahl (JAZ) bezieht sich auf ein Jahr Betriebsdauer und ist somit ein praxisnaher Wert f\u00fcr die Effizienz von W\u00e4rmepumpen. F\u00fcr dich als Verbraucher:in ist die Jahresarbeitszahl der wichtigere Wert beim Kauf einer W\u00e4rmepumpe. Denn bei der Jahresarbeitszahl wird die Effizienz des gesamten Heizungssystems ber\u00fccksichtigt. Auch die D\u00e4mmung deines Hauses spielt eine wichtige Rolle. Somit ist dieser Wert immer individuell von Fall zu Fall zu bestimmen. Je h\u00f6her die Jahresarbeitszahl ist, desto effizienter arbeitet die Pumpe. Schwache W\u00e4rmepumpen erzielen eine JAZ von 3,5, sehr gute erreichen Werte von \u00fcber 4,5. Die h\u00f6chsten Jahresarbeitszahlen lassen sich mit Grundwasser-W\u00e4rmepumpen erzielen.<\/p>\r\n<p>Quelle der Definitionen: <a href=\"https:\/\/www.polarstern-energie.de\/magazin\/artikel\/heizen-waermepumpe-faq-vergleich\/\" target=\"_blank\" rel=\"noopener\">Polarstern<\/a><\/p>\r\n<\/div>\r\n<\/div>\r\n\n\t\t\t\t\t\t<\/div>\n\t\t\t\t\t<\/div><div  class=\"swmsc_toggle_box\"  data-id=\"closed\" >\n\t\t\t\t\t\t<span class=\"swmsc_toggle_box_title\"><span class=\"swmsc_toggle_box_title_icon\"><i class=\"fa fa-eur\"><\/i><\/span><span class=\"swmsc_toggle_box_title_text\">Gibt es g\u00fcnstige Stromtarife f\u00fcr W\u00e4rmepumpen?<i class=\"fa fa-plus-square-o openclose\"><\/i><i class=\"fa fa-minus-square-o openclose\"><\/i><\/span><\/span>\n\t\t\t\t\t\t<div class=\"swmsc_toggle_box_inner\">\n\t\t\t\t\t\t\tJa,<\/p>\r\n<p>es gibt f\u00fcr W\u00e4rmepumpen verbilligte Tarife. <a href=\"https:\/\/www.verbraucherzentrale-bayern.de\/wissen\/energie\/preise-tarife-anbieterwechsel\/guenstige-stromtarife-fuer-ihre-waermepumpenheizung-finden-13750\" target=\"_blank\" rel=\"noopener\">Mehr Informationen finden Sie hier&#8230;<\/a>\n\t\t\t\t\t\t<\/div>\n\t\t\t\t\t<\/div><div  class=\"swmsc_toggle_box\"  data-id=\"closed\" >\n\t\t\t\t\t\t<span class=\"swmsc_toggle_box_title\"><span class=\"swmsc_toggle_box_title_icon\"><i class=\"fa fa-wrench\"><\/i><\/span><span class=\"swmsc_toggle_box_title_text\">Mit welchen Kosten muss ich bei der Wartung einer W\u00e4rmepumpe rechnen?<i class=\"fa fa-plus-square-o openclose\"><\/i><i class=\"fa fa-minus-square-o openclose\"><\/i><\/span><\/span>\n\t\t\t\t\t\t<div class=\"swmsc_toggle_box_inner\">\n\t\t\t\t\t\t\t\r\n<p> Die Wartung einer W\u00e4rmepumpe f\u00e4llt in der Regel geringer aus, als bei Gas- oder \u00d6lkesseln. Auch die Kosten f\u00fcr den Schornsteinfeger fallen komplett weg.<\/p>\r\n<p><a href=\"https:\/\/www.verbraucherzentrale-bayern.de\/wissen\/energie\/heizen-und-warmwasser\/waermepumpe-alle-was-sie-wissen-muessen-im-ueberblick-5439#17\" target=\"_blank\" rel=\"noopener\">Mehr Informationen finden Sie hier&#8230;<\/a><\/p>\r\n<\/p>\r\n\n\t\t\t\t\t\t<\/div>\n\t\t\t\t\t<\/div><div  class=\"swmsc_toggle_box\"  data-id=\"closed\" >\n\t\t\t\t\t\t<span class=\"swmsc_toggle_box_title\"><span class=\"swmsc_toggle_box_title_icon\"><i class=\"fa fa-level-down\"><\/i><\/span><span class=\"swmsc_toggle_box_title_text\">Kann eine W\u00e4rmepumpe auch k\u00fchlen?<i class=\"fa fa-plus-square-o openclose\"><\/i><i class=\"fa fa-minus-square-o openclose\"><\/i><\/span><\/span>\n\t\t\t\t\t\t<div class=\"swmsc_toggle_box_inner\">\n\t\t\t\t\t\t\t\r\n<p>Ja, bei manchen W\u00e4rmepumpen geht das. <a href=\"https:\/\/www.verbraucherzentrale-bayern.de\/wissen\/energie\/heizen-und-warmwasser\/waermepumpe-alle-was-sie-wissen-muessen-im-ueberblick-5439#13\" target=\"_blank\" rel=\"noopener\">Mehr Informationen finden Sie hier&#8230;<\/a><\/p>\r\n<\/p>\r\n\n\t\t\t\t\t\t<\/div>\n\t\t\t\t\t<\/div><div  class=\"swmsc_toggle_box\"  data-id=\"closed\" >\n\t\t\t\t\t\t<span class=\"swmsc_toggle_box_title\"><span class=\"swmsc_toggle_box_title_icon\"><i class=\"fa fa-fire\"><\/i><\/span><span class=\"swmsc_toggle_box_title_text\">Was muss ich beim K\u00e4ltemittel beachten<i class=\"fa fa-plus-square-o openclose\"><\/i><i class=\"fa fa-minus-square-o openclose\"><\/i><\/span><\/span>\n\t\t\t\t\t\t<div class=\"swmsc_toggle_box_inner\">\n\t\t\t\t\t\t\t\r\n<p>Achten Sie beim K\u00e4ltemittel auf einen niedrigen GWP-Wert. <a href=\"https:\/\/www.verbraucherzentrale-bayern.de\/wissen\/energie\/heizen-und-warmwasser\/waermepumpe-alles-was-sie-wissen-muessen-im-ueberblick-5439#8\" target=\"_blank\" rel=\"noopener\">Mehr Informationen finden Sie hier&#8230;<\/a><\/p>\r\n<\/p>\r\n\n\t\t\t\t\t\t<\/div>\n\t\t\t\t\t<\/div><div  class=\"swmsc_toggle_box\"  data-id=\"closed\" >\n\t\t\t\t\t\t<span class=\"swmsc_toggle_box_title\"><span class=\"swmsc_toggle_box_title_icon\"><i class=\"fa fa-gear\"><\/i><\/span><span class=\"swmsc_toggle_box_title_text\">Sollte ich auf W\u00e4rmepumpen mit Invertertechnik setzen?<i class=\"fa fa-plus-square-o openclose\"><\/i><i class=\"fa fa-minus-square-o openclose\"><\/i><\/span><\/span>\n\t\t\t\t\t\t<div class=\"swmsc_toggle_box_inner\">\n\t\t\t\t\t\t\t\r\n<p>\r\n<p>\u00dcblich sind heute W\u00e4rmepumpen mit sogenannter Invertertechnik, die die Effizienz steigert. Diese Ger\u00e4te laufen bei geringem Heizw\u00e4rmebedarf mit verringerter Leistung und sparen so Energie. Dar\u00fcber hinaus verl\u00e4ngert die Technik die Lebensdauer der Heizung und sorgt f\u00fcr mehr Laufruhe und ein an den Bedarf der Bewohner angepasstes Heizen. Achten Sie darauf, ein Ger\u00e4t mit Invertertechnik zu kaufen.<\/p>\r\n<p><a href=\"https:\/\/www.verbraucherzentrale-bayern.de\/wissen\/energie\/heizen-und-warmwasser\/waermepumpe-alle-was-sie-wissen-muessen-im-ueberblick-5439#6\" target=\"_blank\" rel=\"noopener\">Mehr Informationen finden Sie hier&#8230;<\/a><\/p>\r\n<\/p>\r\n\n\t\t\t\t\t\t<\/div>\n\t\t\t\t\t<\/div><div  class=\"swmsc_toggle_box\"  data-id=\"closed\" >\n\t\t\t\t\t\t<span class=\"swmsc_toggle_box_title\"><span class=\"swmsc_toggle_box_title_icon\"><i class=\"fa fa-bar-chart\"><\/i><\/span><span class=\"swmsc_toggle_box_title_text\">Sollte ich einen W\u00e4rmemengenz\u00e4hler mit meiner W\u00e4rmepumpe einbauen?<i class=\"fa fa-plus-square-o openclose\"><\/i><i class=\"fa fa-minus-square-o openclose\"><\/i><\/span><\/span>\n\t\t\t\t\t\t<div class=\"swmsc_toggle_box_inner\">\n\t\t\t\t\t\t\t\r\n<p> Ja,<\/p>\r\n<p>das ist sinnvoll, um die tats\u00e4chliche Effizienz ihrer W\u00e4rmepumpe festzustellen und zudem F\u00f6rdervoraussetzung.<\/p>\r\n<p><a href=\"https:\/\/www.verbraucherzentrale-bayern.de\/wissen\/energie\/heizen-und-warmwasser\/waermepumpe-alle-was-sie-wissen-muessen-im-ueberblick-5439#5\" target=\"_blank\" rel=\"noopener\">Mehr Informationen hier&#8230;<\/a><\/p>\r\n<\/p>\r\n\n\t\t\t\t\t\t<\/div>\n\t\t\t\t\t<\/div><div  class=\"swmsc_toggle_box\"  data-id=\"closed\" >\n\t\t\t\t\t\t<span class=\"swmsc_toggle_box_title\"><span class=\"swmsc_toggle_box_title_icon\"><i class=\"fa fa-check-square-o\"><\/i><\/span><span class=\"swmsc_toggle_box_title_text\">Worauf muss ich bei Labels und Siegeln achten?<i class=\"fa fa-plus-square-o openclose\"><\/i><i class=\"fa fa-minus-square-o openclose\"><\/i><\/span><\/span>\n\t\t\t\t\t\t<div class=\"swmsc_toggle_box_inner\">\n\t\t\t\t\t\t\t\r\n<p>\u00a0Die W\u00e4rmepumpe sollte Smart Grid ready (\u201eSG Ready\u201c) sein und das Siegel der EHPA, der Europ\u00e4ischen W\u00e4rmepumpenvereinigung haben. Die Effizienzklasse spielt keine wesentliche Rolle, da sie wohl meist die h\u00f6chste Stife erreicht wird. <a href=\"https:\/\/www.verbraucherzentrale-bayern.de\/wissen\/energie\/heizen-und-warmwasser\/waermepumpe-alle-was-sie-wissen-muessen-im-ueberblick-5439#7\" target=\"_blank\" rel=\"noopener\">Mehr Informationen finden Sie hier&#8230;<\/a><\/p>\r\n<\/p>\r\n\n\t\t\t\t\t\t<\/div>\n\t\t\t\t\t<\/div><\/div><\/div><\/div><\/div>","protected":false},"excerpt":{"rendered":"Es gibt viele Fragen zu und auch einige Vorurteile gegen\u00fcber W\u00e4rmepumpen. Hier versuchen wir die wichtigsten zu beantworten. Funktionieren W\u00e4rmepumpen auch in Bestandsgeb\u00e4uden? Ob sich im Altbau eine W\u00e4rmepumpe nachr\u00fcsten l\u00e4sst, erkennen Hausbesitzer mit einem einfachen Test. Dabei m\u00fcssen sie die Vorlauftemperatur an einem sehr kalten Tag auf 45 bis [...]","protected":false},"author":1,"featured_media":0,"parent":2766,"menu_order":0,"comment_status":"closed","ping_status":"closed","template":"","meta":{"footnotes":""},"class_list":["post-2876","page","type-page","status-publish","hentry"],"yoast_head":"<!-- This site is optimized with the Yoast SEO plugin v27.5 - https:\/\/yoast.com\/product\/yoast-seo-wordpress\/ -->\n<title>W\u00e4rmepumpe FAQ - Klimaneutral 2035<\/title>\n<meta name=\"robots\" content=\"index, follow, max-snippet:-1, max-image-preview:large, max-video-preview:-1\" \/>\n<link rel=\"canonical\" href=\"https:\/\/klimaneutral2035.de\/en\/waermepumpe\/waermepumpe-faq\/\" \/>\n<meta property=\"og:locale\" content=\"en_US\" \/>\n<meta property=\"og:type\" content=\"article\" \/>\n<meta property=\"og:title\" content=\"W\u00e4rmepumpe FAQ - Klimaneutral 2035\" \/>\n<meta property=\"og:url\" content=\"https:\/\/klimaneutral2035.de\/en\/waermepumpe\/waermepumpe-faq\/\" \/>\n<meta property=\"og:site_name\" content=\"Klimaneutral 2035\" \/>\n<meta property=\"article:publisher\" content=\"https:\/\/www.facebook.com\/Klimaneutral-2035\" \/>\n<meta property=\"article:modified_time\" content=\"2022-02-23T19:52:36+00:00\" \/>\n<meta name=\"twitter:card\" content=\"summary_large_image\" \/>\n<meta name=\"twitter:site\" content=\"@Klimaneutral35\" \/>\n<meta name=\"twitter:label1\" content=\"Est. reading time\" \/>\n\t<meta name=\"twitter:data1\" content=\"5 minutes\" \/>\n<script type=\"application\/ld+json\" class=\"yoast-schema-graph\">{\"@context\":\"https:\\\/\\\/schema.org\",\"@graph\":[{\"@type\":\"WebPage\",\"@id\":\"https:\\\/\\\/klimaneutral2035.de\\\/waermepumpe\\\/waermepumpe-faq\\\/\",\"url\":\"https:\\\/\\\/klimaneutral2035.de\\\/waermepumpe\\\/waermepumpe-faq\\\/\",\"name\":\"W\u00e4rmepumpe FAQ - Klimaneutral 2035\",\"isPartOf\":{\"@id\":\"https:\\\/\\\/klimaneutral2035.de\\\/#website\"},\"datePublished\":\"2022-01-17T09:13:24+00:00\",\"dateModified\":\"2022-02-23T19:52:36+00:00\",\"breadcrumb\":{\"@id\":\"https:\\\/\\\/klimaneutral2035.de\\\/waermepumpe\\\/waermepumpe-faq\\\/#breadcrumb\"},\"inLanguage\":\"en-US\",\"potentialAction\":[{\"@type\":\"ReadAction\",\"target\":[\"https:\\\/\\\/klimaneutral2035.de\\\/waermepumpe\\\/waermepumpe-faq\\\/\"]}]},{\"@type\":\"BreadcrumbList\",\"@id\":\"https:\\\/\\\/klimaneutral2035.de\\\/waermepumpe\\\/waermepumpe-faq\\\/#breadcrumb\",\"itemListElement\":[{\"@type\":\"ListItem\",\"position\":1,\"name\":\"Startseite\",\"item\":\"https:\\\/\\\/klimaneutral2035.de\\\/\"},{\"@type\":\"ListItem\",\"position\":2,\"name\":\"W\u00e4rmepumpe\",\"item\":\"https:\\\/\\\/klimaneutral2035.de\\\/waermepumpe\\\/\"},{\"@type\":\"ListItem\",\"position\":3,\"name\":\"W\u00e4rmepumpe FAQ\"}]},{\"@type\":\"WebSite\",\"@id\":\"https:\\\/\\\/klimaneutral2035.de\\\/#website\",\"url\":\"https:\\\/\\\/klimaneutral2035.de\\\/\",\"name\":\"Klimaneutral 2035\",\"description\":\"Eine Initiative f\u00fcr Neubiberg\",\"publisher\":{\"@id\":\"https:\\\/\\\/klimaneutral2035.de\\\/#organization\"},\"potentialAction\":[{\"@type\":\"SearchAction\",\"target\":{\"@type\":\"EntryPoint\",\"urlTemplate\":\"https:\\\/\\\/klimaneutral2035.de\\\/?s={search_term_string}\"},\"query-input\":{\"@type\":\"PropertyValueSpecification\",\"valueRequired\":true,\"valueName\":\"search_term_string\"}}],\"inLanguage\":\"en-US\"},{\"@type\":\"Organization\",\"@id\":\"https:\\\/\\\/klimaneutral2035.de\\\/#organization\",\"name\":\"Klimaneutral 2035\",\"url\":\"https:\\\/\\\/klimaneutral2035.de\\\/\",\"logo\":{\"@type\":\"ImageObject\",\"inLanguage\":\"en-US\",\"@id\":\"https:\\\/\\\/klimaneutral2035.de\\\/#\\\/schema\\\/logo\\\/image\\\/\",\"url\":\"https:\\\/\\\/klimaneutral2035.de\\\/wp-content\\\/uploads\\\/cropped-favicon.png\",\"contentUrl\":\"https:\\\/\\\/klimaneutral2035.de\\\/wp-content\\\/uploads\\\/cropped-favicon.png\",\"width\":512,\"height\":512,\"caption\":\"Klimaneutral 2035\"},\"image\":{\"@id\":\"https:\\\/\\\/klimaneutral2035.de\\\/#\\\/schema\\\/logo\\\/image\\\/\"},\"sameAs\":[\"https:\\\/\\\/www.facebook.com\\\/Klimaneutral-2035\",\"https:\\\/\\\/x.com\\\/Klimaneutral35\",\"https:\\\/\\\/www.instagram.com\\\/klimaneutral_2035\"]}]}<\/script>\n<!-- \/ Yoast SEO plugin. -->","yoast_head_json":{"title":"W\u00e4rmepumpe FAQ - Klimaneutral 2035","robots":{"index":"index","follow":"follow","max-snippet":"max-snippet:-1","max-image-preview":"max-image-preview:large","max-video-preview":"max-video-preview:-1"},"canonical":"https:\/\/klimaneutral2035.de\/en\/waermepumpe\/waermepumpe-faq\/","og_locale":"en_US","og_type":"article","og_title":"W\u00e4rmepumpe FAQ - Klimaneutral 2035","og_url":"https:\/\/klimaneutral2035.de\/en\/waermepumpe\/waermepumpe-faq\/","og_site_name":"Klimaneutral 2035","article_publisher":"https:\/\/www.facebook.com\/Klimaneutral-2035","article_modified_time":"2022-02-23T19:52:36+00:00","twitter_card":"summary_large_image","twitter_site":"@Klimaneutral35","twitter_misc":{"Est. reading time":"5 minutes"},"schema":{"@context":"https:\/\/schema.org","@graph":[{"@type":"WebPage","@id":"https:\/\/klimaneutral2035.de\/waermepumpe\/waermepumpe-faq\/","url":"https:\/\/klimaneutral2035.de\/waermepumpe\/waermepumpe-faq\/","name":"W\u00e4rmepumpe FAQ - Klimaneutral 2035","isPartOf":{"@id":"https:\/\/klimaneutral2035.de\/#website"},"datePublished":"2022-01-17T09:13:24+00:00","dateModified":"2022-02-23T19:52:36+00:00","breadcrumb":{"@id":"https:\/\/klimaneutral2035.de\/waermepumpe\/waermepumpe-faq\/#breadcrumb"},"inLanguage":"en-US","potentialAction":[{"@type":"ReadAction","target":["https:\/\/klimaneutral2035.de\/waermepumpe\/waermepumpe-faq\/"]}]},{"@type":"BreadcrumbList","@id":"https:\/\/klimaneutral2035.de\/waermepumpe\/waermepumpe-faq\/#breadcrumb","itemListElement":[{"@type":"ListItem","position":1,"name":"Startseite","item":"https:\/\/klimaneutral2035.de\/"},{"@type":"ListItem","position":2,"name":"W\u00e4rmepumpe","item":"https:\/\/klimaneutral2035.de\/waermepumpe\/"},{"@type":"ListItem","position":3,"name":"W\u00e4rmepumpe FAQ"}]},{"@type":"WebSite","@id":"https:\/\/klimaneutral2035.de\/#website","url":"https:\/\/klimaneutral2035.de\/","name":"Klimaneutral 2035","description":"Eine Initiative f\u00fcr Neubiberg","publisher":{"@id":"https:\/\/klimaneutral2035.de\/#organization"},"potentialAction":[{"@type":"SearchAction","target":{"@type":"EntryPoint","urlTemplate":"https:\/\/klimaneutral2035.de\/?s={search_term_string}"},"query-input":{"@type":"PropertyValueSpecification","valueRequired":true,"valueName":"search_term_string"}}],"inLanguage":"en-US"},{"@type":"Organization","@id":"https:\/\/klimaneutral2035.de\/#organization","name":"Klimaneutral 2035","url":"https:\/\/klimaneutral2035.de\/","logo":{"@type":"ImageObject","inLanguage":"en-US","@id":"https:\/\/klimaneutral2035.de\/#\/schema\/logo\/image\/","url":"https:\/\/klimaneutral2035.de\/wp-content\/uploads\/cropped-favicon.png","contentUrl":"https:\/\/klimaneutral2035.de\/wp-content\/uploads\/cropped-favicon.png","width":512,"height":512,"caption":"Klimaneutral 2035"},"image":{"@id":"https:\/\/klimaneutral2035.de\/#\/schema\/logo\/image\/"},"sameAs":["https:\/\/www.facebook.com\/Klimaneutral-2035","https:\/\/x.com\/Klimaneutral35","https:\/\/www.instagram.com\/klimaneutral_2035"]}]}},"_links":{"self":[{"href":"https:\/\/klimaneutral2035.de\/en\/wp-json\/wp\/v2\/pages\/2876","targetHints":{"allow":["GET"]}}],"collection":[{"href":"https:\/\/klimaneutral2035.de\/en\/wp-json\/wp\/v2\/pages"}],"about":[{"href":"https:\/\/klimaneutral2035.de\/en\/wp-json\/wp\/v2\/types\/page"}],"author":[{"embeddable":true,"href":"https:\/\/klimaneutral2035.de\/en\/wp-json\/wp\/v2\/users\/1"}],"replies":[{"embeddable":true,"href":"https:\/\/klimaneutral2035.de\/en\/wp-json\/wp\/v2\/comments?post=2876"}],"version-history":[{"count":10,"href":"https:\/\/klimaneutral2035.de\/en\/wp-json\/wp\/v2\/pages\/2876\/revisions"}],"predecessor-version":[{"id":3007,"href":"https:\/\/klimaneutral2035.de\/en\/wp-json\/wp\/v2\/pages\/2876\/revisions\/3007"}],"up":[{"embeddable":true,"href":"https:\/\/klimaneutral2035.de\/en\/wp-json\/wp\/v2\/pages\/2766"}],"wp:attachment":[{"href":"https:\/\/klimaneutral2035.de\/en\/wp-json\/wp\/v2\/media?parent=2876"}],"curies":[{"name":"wp","href":"https:\/\/api.w.org\/{rel}","templated":true}]}}