{"id":3066,"date":"2022-03-09T07:17:58","date_gmt":"2022-03-09T06:17:58","guid":{"rendered":"https:\/\/klimaneutral2035.de\/?page_id=3066"},"modified":"2022-03-09T07:30:47","modified_gmt":"2022-03-09T06:30:47","slug":"oekostrom-foerderung","status":"publish","type":"page","link":"https:\/\/klimaneutral2035.de\/en\/oekostrom\/oekostrom-foerderung\/","title":{"rendered":"\u00d6kostrom F\u00f6rderung"},"content":{"rendered":"<p><strong>F\u00f6rdergegenstand<\/strong><br>Einmalige Bonuszahlung beim Umstieg auf 100 % \u00d6kostrom f\u00fcr die Versorgung des gesamten Wohngeb\u00e4udes bzw. aller Wohn- und Gewerbeeinheiten bei privaten Wohngeb\u00e4uden.<\/p>\n\n\n\n<p><br><strong>Antragsberechtigte<\/strong><\/p>\n\n\n\n<p>Privatpersonen (Eigent\u00fcmer, Mieter), WEG, Gewerbetreibende.<\/p>\n\n\n\n<p><br><strong>F\u00f6rdervoraussetzungen<\/strong><br>100 % \u00d6kostrom, dieser muss mindestens 36 Monate ohne Unterbrechung von demselben Lieferanten bezogen werden. Die Haltedauer von 36 Monaten beginnt mit dem Datum der Auszahlung des F\u00f6rderbetrages.<\/p>\n\n\n\n<p>Achtung: Wenn die Stromversorgung durch eine PV-Anlage unterst\u00fctzt wird, ist eine F\u00f6rderung nicht m\u00f6glich, da laut Gemeinde die Stromversorgung zu 100% aus \u00d6kostrom durch Fremdbezug \/ Netzbezug erfolgen muss.<\/p>\n\n\n\n<p><strong><br><\/strong><strong>Umfang und H\u00f6he der<\/strong><strong> <\/strong><strong>F\u00f6rderung<\/strong><\/p>\n\n\n\n<p>150 \u20ac<br><\/p>\n\n\n\n<p><strong>Sonstige<\/strong><strong> <\/strong><strong>F\u00f6rderbestimmungen<\/strong><br>Als \u00d6kostrom gilt Strom, der zu 100 % aus erneuerbaren Energien erzeugt wurde. Der Nachweis erfolgt durch ein geeignetes Zertifikat (z.B. OK Power, Gr\u00fcner Strom Label) des \u00d6kostromprodukts.<br>Die Bonuszahlung wird nur einmalig je Antrag, Geb\u00e4ude und Wohneinheit gew\u00e4hrt und erfolgt nur, wenn der \u00d6kostrom zu 100 % von einem Energieversorgungsunternehmen bezogen wird. W\u00e4rmestrom wird nicht gef\u00f6rdert.<br><\/p>\n\n\n\n<p><strong>B<\/strong><strong>ei Antragstellung<\/strong><strong> <\/strong><strong>einzureichende Unterlagen<\/strong><br>vollst\u00e4ndig ausgef\u00fclltes und unterschriebenes Antragsformular Nachweis des Energieversorgungsunternehmens \u00fcber die Lieferung von 100 % \u00d6kostrom.<\/p>\n\n\n\n<p>Antragsformular: <a href=\"https:\/\/www.neubiberg.de\/ceasy\/resource\/?id=2023&amp;download=1\">https:\/\/www.neubiberg.de\/ceasy\/resource\/?id=2023&amp;download=1<\/a><\/p>\n\n\n\n<p>Richtlinienkatalog: <a href=\"https:\/\/www.neubiberg.de\/ceasy\/resource\/?id=2057&amp;download=1\">https:\/\/www.neubiberg.de\/ceasy\/resource\/?id=2057&amp;download=1<\/a><\/p>","protected":false},"excerpt":{"rendered":"<p>F\u00f6rdergegenstandEinmalige Bonuszahlung beim Umstieg auf 100 % \u00d6kostrom f\u00fcr die Versorgung des gesamten Wohngeb\u00e4udes bzw. aller Wohn- und Gewerbeeinheiten bei privaten Wohngeb\u00e4uden. Antragsberechtigte Privatpersonen (Eigent\u00fcmer, Mieter), WEG, Gewerbetreibende. F\u00f6rdervoraussetzungen100 % \u00d6kostrom, dieser muss mindestens 36 Monate ohne Unterbrechung von demselben Lieferanten bezogen werden. Die Haltedauer von 36 Monaten beginnt mit [&hellip;]<\/p>\n","protected":false},"author":1,"featured_media":0,"parent":2973,"menu_order":0,"comment_status":"closed","ping_status":"closed","template":"","meta":{"footnotes":""},"class_list":["post-3066","page","type-page","status-publish","hentry"],"yoast_head":"<!-- This site is optimized with the Yoast SEO plugin v27.4 - https:\/\/yoast.com\/product\/yoast-seo-wordpress\/ -->\n<title>\u00d6kostrom F\u00f6rderung - Klimaneutral 2035<\/title>\n<meta name=\"robots\" content=\"index, follow, max-snippet:-1, max-image-preview:large, max-video-preview:-1\" \/>\n<link rel=\"canonical\" href=\"https:\/\/klimaneutral2035.de\/en\/oekostrom\/oekostrom-foerderung\/\" \/>\n<meta property=\"og:locale\" content=\"en_US\" \/>\n<meta property=\"og:type\" content=\"article\" \/>\n<meta property=\"og:title\" content=\"\u00d6kostrom F\u00f6rderung - Klimaneutral 2035\" \/>\n<meta property=\"og:description\" content=\"F\u00f6rdergegenstandEinmalige Bonuszahlung beim Umstieg auf 100 % \u00d6kostrom f\u00fcr die Versorgung des gesamten Wohngeb\u00e4udes bzw. aller Wohn- und Gewerbeeinheiten bei privaten Wohngeb\u00e4uden. Antragsberechtigte Privatpersonen (Eigent\u00fcmer, Mieter), WEG, Gewerbetreibende. F\u00f6rdervoraussetzungen100 % \u00d6kostrom, dieser muss mindestens 36 Monate ohne Unterbrechung von demselben Lieferanten bezogen werden. Die Haltedauer von 36 Monaten beginnt mit [&hellip;]\" \/>\n<meta property=\"og:url\" content=\"https:\/\/klimaneutral2035.de\/en\/oekostrom\/oekostrom-foerderung\/\" \/>\n<meta property=\"og:site_name\" content=\"Klimaneutral 2035\" \/>\n<meta property=\"article:publisher\" content=\"https:\/\/www.facebook.com\/Klimaneutral-2035\" \/>\n<meta property=\"article:modified_time\" content=\"2022-03-09T06:30:47+00:00\" \/>\n<meta name=\"twitter:card\" content=\"summary_large_image\" \/>\n<meta name=\"twitter:site\" content=\"@Klimaneutral35\" \/>\n<meta name=\"twitter:label1\" content=\"Est. reading time\" \/>\n\t<meta name=\"twitter:data1\" content=\"1 minute\" \/>\n<script type=\"application\/ld+json\" class=\"yoast-schema-graph\">{\"@context\":\"https:\\\/\\\/schema.org\",\"@graph\":[{\"@type\":\"WebPage\",\"@id\":\"https:\\\/\\\/klimaneutral2035.de\\\/en\\\/oekostrom\\\/oekostrom-foerderung\\\/\",\"url\":\"https:\\\/\\\/klimaneutral2035.de\\\/en\\\/oekostrom\\\/oekostrom-foerderung\\\/\",\"name\":\"\u00d6kostrom F\u00f6rderung - Klimaneutral 2035\",\"isPartOf\":{\"@id\":\"https:\\\/\\\/klimaneutral2035.de\\\/#website\"},\"datePublished\":\"2022-03-09T06:17:58+00:00\",\"dateModified\":\"2022-03-09T06:30:47+00:00\",\"breadcrumb\":{\"@id\":\"https:\\\/\\\/klimaneutral2035.de\\\/en\\\/oekostrom\\\/oekostrom-foerderung\\\/#breadcrumb\"},\"inLanguage\":\"en-US\",\"potentialAction\":[{\"@type\":\"ReadAction\",\"target\":[\"https:\\\/\\\/klimaneutral2035.de\\\/en\\\/oekostrom\\\/oekostrom-foerderung\\\/\"]}]},{\"@type\":\"BreadcrumbList\",\"@id\":\"https:\\\/\\\/klimaneutral2035.de\\\/en\\\/oekostrom\\\/oekostrom-foerderung\\\/#breadcrumb\",\"itemListElement\":[{\"@type\":\"ListItem\",\"position\":1,\"name\":\"Startseite\",\"item\":\"https:\\\/\\\/klimaneutral2035.de\\\/\"},{\"@type\":\"ListItem\",\"position\":2,\"name\":\"\u00d6kostrom\",\"item\":\"https:\\\/\\\/klimaneutral2035.de\\\/en\\\/oekostrom\\\/\"},{\"@type\":\"ListItem\",\"position\":3,\"name\":\"\u00d6kostrom F\u00f6rderung\"}]},{\"@type\":\"WebSite\",\"@id\":\"https:\\\/\\\/klimaneutral2035.de\\\/#website\",\"url\":\"https:\\\/\\\/klimaneutral2035.de\\\/\",\"name\":\"Klimaneutral 2035\",\"description\":\"Eine Initiative f\u00fcr Neubiberg\",\"publisher\":{\"@id\":\"https:\\\/\\\/klimaneutral2035.de\\\/#organization\"},\"potentialAction\":[{\"@type\":\"SearchAction\",\"target\":{\"@type\":\"EntryPoint\",\"urlTemplate\":\"https:\\\/\\\/klimaneutral2035.de\\\/?s={search_term_string}\"},\"query-input\":{\"@type\":\"PropertyValueSpecification\",\"valueRequired\":true,\"valueName\":\"search_term_string\"}}],\"inLanguage\":\"en-US\"},{\"@type\":\"Organization\",\"@id\":\"https:\\\/\\\/klimaneutral2035.de\\\/#organization\",\"name\":\"Klimaneutral 2035\",\"url\":\"https:\\\/\\\/klimaneutral2035.de\\\/\",\"logo\":{\"@type\":\"ImageObject\",\"inLanguage\":\"en-US\",\"@id\":\"https:\\\/\\\/klimaneutral2035.de\\\/#\\\/schema\\\/logo\\\/image\\\/\",\"url\":\"https:\\\/\\\/klimaneutral2035.de\\\/wp-content\\\/uploads\\\/cropped-favicon.png\",\"contentUrl\":\"https:\\\/\\\/klimaneutral2035.de\\\/wp-content\\\/uploads\\\/cropped-favicon.png\",\"width\":512,\"height\":512,\"caption\":\"Klimaneutral 2035\"},\"image\":{\"@id\":\"https:\\\/\\\/klimaneutral2035.de\\\/#\\\/schema\\\/logo\\\/image\\\/\"},\"sameAs\":[\"https:\\\/\\\/www.facebook.com\\\/Klimaneutral-2035\",\"https:\\\/\\\/x.com\\\/Klimaneutral35\",\"https:\\\/\\\/www.instagram.com\\\/klimaneutral_2035\"]}]}<\/script>\n<!-- \/ Yoast SEO plugin. -->","yoast_head_json":{"title":"\u00d6kostrom F\u00f6rderung - Klimaneutral 2035","robots":{"index":"index","follow":"follow","max-snippet":"max-snippet:-1","max-image-preview":"max-image-preview:large","max-video-preview":"max-video-preview:-1"},"canonical":"https:\/\/klimaneutral2035.de\/en\/oekostrom\/oekostrom-foerderung\/","og_locale":"en_US","og_type":"article","og_title":"\u00d6kostrom F\u00f6rderung - Klimaneutral 2035","og_description":"F\u00f6rdergegenstandEinmalige Bonuszahlung beim Umstieg auf 100 % \u00d6kostrom f\u00fcr die Versorgung des gesamten Wohngeb\u00e4udes bzw. aller Wohn- und Gewerbeeinheiten bei privaten Wohngeb\u00e4uden. Antragsberechtigte Privatpersonen (Eigent\u00fcmer, Mieter), WEG, Gewerbetreibende. F\u00f6rdervoraussetzungen100 % \u00d6kostrom, dieser muss mindestens 36 Monate ohne Unterbrechung von demselben Lieferanten bezogen werden. Die Haltedauer von 36 Monaten beginnt mit [&hellip;]","og_url":"https:\/\/klimaneutral2035.de\/en\/oekostrom\/oekostrom-foerderung\/","og_site_name":"Klimaneutral 2035","article_publisher":"https:\/\/www.facebook.com\/Klimaneutral-2035","article_modified_time":"2022-03-09T06:30:47+00:00","twitter_card":"summary_large_image","twitter_site":"@Klimaneutral35","twitter_misc":{"Est. reading time":"1 minute"},"schema":{"@context":"https:\/\/schema.org","@graph":[{"@type":"WebPage","@id":"https:\/\/klimaneutral2035.de\/en\/oekostrom\/oekostrom-foerderung\/","url":"https:\/\/klimaneutral2035.de\/en\/oekostrom\/oekostrom-foerderung\/","name":"\u00d6kostrom F\u00f6rderung - Klimaneutral 2035","isPartOf":{"@id":"https:\/\/klimaneutral2035.de\/#website"},"datePublished":"2022-03-09T06:17:58+00:00","dateModified":"2022-03-09T06:30:47+00:00","breadcrumb":{"@id":"https:\/\/klimaneutral2035.de\/en\/oekostrom\/oekostrom-foerderung\/#breadcrumb"},"inLanguage":"en-US","potentialAction":[{"@type":"ReadAction","target":["https:\/\/klimaneutral2035.de\/en\/oekostrom\/oekostrom-foerderung\/"]}]},{"@type":"BreadcrumbList","@id":"https:\/\/klimaneutral2035.de\/en\/oekostrom\/oekostrom-foerderung\/#breadcrumb","itemListElement":[{"@type":"ListItem","position":1,"name":"Startseite","item":"https:\/\/klimaneutral2035.de\/"},{"@type":"ListItem","position":2,"name":"\u00d6kostrom","item":"https:\/\/klimaneutral2035.de\/en\/oekostrom\/"},{"@type":"ListItem","position":3,"name":"\u00d6kostrom F\u00f6rderung"}]},{"@type":"WebSite","@id":"https:\/\/klimaneutral2035.de\/#website","url":"https:\/\/klimaneutral2035.de\/","name":"Klimaneutral 2035","description":"Eine Initiative f\u00fcr Neubiberg","publisher":{"@id":"https:\/\/klimaneutral2035.de\/#organization"},"potentialAction":[{"@type":"SearchAction","target":{"@type":"EntryPoint","urlTemplate":"https:\/\/klimaneutral2035.de\/?s={search_term_string}"},"query-input":{"@type":"PropertyValueSpecification","valueRequired":true,"valueName":"search_term_string"}}],"inLanguage":"en-US"},{"@type":"Organization","@id":"https:\/\/klimaneutral2035.de\/#organization","name":"Klimaneutral 2035","url":"https:\/\/klimaneutral2035.de\/","logo":{"@type":"ImageObject","inLanguage":"en-US","@id":"https:\/\/klimaneutral2035.de\/#\/schema\/logo\/image\/","url":"https:\/\/klimaneutral2035.de\/wp-content\/uploads\/cropped-favicon.png","contentUrl":"https:\/\/klimaneutral2035.de\/wp-content\/uploads\/cropped-favicon.png","width":512,"height":512,"caption":"Klimaneutral 2035"},"image":{"@id":"https:\/\/klimaneutral2035.de\/#\/schema\/logo\/image\/"},"sameAs":["https:\/\/www.facebook.com\/Klimaneutral-2035","https:\/\/x.com\/Klimaneutral35","https:\/\/www.instagram.com\/klimaneutral_2035"]}]}},"_links":{"self":[{"href":"https:\/\/klimaneutral2035.de\/en\/wp-json\/wp\/v2\/pages\/3066","targetHints":{"allow":["GET"]}}],"collection":[{"href":"https:\/\/klimaneutral2035.de\/en\/wp-json\/wp\/v2\/pages"}],"about":[{"href":"https:\/\/klimaneutral2035.de\/en\/wp-json\/wp\/v2\/types\/page"}],"author":[{"embeddable":true,"href":"https:\/\/klimaneutral2035.de\/en\/wp-json\/wp\/v2\/users\/1"}],"replies":[{"embeddable":true,"href":"https:\/\/klimaneutral2035.de\/en\/wp-json\/wp\/v2\/comments?post=3066"}],"version-history":[{"count":2,"href":"https:\/\/klimaneutral2035.de\/en\/wp-json\/wp\/v2\/pages\/3066\/revisions"}],"predecessor-version":[{"id":3075,"href":"https:\/\/klimaneutral2035.de\/en\/wp-json\/wp\/v2\/pages\/3066\/revisions\/3075"}],"up":[{"embeddable":true,"href":"https:\/\/klimaneutral2035.de\/en\/wp-json\/wp\/v2\/pages\/2973"}],"wp:attachment":[{"href":"https:\/\/klimaneutral2035.de\/en\/wp-json\/wp\/v2\/media?parent=3066"}],"curies":[{"name":"wp","href":"https:\/\/api.w.org\/{rel}","templated":true}]}}