{"id":4557,"date":"2023-06-28T20:28:02","date_gmt":"2023-06-28T18:28:02","guid":{"rendered":"https:\/\/klimaneutral2035.de\/?page_id=4557"},"modified":"2024-02-25T18:04:13","modified_gmt":"2024-02-25T17:04:13","slug":"sofortmassnahmen","status":"publish","type":"page","link":"https:\/\/klimaneutral2035.de\/en\/sofortmassnahmen\/","title":{"rendered":"Vorschl\u00e4ge f\u00fcr Sofortma\u00dfnahmen"},"content":{"rendered":"<div class=\"vc_row wpb_row vc_row-fluid\"><div class=\"wpb_column vc_column_container vc_col-sm-12\"><div class=\"vc_column-inner\"><div class=\"wpb_wrapper\">\n\t<div class=\"wpb_text_column wpb_content_element\" >\n\t\t<div class=\"wpb_wrapper\">\n\t\t\t<p>Hier finden Sie Vorschl\u00e4ge f\u00fcr Sofortma\u00dfnahmen, auf die wir auch in unserem Offenen Brief an den Gemeinderat vom 11.07.2023 hingewiesen haben.<\/p>\n\n\t\t<\/div>\n\t<\/div>\n<div  class=\"clear swmsc_gap\" style=\"margin:30px 0 0 0;\"><\/div><div  class=\"swmsc_toggle_box\"  data-id=\"closed\" >\n\t\t\t\t\t\t<span class=\"swmsc_toggle_box_title\"><span class=\"swmsc_toggle_box_title_icon\"><i class=\"fa fa-code-fork\"><\/i><\/span><span class=\"swmsc_toggle_box_title_text\">Partnerschaft f\u00fcr Fernw\u00e4rme<i class=\"fa fa-plus-square-o openclose\"><\/i><i class=\"fa fa-minus-square-o openclose\"><\/i><\/span><\/span>\n\t\t\t\t\t\t<div class=\"swmsc_toggle_box_inner\">\n\t\t\t\t\t\t\t<p>\n<p>Fernw\u00e4rme aus Tiefengeothermie ist neben der W\u00e4rmepumpe die zweite gro\u00dfe M\u00f6glichkeit <a href=\"https:\/\/www.merkur.de\/lokales\/muenchen-lk\/landkreis-muenchen-geothermie-swm-investiert-rund-milliarde-euro-91640750.html\" target=\"_blank\" rel=\"noopener\">perspektivisch klimaneutral<\/a> zu heizen. In gro\u00dfen Teilen von Neubiberg liegen Fernw\u00e4rmeleitungen, aber leider gibt es kaum Neuanschl\u00fcsse. Viele wollen umsteigen, aber Interessenten berichten uns von unerreichbaren Mitarbeitern der SWM oder vollkommen \u00fcberteuerten Angeboten. Vermutlich liegt der Fokus der SWM aktuell eher auf der Stadt M\u00fcnchen als auf dem Landkreis. Wenn es die Gemeinde Neubiberg nicht schafft, die SWM als Partner f\u00fcr einen z\u00fcgigen und fl\u00e4chigen Ausbau zu gewinnen, der auch wirtschaftlich attraktive Angebote macht, dann sollte sich die Gemeinde Neubiberg &#8211; idealerweise zusammen mit Ottobrunn &#8211; jetzt nach einem anderen Partner umschauen, mit dem sie das Fernw\u00e4rmeangebot in Eigenregie ausbauen kann. Technisch wird daf\u00fcr lediglich eine \u00dcbergabestation mit der SWM ben\u00f6tigt. Andere Gemeinden, wie Vaterstetten und auch Stra\u00dflach-Dingharting, haben das bereits vorgemacht: <a href=\"https:\/\/www.sueddeutsche.de\/muenchen\/ebersberg\/landkreis-ebersberg-vaterstetten-geothermie-1.5848960\">Geothermie und Nahw\u00e4rmenetz in Vaterstetten<\/a> &#8211; <a href=\"https:\/\/www.landkreis-muenchen.de\/fileadmin\/files\/news\/Kommunale_Klimakonferenz_2023\/Klimakonferenz_2023_Praesentation_Infrastrukturgesellschaft_Strasslach.pdf\">Nahw\u00e4rmeversorgung Stra\u00dflach-Dingharting<\/a><\/p>\n<p>Es ist nicht notwendig auf das Ergebnis des Teilenergienutzungsplans W\u00e4rme zu warten. Es ist klar, dass Fernw\u00e4rme f\u00fcr die W\u00e4rmewende bei uns eine zentrale Rolle spielen kann. Schon der Energienutzungsplan des Landkreises zeigt das Potenzial auf. Wir m\u00fcssen noch nicht mal von vorne anfangen, die Hauptleitungen liegen schon. Energieversorgung geh\u00f6rt zur kommunalen Daseinsf\u00fcrsorge und in Zeiten der Energie- und Klimakrise ben\u00f6tigen die B\u00fcrgerinnen und B\u00fcrger sofort L\u00f6sungen. Schauen Sie auch mal in die Democy App &#8211; die Aussagen sind eindeutig.<br \/>\n<\/p>\n\t\t\t\t\t\t<\/div>\n\t\t\t\t\t<\/div><div  class=\"swmsc_toggle_box\"  data-id=\"closed\" >\n\t\t\t\t\t\t<span class=\"swmsc_toggle_box_title\"><span class=\"swmsc_toggle_box_title_icon\"><i class=\"fa fa-bus\"><\/i><\/span><span class=\"swmsc_toggle_box_title_text\">Echtes Klimaticket<i class=\"fa fa-plus-square-o openclose\"><\/i><i class=\"fa fa-minus-square-o openclose\"><\/i><\/span><\/span>\n\t\t\t\t\t\t<div class=\"swmsc_toggle_box_inner\">\n\t\t\t\t\t\t\tJeden Morgen stehen die Autos an den Neubiberger Schulen Schlange, insbesondere wenn es mal regnet. Jeden Samstag dr\u00e4ngeln sich die Autos im Neubiberger &#8222;Zentrum&#8220;. Wir brauchen mehr niedrigschwellige Anreize, den \u00f6ffentlichen Nahverkehr zu nutzen. Wie w\u00e4re es, wenn jeder innerhalb Neubiberg (idealerweise bis Neuperlach S\u00fcd) kostenlos mit dem Bus fahren k\u00f6nnte ohne Kontrollen? In Bayern machen es Pfaffenhofen, Augsburg und Erlangen bereits vor: <a href=\"https:\/\/stadtbus-pfaffenhofen.de\/\">Kostenloser Stadtbus Pfaffenhofen<\/a> &#8211; <a href=\"https:\/\/www.sw-augsburg.de\/magazin\/detail\/gratis-durch-die-city-zone\/\" target=\"_blank\" rel=\"noopener\">Gratis durch die City in Augsburg<\/a> &#8211;\u00a0<a href=\"https:\/\/www.br.de\/nachrichten\/bayern\/kein-ticket-ab-2024-erlangen-beschliesst-kostenlosen-nahverkehr,Tig0mwv\">Erlangen beschlie\u00dft kostenlosen Nahverkehr<\/a><\/p>\n<p>Alternativ, wie w\u00e4re die Realisierung eines echten Klimaticket zumindest f\u00fcr Neubiberger B\u00fcrgerinnen und B\u00fcrger, das jedem in Neubiberg kostenlose Busfahrten erm\u00f6glicht?\u00a0 Immer &#8211; ohne Anmeldung, ohne Abholung und nicht erst ab 9 Uhr, wie das aktuelle &#8222;sogenannte Klimaticket&#8220;.\n\t\t\t\t\t\t<\/div>\n\t\t\t\t\t<\/div><div  class=\"swmsc_toggle_box\"  data-id=\"closed\" >\n\t\t\t\t\t\t<span class=\"swmsc_toggle_box_title\"><span class=\"swmsc_toggle_box_title_icon\"><i class=\"fa fa-car\"><\/i><\/span><span class=\"swmsc_toggle_box_title_text\">Ausbau E-Lades\u00e4ulen<i class=\"fa fa-plus-square-o openclose\"><\/i><i class=\"fa fa-minus-square-o openclose\"><\/i><\/span><\/span>\n\t\t\t\t\t\t<div class=\"swmsc_toggle_box_inner\">\n\t\t\t\t\t\t\t<p>\n<p>Die bestehenden Lades\u00e4ulen sind l\u00e4ngst ausgelastet und decken nur einen kleinen Teil Neubiberg ab. Die Verkehrswende besteht nicht nur aus E-Autos, aber diese werden eine wichtige Rolle spielen. Deswegen sollten wir auch daf\u00fcr die Rahmenbedingungen schaffen und die Lades\u00e4ulen gerade dort ausbauen, wo Menschen nicht die M\u00f6glichkeit haben, sich eine eigenen Wallbox zu installieren.<\/p>\n<\/p>\n\t\t\t\t\t\t<\/div>\n\t\t\t\t\t<\/div><div  class=\"swmsc_toggle_box\"  data-id=\"closed\" >\n\t\t\t\t\t\t<span class=\"swmsc_toggle_box_title\"><span class=\"swmsc_toggle_box_title_icon\"><i class=\"fa fa-bicycle\"><\/i><\/span><span class=\"swmsc_toggle_box_title_text\">Umsetzung Radverkehrskonzept<i class=\"fa fa-plus-square-o openclose\"><\/i><i class=\"fa fa-minus-square-o openclose\"><\/i><\/span><\/span>\n\t\t\t\t\t\t<div class=\"swmsc_toggle_box_inner\">\n\t\t\t\t\t\t\t<p>\n<p>Das <a href=\"https:\/\/www.neubiberg.de\/de\/Wirtschaft-Mobilitaet\/Mobilitaet\/Radverkehrskonzept\" target=\"_blank\" rel=\"noopener\">Radverkehrskonzept f\u00fcr Neubiberg<\/a> wurde bereits 2014 erstellt, aber es ist f\u00fcr Au\u00dfenstehende nicht erkennbar, was die konkreten Ma\u00dfnahmen sind und was davon schon konkret umgesetzt wurde. Um das Radfahren attraktiver zu machen, w\u00e4re es doch sinnvoll das bereits beschlossene Konzept transparent zu machen, den Umsetzungsstatus anzuzeigen und den Rest einfach umzusetzen. Da das Konzept nun bald 10-j\u00e4hriges Jubil\u00e4um feiert, gibt es sicherlich auch noch neuere Ideen, wie den Verleih von Lastenr\u00e4dern. Alles eine Frage der Ressourcen und der Priorisierung.<\/p>\n<\/p>\n\t\t\t\t\t\t<\/div>\n\t\t\t\t\t<\/div><div  class=\"swmsc_toggle_box\"  data-id=\"closed\" >\n\t\t\t\t\t\t<span class=\"swmsc_toggle_box_title\"><span class=\"swmsc_toggle_box_title_icon\"><i class=\"fa fa-edit\"><\/i><\/span><span class=\"swmsc_toggle_box_title_text\">Vereinfachte F\u00f6rderbedingungen<i class=\"fa fa-plus-square-o openclose\"><\/i><i class=\"fa fa-minus-square-o openclose\"><\/i><\/span><\/span>\n\t\t\t\t\t\t<div class=\"swmsc_toggle_box_inner\">\n\t\t\t\t\t\t\t<p>\n<p>Neubiberg hat ein tolles Klimaschutzf\u00f6rderprogramm, das aber trotzdem noch verbessert und entb\u00fcrokratisiert werden kann. Die F\u00f6rdervoraussetzung f\u00fcr W\u00e4rmepumpen sollten an jene der BAFA (bzw. an die Bedingungen des Bundes) gekoppelt werden, damit die Leute nicht an zwei F\u00f6rderantr\u00e4gen verzweifeln m\u00fcssen. Wir sollten die Wirtschaftlichkeitsberechnungen f\u00fcr Steckersolaranlagen, Photovoltaikanlagen und W\u00e4rmepumpen abschaffen, denn der Nutzen dieser Berechnung ist meist Makulatur, und eine solche Investitionen macht niemand nur zum Spa\u00df &#8211; dem Klima hilft es in jedem Fall.<\/p>\n<p>Wir helfen gerne, die F\u00f6rderbedingungen auf das Wesentliche zu reduzieren und damit auch Aufwand in der Verwaltung einzusparen und den B\u00fcrgerinnen und B\u00fcrgern graue Haare zu ersparen.<\/p>\n<\/p>\n\t\t\t\t\t\t<\/div>\n\t\t\t\t\t<\/div><div  class=\"swmsc_toggle_box\"  data-id=\"closed\" >\n\t\t\t\t\t\t<span class=\"swmsc_toggle_box_title\"><span class=\"swmsc_toggle_box_title_icon\"><i class=\"fa fa-leaf\"><\/i><\/span><span class=\"swmsc_toggle_box_title_text\">Nachhaltige Beschaffungsregeln<i class=\"fa fa-plus-square-o openclose\"><\/i><i class=\"fa fa-minus-square-o openclose\"><\/i><\/span><\/span>\n\t\t\t\t\t\t<div class=\"swmsc_toggle_box_inner\">\n\t\t\t\t\t\t\t<p>\n<p>Die Gemeinde Neubiberg hat beschlossen, dass die kommunalen Liegenschaften und die Verwaltung bereits 2030 klimaneutral sein soll. Dazu geh\u00f6ren auch nachhaltige Beschaffungsregeln. Das BMUV bietet dazu <a href=\"https:\/\/www.bmuv.de\/themen\/nachhaltigkeit\/konsum-und-produkte\/umweltfreundliche-beschaffung\/ueberblick-umweltfreundliche-beschaffung\" target=\"_blank\" rel=\"noopener\">diverse Materialien<\/a> an.<\/p>\n<\/p>\n\t\t\t\t\t\t<\/div>\n\t\t\t\t\t<\/div><div  class=\"swmsc_toggle_box\"  data-id=\"closed\" >\n\t\t\t\t\t\t<span class=\"swmsc_toggle_box_title\"><span class=\"swmsc_toggle_box_title_icon\"><i class=\"fa fa-home\"><\/i><\/span><span class=\"swmsc_toggle_box_title_text\">Musterh\u00e4user f\u00fcr Heizl\u00f6sungen<i class=\"fa fa-plus-square-o openclose\"><\/i><i class=\"fa fa-minus-square-o openclose\"><\/i><\/span><\/span>\n\t\t\t\t\t\t<div class=\"swmsc_toggle_box_inner\">\n\t\t\t\t\t\t\t<p>\n<p>Immer wieder wird von Installateuren behauptet, dass eine W\u00e4rmepumpe oder ein Fernw\u00e4rmeanschluss in einem bestimmten Quartier technisch nicht machbar ist, obwohl es bereits Menschen gibt, die das genau so schon umgesetzt haben. Klimaneutral 2035 vermittelt zwar immer wieder Interessenten mit diesen Menschen, aber noch besser w\u00e4re es, wenn es in den verschiedenen Quartieren Musterh\u00e4user f\u00fcr L\u00f6sungen g\u00e4be. Die Gemeinde kann dann regelm\u00e4\u00dfig darauf hinweisen, z.B. in der Nanu oder auf der Webseite.<\/p>\n<\/p>\n\t\t\t\t\t\t<\/div>\n\t\t\t\t\t<\/div><div  class=\"swmsc_toggle_box\"  data-id=\"closed\" >\n\t\t\t\t\t\t<span class=\"swmsc_toggle_box_title\"><span class=\"swmsc_toggle_box_title_icon\"><i class=\"fa fa-bolt\"><\/i><\/span><span class=\"swmsc_toggle_box_title_text\">Wattbewerb<i class=\"fa fa-plus-square-o openclose\"><\/i><i class=\"fa fa-minus-square-o openclose\"><\/i><\/span><\/span>\n\t\t\t\t\t\t<div class=\"swmsc_toggle_box_inner\">\n\t\t\t\t\t\t\t<p>\n<p><a href=\"https:\/\/wattbewerb.de\/info\/wattbewerb-kurz-erklaert\/\" target=\"_blank\" rel=\"noopener\">Wattbewerb<\/a> ist ein Wettbewerb f\u00fcr St\u00e4dte und Gemeinden, bei dem es um den beschleunigten Ausbau von Photovoltaik geht. Eine \u00d6ffentlichkeitsma\u00dfnahme, die keinen Aufwand und kein Geld kostet.<\/p>\n<\/p>\n\t\t\t\t\t\t<\/div>\n\t\t\t\t\t<\/div><div  class=\"swmsc_toggle_box\"  data-id=\"closed\" >\n\t\t\t\t\t\t<span class=\"swmsc_toggle_box_title\"><span class=\"swmsc_toggle_box_title_icon\"><i class=\"fa fa-area-chart\"><\/i><\/span><span class=\"swmsc_toggle_box_title_text\">Energie Monitor<i class=\"fa fa-plus-square-o openclose\"><\/i><i class=\"fa fa-minus-square-o openclose\"><\/i><\/span><\/span>\n\t\t\t\t\t\t<div class=\"swmsc_toggle_box_inner\">\n\t\t\t\t\t\t\t<p>\n<p>Den EnergieMonitor des Bayernwerks haben wir schon vor einem Jahr vorgeschlagen: <a href=\"https:\/\/klimaneutral2035.de\/en\/blog\/2022\/04\/24\/energiemonitor-fuer-neubiberg\/\" target=\"_blank\" rel=\"noopener\">https:\/\/klimaneutral2035.de\/blog\/2022\/04\/24\/energiemonitor-fuer-neubiberg\/<\/a><\/p>\n<p>Integriert auf der Webseite der Gemeinde k\u00f6nnten B\u00fcrgerinnen und B\u00fcrger sehen, wie die aktuellen Energieverbr\u00e4uche in der Gemeinde sind, wie der erneuerbare Anteil ist und wie sie sich \u00fcber die Zeit entwickeln.<\/p>\n<p>Noch interessanter ist der Monitor f\u00fcr das kommunale Klimaschutzmanagement, weil sich so die Fortschritte zumindest teilweise messen lassen.<\/p>\n<\/p>\n\t\t\t\t\t\t<\/div>\n\t\t\t\t\t<\/div><\/div><\/div><\/div><\/div>","protected":false},"excerpt":{"rendered":"Hier finden Sie Vorschl\u00e4ge f\u00fcr Sofortma\u00dfnahmen, auf die wir auch in unserem Offenen Brief an den Gemeinderat vom 11.07.2023 hingewiesen haben. Partnerschaft f\u00fcr Fernw\u00e4rme Fernw\u00e4rme aus Tiefengeothermie ist neben der W\u00e4rmepumpe die zweite gro\u00dfe M\u00f6glichkeit perspektivisch klimaneutral zu heizen. In gro\u00dfen Teilen von Neubiberg liegen Fernw\u00e4rmeleitungen, aber leider gibt es [...]","protected":false},"author":1,"featured_media":0,"parent":0,"menu_order":0,"comment_status":"closed","ping_status":"closed","template":"","meta":{"footnotes":""},"class_list":["post-4557","page","type-page","status-publish","hentry"],"yoast_head":"<!-- This site is optimized with the Yoast SEO plugin v27.4 - https:\/\/yoast.com\/product\/yoast-seo-wordpress\/ -->\n<title>Vorschl\u00e4ge f\u00fcr Sofortma\u00dfnahmen - Klimaneutral 2035<\/title>\n<meta name=\"robots\" content=\"index, follow, max-snippet:-1, max-image-preview:large, max-video-preview:-1\" \/>\n<link rel=\"canonical\" href=\"https:\/\/klimaneutral2035.de\/en\/sofortmassnahmen\/\" \/>\n<meta property=\"og:locale\" content=\"en_US\" \/>\n<meta property=\"og:type\" content=\"article\" \/>\n<meta property=\"og:title\" content=\"Vorschl\u00e4ge f\u00fcr Sofortma\u00dfnahmen - Klimaneutral 2035\" \/>\n<meta property=\"og:url\" content=\"https:\/\/klimaneutral2035.de\/en\/sofortmassnahmen\/\" \/>\n<meta property=\"og:site_name\" content=\"Klimaneutral 2035\" \/>\n<meta property=\"article:publisher\" content=\"https:\/\/www.facebook.com\/Klimaneutral-2035\" \/>\n<meta property=\"article:modified_time\" content=\"2024-02-25T17:04:13+00:00\" \/>\n<meta name=\"twitter:card\" content=\"summary_large_image\" \/>\n<meta name=\"twitter:site\" content=\"@Klimaneutral35\" \/>\n<meta name=\"twitter:label1\" content=\"Est. reading time\" \/>\n\t<meta name=\"twitter:data1\" content=\"5 minutes\" \/>\n<script type=\"application\/ld+json\" class=\"yoast-schema-graph\">{\"@context\":\"https:\\\/\\\/schema.org\",\"@graph\":[{\"@type\":\"WebPage\",\"@id\":\"https:\\\/\\\/klimaneutral2035.de\\\/sofortmassnahmen\\\/\",\"url\":\"https:\\\/\\\/klimaneutral2035.de\\\/sofortmassnahmen\\\/\",\"name\":\"Vorschl\u00e4ge f\u00fcr Sofortma\u00dfnahmen - Klimaneutral 2035\",\"isPartOf\":{\"@id\":\"https:\\\/\\\/klimaneutral2035.de\\\/#website\"},\"datePublished\":\"2023-06-28T18:28:02+00:00\",\"dateModified\":\"2024-02-25T17:04:13+00:00\",\"breadcrumb\":{\"@id\":\"https:\\\/\\\/klimaneutral2035.de\\\/sofortmassnahmen\\\/#breadcrumb\"},\"inLanguage\":\"en-US\",\"potentialAction\":[{\"@type\":\"ReadAction\",\"target\":[\"https:\\\/\\\/klimaneutral2035.de\\\/sofortmassnahmen\\\/\"]}]},{\"@type\":\"BreadcrumbList\",\"@id\":\"https:\\\/\\\/klimaneutral2035.de\\\/sofortmassnahmen\\\/#breadcrumb\",\"itemListElement\":[{\"@type\":\"ListItem\",\"position\":1,\"name\":\"Startseite\",\"item\":\"https:\\\/\\\/klimaneutral2035.de\\\/\"},{\"@type\":\"ListItem\",\"position\":2,\"name\":\"Vorschl\u00e4ge f\u00fcr Sofortma\u00dfnahmen\"}]},{\"@type\":\"WebSite\",\"@id\":\"https:\\\/\\\/klimaneutral2035.de\\\/#website\",\"url\":\"https:\\\/\\\/klimaneutral2035.de\\\/\",\"name\":\"Klimaneutral 2035\",\"description\":\"Eine Initiative f\u00fcr Neubiberg\",\"publisher\":{\"@id\":\"https:\\\/\\\/klimaneutral2035.de\\\/#organization\"},\"potentialAction\":[{\"@type\":\"SearchAction\",\"target\":{\"@type\":\"EntryPoint\",\"urlTemplate\":\"https:\\\/\\\/klimaneutral2035.de\\\/?s={search_term_string}\"},\"query-input\":{\"@type\":\"PropertyValueSpecification\",\"valueRequired\":true,\"valueName\":\"search_term_string\"}}],\"inLanguage\":\"en-US\"},{\"@type\":\"Organization\",\"@id\":\"https:\\\/\\\/klimaneutral2035.de\\\/#organization\",\"name\":\"Klimaneutral 2035\",\"url\":\"https:\\\/\\\/klimaneutral2035.de\\\/\",\"logo\":{\"@type\":\"ImageObject\",\"inLanguage\":\"en-US\",\"@id\":\"https:\\\/\\\/klimaneutral2035.de\\\/#\\\/schema\\\/logo\\\/image\\\/\",\"url\":\"https:\\\/\\\/klimaneutral2035.de\\\/wp-content\\\/uploads\\\/cropped-favicon.png\",\"contentUrl\":\"https:\\\/\\\/klimaneutral2035.de\\\/wp-content\\\/uploads\\\/cropped-favicon.png\",\"width\":512,\"height\":512,\"caption\":\"Klimaneutral 2035\"},\"image\":{\"@id\":\"https:\\\/\\\/klimaneutral2035.de\\\/#\\\/schema\\\/logo\\\/image\\\/\"},\"sameAs\":[\"https:\\\/\\\/www.facebook.com\\\/Klimaneutral-2035\",\"https:\\\/\\\/x.com\\\/Klimaneutral35\",\"https:\\\/\\\/www.instagram.com\\\/klimaneutral_2035\"]}]}<\/script>\n<!-- \/ Yoast SEO plugin. -->","yoast_head_json":{"title":"Vorschl\u00e4ge f\u00fcr Sofortma\u00dfnahmen - Klimaneutral 2035","robots":{"index":"index","follow":"follow","max-snippet":"max-snippet:-1","max-image-preview":"max-image-preview:large","max-video-preview":"max-video-preview:-1"},"canonical":"https:\/\/klimaneutral2035.de\/en\/sofortmassnahmen\/","og_locale":"en_US","og_type":"article","og_title":"Vorschl\u00e4ge f\u00fcr Sofortma\u00dfnahmen - Klimaneutral 2035","og_url":"https:\/\/klimaneutral2035.de\/en\/sofortmassnahmen\/","og_site_name":"Klimaneutral 2035","article_publisher":"https:\/\/www.facebook.com\/Klimaneutral-2035","article_modified_time":"2024-02-25T17:04:13+00:00","twitter_card":"summary_large_image","twitter_site":"@Klimaneutral35","twitter_misc":{"Est. reading time":"5 minutes"},"schema":{"@context":"https:\/\/schema.org","@graph":[{"@type":"WebPage","@id":"https:\/\/klimaneutral2035.de\/sofortmassnahmen\/","url":"https:\/\/klimaneutral2035.de\/sofortmassnahmen\/","name":"Vorschl\u00e4ge f\u00fcr Sofortma\u00dfnahmen - Klimaneutral 2035","isPartOf":{"@id":"https:\/\/klimaneutral2035.de\/#website"},"datePublished":"2023-06-28T18:28:02+00:00","dateModified":"2024-02-25T17:04:13+00:00","breadcrumb":{"@id":"https:\/\/klimaneutral2035.de\/sofortmassnahmen\/#breadcrumb"},"inLanguage":"en-US","potentialAction":[{"@type":"ReadAction","target":["https:\/\/klimaneutral2035.de\/sofortmassnahmen\/"]}]},{"@type":"BreadcrumbList","@id":"https:\/\/klimaneutral2035.de\/sofortmassnahmen\/#breadcrumb","itemListElement":[{"@type":"ListItem","position":1,"name":"Startseite","item":"https:\/\/klimaneutral2035.de\/"},{"@type":"ListItem","position":2,"name":"Vorschl\u00e4ge f\u00fcr Sofortma\u00dfnahmen"}]},{"@type":"WebSite","@id":"https:\/\/klimaneutral2035.de\/#website","url":"https:\/\/klimaneutral2035.de\/","name":"Klimaneutral 2035","description":"Eine Initiative f\u00fcr Neubiberg","publisher":{"@id":"https:\/\/klimaneutral2035.de\/#organization"},"potentialAction":[{"@type":"SearchAction","target":{"@type":"EntryPoint","urlTemplate":"https:\/\/klimaneutral2035.de\/?s={search_term_string}"},"query-input":{"@type":"PropertyValueSpecification","valueRequired":true,"valueName":"search_term_string"}}],"inLanguage":"en-US"},{"@type":"Organization","@id":"https:\/\/klimaneutral2035.de\/#organization","name":"Klimaneutral 2035","url":"https:\/\/klimaneutral2035.de\/","logo":{"@type":"ImageObject","inLanguage":"en-US","@id":"https:\/\/klimaneutral2035.de\/#\/schema\/logo\/image\/","url":"https:\/\/klimaneutral2035.de\/wp-content\/uploads\/cropped-favicon.png","contentUrl":"https:\/\/klimaneutral2035.de\/wp-content\/uploads\/cropped-favicon.png","width":512,"height":512,"caption":"Klimaneutral 2035"},"image":{"@id":"https:\/\/klimaneutral2035.de\/#\/schema\/logo\/image\/"},"sameAs":["https:\/\/www.facebook.com\/Klimaneutral-2035","https:\/\/x.com\/Klimaneutral35","https:\/\/www.instagram.com\/klimaneutral_2035"]}]}},"_links":{"self":[{"href":"https:\/\/klimaneutral2035.de\/en\/wp-json\/wp\/v2\/pages\/4557","targetHints":{"allow":["GET"]}}],"collection":[{"href":"https:\/\/klimaneutral2035.de\/en\/wp-json\/wp\/v2\/pages"}],"about":[{"href":"https:\/\/klimaneutral2035.de\/en\/wp-json\/wp\/v2\/types\/page"}],"author":[{"embeddable":true,"href":"https:\/\/klimaneutral2035.de\/en\/wp-json\/wp\/v2\/users\/1"}],"replies":[{"embeddable":true,"href":"https:\/\/klimaneutral2035.de\/en\/wp-json\/wp\/v2\/comments?post=4557"}],"version-history":[{"count":10,"href":"https:\/\/klimaneutral2035.de\/en\/wp-json\/wp\/v2\/pages\/4557\/revisions"}],"predecessor-version":[{"id":4790,"href":"https:\/\/klimaneutral2035.de\/en\/wp-json\/wp\/v2\/pages\/4557\/revisions\/4790"}],"wp:attachment":[{"href":"https:\/\/klimaneutral2035.de\/en\/wp-json\/wp\/v2\/media?parent=4557"}],"curies":[{"name":"wp","href":"https:\/\/api.w.org\/{rel}","templated":true}]}}